{"id":48783,"date":"2025-03-18T19:15:01","date_gmt":"2025-03-18T19:15:01","guid":{"rendered":"https:\/\/senabel.com\/?post_type=product&#038;p=48783"},"modified":"2026-02-06T21:59:49","modified_gmt":"2026-02-06T21:59:49","slug":"mandelkram-1kg","status":"publish","type":"product","link":"https:\/\/senabel.com\/sv\/product\/%d9%83%d8%b1%d9%8a%d9%85%d8%a9-%d8%a7%d9%84%d9%84%d9%88%d8%b2-1%d9%83%d8%ba\/","title":{"rendered":"Mandelkr\u00e4m 1kg"},"content":{"rendered":"<p data-start=\"39\" data-end=\"243\">Njut av en lyxig italiensk mandelkr\u00e4m, gjord med <strong data-start=\"109\" data-end=\"125\">45% Mandel<\/strong>F\u00f6r en rik, kr\u00e4mig konsistens och en distinkt naturlig smak. Perfekt att breda p\u00e5 br\u00f6d, till desserter eller som ett smakrikt tillskott i dina egna recept.<\/p>\n<p data-start=\"245\" data-end=\"640\"><strong data-start=\"248\" data-end=\"261\">Funktioner:<\/strong><br data-start=\"261\" data-end=\"264\" \/>\u2714 Inneh\u00e5ller <strong data-start=\"276\" data-end=\"287\">45% Mandel<\/strong> F\u00f6r en rik och naturlig smak.<br data-start=\"305\" data-end=\"308\" \/>\u2714 <strong data-start=\"310\" data-end=\"333\" data-is-only-node=\"\">Fri fr\u00e5n palmolja<\/strong> - Ett h\u00e4lsosamt och v\u00e4lsmakande alternativ.<br data-start=\"351\" data-end=\"354\" \/>\u2714 <strong data-start=\"356\" data-end=\"378\">Gelatinfri<\/strong> - L\u00e4mplig f\u00f6r vegetarianer.<br data-start=\"398\" data-end=\"401\" \/>\u2714 <strong data-start=\"403\" data-end=\"423\">Glutenfri<\/strong> - L\u00e4mplig f\u00f6r personer med f\u00f6do\u00e4mnesallergier.<br data-start=\"455\" data-end=\"458\" \/>\u2714 Tillverkad av <strong data-start=\"470\" data-end=\"496\">Icke-hydrerade vegetabiliska oljor<\/strong> Till exempel solrosolja och kakaosm\u00f6r.<br data-start=\"530\" data-end=\"533\" \/>\u2714 Inneh\u00e5ller <strong data-start=\"545\" data-end=\"574\">Extra jungfruolivolja<\/strong> F\u00f6r mer n\u00e4ringsv\u00e4rde.<br data-start=\"600\" data-end=\"603\" \/>\u2714 <strong data-start=\"605\" data-end=\"625\">Italiensk lyxprodukt<\/strong> Med h\u00f6g kvalitet.<\/p>\n<p data-start=\"642\" data-end=\"665\"><strong data-start=\"645\" data-end=\"663\">Produktinformation:<\/strong><\/p>\n<ul data-start=\"666\" data-end=\"956\">\n<li data-start=\"666\" data-end=\"843\"><strong data-start=\"668\" data-end=\"681\">Ingredienser:<\/strong> Mandel (45%), socker, mj\u00f6lkpulver, vasslepulver, icke-hydrerade vegetabiliska oljor (solrosolja, kakaosm\u00f6r), extra jungfruolivolja, emulgeringsmedel (sojalecitin), naturliga aromer.<\/li>\n<li data-start=\"902\" data-end=\"922\"><strong data-start=\"904\" data-end=\"914\">Vikt:<\/strong> 1 kg.<\/li>\n<li data-start=\"923\" data-end=\"956\"><strong data-start=\"925\" data-end=\"940\">Ursprungsland:<\/strong> Italien \ud83c\uddee\ud83c\uddf9.<\/li>\n<\/ul>\n<p data-start=\"958\" data-end=\"1025\" data-is-last-node=\"\" data-is-only-node=\"\">\u00a0<strong data-start=\"961\" data-end=\"1022\">Anv\u00e4nd den i dina vardagsrecept f\u00f6r att f\u00e5 en lyxig och h\u00e4lsosam kr\u00e4mig smak<\/strong><\/p>","protected":false},"excerpt":{"rendered":"<p>Njut av en lyxig italiensk mandelkr\u00e4m, gjord med <strong data-start=\"109\" data-end=\"125\">45% Mandel<\/strong>F\u00f6r en rik, kr\u00e4mig konsistens och en distinkt naturlig smak. Perfekt att breda p\u00e5 br\u00f6d, till desserter eller som ett smakrikt tillskott i dina egna recept.<\/p>","protected":false},"featured_media":48784,"template":"","meta":[],"product_brand":[],"product_cat":[347,227,349,304],"product_tag":[],"class_list":{"0":"post-48783","1":"product","2":"type-product","3":"status-publish","4":"has-post-thumbnail","6":"product_cat-347","7":"product_cat-227","8":"product_cat-349","9":"product_cat-304","11":"first","12":"outofstock","13":"sale","14":"taxable","15":"shipping-taxable","16":"purchasable","17":"product-type-simple"},"_links":{"self":[{"href":"https:\/\/senabel.com\/sv\/wp-json\/wp\/v2\/product\/48783","targetHints":{"allow":["GET"]}}],"collection":[{"href":"https:\/\/senabel.com\/sv\/wp-json\/wp\/v2\/product"}],"about":[{"href":"https:\/\/senabel.com\/sv\/wp-json\/wp\/v2\/types\/product"}],"version-history":[{"count":1,"href":"https:\/\/senabel.com\/sv\/wp-json\/wp\/v2\/product\/48783\/revisions"}],"predecessor-version":[{"id":48785,"href":"https:\/\/senabel.com\/sv\/wp-json\/wp\/v2\/product\/48783\/revisions\/48785"}],"wp:featuredmedia":[{"embeddable":true,"href":"https:\/\/senabel.com\/sv\/wp-json\/wp\/v2\/media\/48784"}],"wp:attachment":[{"href":"https:\/\/senabel.com\/sv\/wp-json\/wp\/v2\/media?parent=48783"}],"wp:term":[{"taxonomy":"product_brand","embeddable":true,"href":"https:\/\/senabel.com\/sv\/wp-json\/wp\/v2\/product_brand?post=48783"},{"taxonomy":"product_cat","embeddable":true,"href":"https:\/\/senabel.com\/sv\/wp-json\/wp\/v2\/product_cat?post=48783"},{"taxonomy":"product_tag","embeddable":true,"href":"https:\/\/senabel.com\/sv\/wp-json\/wp\/v2\/product_tag?post=48783"}],"curies":[{"name":"wp","href":"https:\/\/api.w.org\/{rel}","templated":true}]}}