{"id":48452,"date":"2025-03-13T13:51:51","date_gmt":"2025-03-13T13:51:51","guid":{"rendered":"https:\/\/senabel.com\/?post_type=product&#038;p=48452"},"modified":"2025-04-06T12:45:58","modified_gmt":"2025-04-06T12:45:58","slug":"pistaschrosor-450g-tamarind-present-500","status":"publish","type":"product","link":"https:\/\/senabel.com\/sv\/product\/%d9%88%d8%b1%d8%af%d8%a7%d8%aa-%d8%a8%d8%a7%d9%84%d9%81%d8%b3%d8%aa%d9%82-%d8%a7%d9%84%d8%ad%d9%84%d8%a8%d9%8a-450%d8%ba-%d9%87%d8%af%d9%8a%d8%a9-%d8%aa%d9%85%d8%b1-%d9%87%d9%86%d8%af%d9%8a-500\/","title":{"rendered":"Pistachio Roses 450g + Tamarind Gift 500g"},"content":{"rendered":"<p data-start=\"37\" data-end=\"264\">En lyxig orientalisk dessert som kombinerar s\u00f6tman fr\u00e5n torkade aprikoser fyllda med de finaste pistagen\u00f6tterna f\u00f6r en unik upplevelse av rik smak och mjuk konsistens. Perfekt att servera vid speciella tillf\u00e4llen eller som en uts\u00f6kt dessert efter maten.<\/p>\n<p data-start=\"266\" data-end=\"533\"><strong data-start=\"269\" data-end=\"282\">Funktioner:<\/strong><br data-start=\"282\" data-end=\"285\" \/>Lyxiga torkade aprikoser fyllda med h\u00f6gkvalitativa pistagen\u00f6tter.<br data-start=\"330\" data-end=\"333\" \/>\u2714 Rik smak och en perfekt kombination av s\u00f6tma och krispighet.<br data-start=\"376\" data-end=\"379\" \/>\u2714 Perfekt att ge bort vid evenemang eller som en lyxig present.<br data-start=\"425\" data-end=\"428\" \/>\u2714 Fri fr\u00e5n konserveringsmedel och artificiella f\u00e4rg\u00e4mnen.<br data-start=\"473\" data-end=\"476\" \/>\u2714 Omsorgsfullt f\u00f6rpackad f\u00f6r att bevara f\u00e4rskhet och ursprunglig smak.<\/p>\n<p data-start=\"535\" data-end=\"558\"><strong data-start=\"538\" data-end=\"556\">Produktinformation:<\/strong><\/p>\n<ul data-start=\"559\" data-end=\"710\">\n<li data-start=\"559\" data-end=\"583\"><strong data-start=\"561\" data-end=\"571\">Vikt:<\/strong> 450 gram.<\/li>\n<li data-start=\"584\" data-end=\"634\"><strong data-start=\"586\" data-end=\"599\">Ingredienser:<\/strong> Torkade aprikoser, pistagen\u00f6tter, naturligt socker.<\/li>\n<li data-start=\"635\" data-end=\"710\"><strong data-start=\"637\" data-end=\"653\">S\u00e4ttet att spara:<\/strong> F\u00f6rvaras svalt, torrt och skyddat fr\u00e5n direkt solljus.<\/li>\n<\/ul>\n<p data-start=\"712\" data-end=\"765\" data-is-last-node=\"\" data-is-only-node=\"\"><strong data-start=\"715\" data-end=\"761\">Njut av autentiska orientaliska smaker och oemotst\u00e5ndliga smaker<\/strong><\/p>","protected":false},"excerpt":{"rendered":"<p>K\u00f6p 450 g pistagerosor och f\u00e5 en 500 g tamarindg\u00e5va gratis<\/p>","protected":false},"featured_media":48149,"template":"","meta":[],"product_brand":[],"product_cat":[349,299,227,367,347],"product_tag":[],"class_list":{"0":"post-48452","1":"product","2":"type-product","3":"status-publish","4":"has-post-thumbnail","6":"product_cat-349","7":"product_cat-299","8":"product_cat-227","9":"product_cat-367","10":"product_cat-347","12":"first","13":"outofstock","14":"featured","15":"taxable","16":"shipping-taxable","17":"purchasable","18":"product-type-woosb"},"_links":{"self":[{"href":"https:\/\/senabel.com\/sv\/wp-json\/wp\/v2\/product\/48452","targetHints":{"allow":["GET"]}}],"collection":[{"href":"https:\/\/senabel.com\/sv\/wp-json\/wp\/v2\/product"}],"about":[{"href":"https:\/\/senabel.com\/sv\/wp-json\/wp\/v2\/types\/product"}],"version-history":[{"count":1,"href":"https:\/\/senabel.com\/sv\/wp-json\/wp\/v2\/product\/48452\/revisions"}],"predecessor-version":[{"id":48453,"href":"https:\/\/senabel.com\/sv\/wp-json\/wp\/v2\/product\/48452\/revisions\/48453"}],"wp:featuredmedia":[{"embeddable":true,"href":"https:\/\/senabel.com\/sv\/wp-json\/wp\/v2\/media\/48149"}],"wp:attachment":[{"href":"https:\/\/senabel.com\/sv\/wp-json\/wp\/v2\/media?parent=48452"}],"wp:term":[{"taxonomy":"product_brand","embeddable":true,"href":"https:\/\/senabel.com\/sv\/wp-json\/wp\/v2\/product_brand?post=48452"},{"taxonomy":"product_cat","embeddable":true,"href":"https:\/\/senabel.com\/sv\/wp-json\/wp\/v2\/product_cat?post=48452"},{"taxonomy":"product_tag","embeddable":true,"href":"https:\/\/senabel.com\/sv\/wp-json\/wp\/v2\/product_tag?post=48452"}],"curies":[{"name":"wp","href":"https:\/\/api.w.org\/{rel}","templated":true}]}}