{"id":48218,"date":"2025-03-06T13:08:03","date_gmt":"2025-03-06T13:08:03","guid":{"rendered":"https:\/\/senabel.com\/?post_type=product&#038;p=48218"},"modified":"2025-06-28T10:32:04","modified_gmt":"2025-06-28T10:32:04","slug":"naturliga-torkade-frukter-250g","status":"publish","type":"product","link":"https:\/\/senabel.com\/sv\/product\/%d9%81%d9%88%d8%a7%d9%83%d9%87-%d9%85%d8%ac%d9%81%d9%81%d8%a9-%d8%b7%d8%a8%d9%8a%d8%b9%d9%8a%d8%a9-250%d8%ba\/","title":{"rendered":"Naturliga torkade frukter 250g"},"content":{"rendered":"<p data-start=\"44\" data-end=\"217\">Njut av en m\u00e4ngd olika l\u00e4ckra torkade frukter, fulla av naturliga och n\u00e4ringsrika smaker. De \u00e4r ett utm\u00e4rkt val som ett h\u00e4lsosamt mellanm\u00e5l eller att tills\u00e4tta i desserter och bakverk.<\/p>\n<p data-start=\"219\" data-end=\"426\"><strong data-start=\"222\" data-end=\"235\">Funktioner:<\/strong><br data-start=\"235\" data-end=\"238\" \/>\u2714 En assorterad blandning av naturliga torkade frukter.<br data-start=\"279\" data-end=\"282\" \/>\u2714 Rik p\u00e5 vitaminer, mineraler och fibrer.<br data-start=\"319\" data-end=\"322\" \/>\u2714 Naturligt s\u00f6t smak utan tillsatta konserveringsmedel.<br data-start=\"360\" data-end=\"363\" \/>\u2714 Perfekt som mellanm\u00e5l eller i desserter och serietidningar.<\/p>\n<p data-start=\"428\" data-end=\"451\"><strong data-start=\"431\" data-end=\"449\">Produktinformation:<\/strong><\/p>\n<ul data-start=\"452\" data-end=\"627\">\n<li data-start=\"452\" data-end=\"476\"><strong data-start=\"454\" data-end=\"464\">Vikt:<\/strong> 250 gram.<\/li>\n<li data-start=\"477\" data-end=\"551\"><strong data-start=\"479\" data-end=\"492\">Ingredienser:<\/strong> Torkade bitar av ananas, papaya, aprikos, k\u00f6rsb\u00e4r och \u00e4pple.<\/li>\n<li data-start=\"552\" data-end=\"627\"><strong data-start=\"554\" data-end=\"570\">S\u00e4ttet att spara:<\/strong> F\u00f6rvaras svalt, torrt och skyddat fr\u00e5n direkt solljus.<\/li>\n<\/ul>\n<p data-start=\"629\" data-end=\"684\" data-is-last-node=\"\" data-is-only-node=\"\">\u00a0<strong data-start=\"632\" data-end=\"681\">Njut av en h\u00e4lsosam och uts\u00f6kt upplevelse med torkade frukter<\/strong><\/p>","protected":false},"excerpt":{"rendered":"<p>Njut av en m\u00e4ngd olika l\u00e4ckra torkade frukter, fulla av naturliga och n\u00e4ringsrika smaker. De \u00e4r ett utm\u00e4rkt val som ett h\u00e4lsosamt mellanm\u00e5l eller att tills\u00e4tta i desserter och bakverk.<\/p>","protected":false},"featured_media":48219,"template":"","meta":[],"product_brand":[],"product_cat":[347,349,367],"product_tag":[],"class_list":{"0":"post-48218","1":"product","2":"type-product","3":"status-publish","4":"has-post-thumbnail","6":"product_cat-347","7":"product_cat-349","8":"product_cat-367","10":"first","11":"outofstock","12":"taxable","13":"shipping-taxable","14":"purchasable","15":"product-type-simple"},"_links":{"self":[{"href":"https:\/\/senabel.com\/sv\/wp-json\/wp\/v2\/product\/48218","targetHints":{"allow":["GET"]}}],"collection":[{"href":"https:\/\/senabel.com\/sv\/wp-json\/wp\/v2\/product"}],"about":[{"href":"https:\/\/senabel.com\/sv\/wp-json\/wp\/v2\/types\/product"}],"version-history":[{"count":2,"href":"https:\/\/senabel.com\/sv\/wp-json\/wp\/v2\/product\/48218\/revisions"}],"predecessor-version":[{"id":48230,"href":"https:\/\/senabel.com\/sv\/wp-json\/wp\/v2\/product\/48218\/revisions\/48230"}],"wp:featuredmedia":[{"embeddable":true,"href":"https:\/\/senabel.com\/sv\/wp-json\/wp\/v2\/media\/48219"}],"wp:attachment":[{"href":"https:\/\/senabel.com\/sv\/wp-json\/wp\/v2\/media?parent=48218"}],"wp:term":[{"taxonomy":"product_brand","embeddable":true,"href":"https:\/\/senabel.com\/sv\/wp-json\/wp\/v2\/product_brand?post=48218"},{"taxonomy":"product_cat","embeddable":true,"href":"https:\/\/senabel.com\/sv\/wp-json\/wp\/v2\/product_cat?post=48218"},{"taxonomy":"product_tag","embeddable":true,"href":"https:\/\/senabel.com\/sv\/wp-json\/wp\/v2\/product_tag?post=48218"}],"curies":[{"name":"wp","href":"https:\/\/api.w.org\/{rel}","templated":true}]}}