{"id":48214,"date":"2025-03-06T13:10:12","date_gmt":"2025-03-06T13:10:12","guid":{"rendered":"https:\/\/senabel.com\/?post_type=product&#038;p=48214"},"modified":"2026-03-14T22:34:26","modified_gmt":"2026-03-14T22:34:26","slug":"pistachio-luxury-watch-comfort-500g","status":"publish","type":"product","link":"https:\/\/senabel.com\/sv\/product\/%d8%b1%d8%a7%d8%ad%d8%a9-%d8%a7%d9%84%d8%b3%d8%a7%d8%b9%d8%a9-%d8%a7%d9%84%d9%81%d8%a7%d8%ae%d8%b1%d8%a9-%d8%a8%d8%a7%d9%84%d9%81%d8%b3%d8%aa%d9%82-%d8%a7%d9%84%d8%ad%d9%84%d8%a8%d9%8a-500%d8%ba\/","title":{"rendered":"\u0631\u0627\u062d\u0629 \u0627\u0644\u0633\u0627\u0639\u0629 \u062f\u064a\u0644\u0648\u0643\u0633 \u0645\u063a\u0628\u0631\u0629 \u0628\u0627\u0644\u0641\u0633\u062a\u0642 \u0627\u0644\u062d\u0644\u0628\u064a 500\u063a"},"content":{"rendered":"<p data-start=\"51\" data-end=\"228\">Den lyxiga komforten \u00e4r den perfekta kombinationen av m\u00f6rhet och rik smak, toppad med ett gener\u00f6st t\u00e4cke av krispig pistasch, vilket g\u00f6r den till ett sofistikerat val f\u00f6r \u00e4lskare av autentiska orientaliska desserter.<\/p>\n<p data-start=\"230\" data-end=\"476\"><strong data-start=\"233\" data-end=\"246\">Funktioner:<\/strong><br data-start=\"246\" data-end=\"249\" \/>\u2714 Tillverkad med pistagen\u00f6tter av finaste kvalitet f\u00f6r f\u00f6rb\u00e4ttrad smak och konsistens.<br data-start=\"308\" data-end=\"311\" \/>\u2714 Mjuk konsistens och distinkt smak som tar dig till en v\u00e4rld av lyxig orientalisk s\u00f6tma.<br data-start=\"373\" data-end=\"376\" \/>\u2714 Individuellt f\u00f6rpackade f\u00f6r att bibeh\u00e5lla kvalitet och f\u00e4rskhet.<br data-start=\"421\" data-end=\"424\" \/>\u2714 L\u00e4mplig f\u00f6r festliga tillf\u00e4llen och som en lyxig v\u00e4rdinneg\u00e5va.<\/p>\n<p data-start=\"478\" data-end=\"501\"><strong data-start=\"481\" data-end=\"499\">Produktinformation:<\/strong><\/p>\n<ul data-start=\"502\" data-end=\"682\">\n<li data-start=\"502\" data-end=\"526\"><strong data-start=\"504\" data-end=\"514\">Vikt:<\/strong> 500 gram.<\/li>\n<li><strong>Antalet delar:<\/strong> Ett kilo inneh\u00e5ller cirka 20 - 25 stycken<\/li>\n<li data-start=\"527\" data-end=\"597\"><strong data-start=\"529\" data-end=\"542\">Ingredienser:<\/strong> Socker, st\u00e4rkelse, rosenvatten, vanilj, naturligt emulgeringsmedel, pistaschmandel.<\/li>\n<li data-start=\"598\" data-end=\"682\"><strong data-start=\"600\" data-end=\"616\">S\u00e4ttet att spara:<\/strong> F\u00f6rvara p\u00e5 en sval, torr plats, skyddad fr\u00e5n fukt och direkt solljus.<\/li>\n<\/ul>\n<p data-start=\"684\" data-end=\"731\" data-is-last-node=\"\" data-is-only-node=\"\">\u00a0<strong data-start=\"687\" data-end=\"728\">Sk\u00e4m bort dig sj\u00e4lv och dina g\u00e4ster med denna lyxiga dessert<\/strong><\/p>","protected":false},"excerpt":{"rendered":"<p>Den lyxiga komforten \u00e4r den perfekta kombinationen av m\u00f6rhet och rik smak, toppad med ett gener\u00f6st t\u00e4cke av krispig pistasch, vilket g\u00f6r den till ett sofistikerat val f\u00f6r \u00e4lskare av autentiska orientaliska desserter.<\/p>","protected":false},"featured_media":48215,"template":"","meta":[],"product_brand":[],"product_cat":[347,299],"product_tag":[],"class_list":{"0":"post-48214","1":"product","2":"type-product","3":"status-publish","4":"has-post-thumbnail","6":"product_cat-347","7":"product_cat-299","9":"first","10":"outofstock","11":"taxable","12":"shipping-taxable","13":"purchasable","14":"product-type-simple"},"_links":{"self":[{"href":"https:\/\/senabel.com\/sv\/wp-json\/wp\/v2\/product\/48214","targetHints":{"allow":["GET"]}}],"collection":[{"href":"https:\/\/senabel.com\/sv\/wp-json\/wp\/v2\/product"}],"about":[{"href":"https:\/\/senabel.com\/sv\/wp-json\/wp\/v2\/types\/product"}],"version-history":[{"count":7,"href":"https:\/\/senabel.com\/sv\/wp-json\/wp\/v2\/product\/48214\/revisions"}],"predecessor-version":[{"id":61244,"href":"https:\/\/senabel.com\/sv\/wp-json\/wp\/v2\/product\/48214\/revisions\/61244"}],"wp:featuredmedia":[{"embeddable":true,"href":"https:\/\/senabel.com\/sv\/wp-json\/wp\/v2\/media\/48215"}],"wp:attachment":[{"href":"https:\/\/senabel.com\/sv\/wp-json\/wp\/v2\/media?parent=48214"}],"wp:term":[{"taxonomy":"product_brand","embeddable":true,"href":"https:\/\/senabel.com\/sv\/wp-json\/wp\/v2\/product_brand?post=48214"},{"taxonomy":"product_cat","embeddable":true,"href":"https:\/\/senabel.com\/sv\/wp-json\/wp\/v2\/product_cat?post=48214"},{"taxonomy":"product_tag","embeddable":true,"href":"https:\/\/senabel.com\/sv\/wp-json\/wp\/v2\/product_tag?post=48214"}],"curies":[{"name":"wp","href":"https:\/\/api.w.org\/{rel}","templated":true}]}}