{"id":48201,"date":"2025-03-06T13:11:15","date_gmt":"2025-03-06T13:11:15","guid":{"rendered":"https:\/\/senabel.com\/?post_type=product&#038;p=48201"},"modified":"2025-07-01T12:54:33","modified_gmt":"2025-07-01T12:54:33","slug":"pistaschmandel-och-salwa-comfort-500g","status":"publish","type":"product","link":"https:\/\/senabel.com\/sv\/product\/%d8%b1%d8%a7%d8%ad%d8%a9-%d8%a7%d9%84%d9%85%d9%86-%d9%88%d8%a7%d9%84%d8%b3%d9%84%d9%88%d9%89-%d8%a8%d8%a7%d9%84%d9%81%d8%b3%d8%aa%d9%82-%d8%a7%d9%84%d8%ad%d9%84%d8%a8%d9%8a-500%d8%ba\/","title":{"rendered":"Pistaschmandel och Salwa Comfort 500g"},"content":{"rendered":"<p data-start=\"49\" data-end=\"265\">Raha Manna and Salwa \u00e4r en av de finaste och mest uts\u00f6kta traditionella orientaliska desserterna, som k\u00e4nnetecknas av en mjuk konsistens som sm\u00e4lter i munnen och ett rikt \u00f6verdrag av pistagen\u00f6tter, vilket g\u00f6r den till det perfekta valet f\u00f6r \u00e4lskare av lyxiga smaker.<\/p>\n<p data-start=\"267\" data-end=\"492\"><strong data-start=\"270\" data-end=\"283\">Funktioner:<\/strong><br data-start=\"283\" data-end=\"286\" \/>\u2714 Tillverkad med de finaste naturliga ingredienserna.<br data-start=\"321\" data-end=\"324\" \/>\u2714 Toppad med ett gener\u00f6st lager f\u00e4rska pistagen\u00f6tter.<br data-start=\"367\" data-end=\"370\" \/>\u2714 Smidig, mjuk konsistens som sm\u00e4lter i munnen.<br data-start=\"400\" data-end=\"403\" \/>\u2714 Individuellt f\u00f6rpackade f\u00f6r att bevara f\u00e4rskhet och smak.<br data-start=\"448\" data-end=\"451\" \/>\u2714 Perfekt f\u00f6r servering vid evenemang och festivaler.<\/p>\n<p data-start=\"494\" data-end=\"517\"><strong data-start=\"497\" data-end=\"515\">Produktinformation:<\/strong><\/p>\n<ul data-start=\"518\" data-end=\"698\">\n<li data-start=\"518\" data-end=\"542\"><strong data-start=\"520\" data-end=\"530\">Vikt:<\/strong> 500 gram.<\/li>\n<li><strong>Antalet delar:<\/strong> Ett kilo inneh\u00e5ller cirka 20 - 25 stycken<\/li>\n<li data-start=\"543\" data-end=\"613\"><strong data-start=\"545\" data-end=\"558\">Ingredienser:<\/strong> Socker, st\u00e4rkelse, rosenvatten, vanilj, naturligt emulgeringsmedel, pistaschmandel.<\/li>\n<li data-start=\"614\" data-end=\"698\"><strong data-start=\"616\" data-end=\"632\">S\u00e4ttet att spara:<\/strong> F\u00f6rvara p\u00e5 en sval, torr plats, skyddad fr\u00e5n fukt och direkt solljus.<\/li>\n<\/ul>\n<p data-start=\"700\" data-end=\"762\" data-is-last-node=\"\" data-is-only-node=\"\">\u00a0<strong data-start=\"703\" data-end=\"759\">Njut av den lyxiga smaken av komfort med krispig pistaschcrunch<\/strong><\/p>","protected":false},"excerpt":{"rendered":"<p>Raha Manna and Salwa \u00e4r en av de finaste och mest uts\u00f6kta traditionella orientaliska desserterna, som k\u00e4nnetecknas av en mjuk konsistens som sm\u00e4lter i munnen och ett rikt \u00f6verdrag av pistagen\u00f6tter, vilket g\u00f6r den till det perfekta valet f\u00f6r \u00e4lskare av lyxiga smaker.<\/p>","protected":false},"featured_media":48202,"template":"","meta":[],"product_brand":[],"product_cat":[349,299],"product_tag":[],"class_list":{"0":"post-48201","1":"product","2":"type-product","3":"status-publish","4":"has-post-thumbnail","6":"product_cat-349","7":"product_cat-299","9":"first","10":"outofstock","11":"taxable","12":"shipping-taxable","13":"purchasable","14":"product-type-simple"},"_links":{"self":[{"href":"https:\/\/senabel.com\/sv\/wp-json\/wp\/v2\/product\/48201","targetHints":{"allow":["GET"]}}],"collection":[{"href":"https:\/\/senabel.com\/sv\/wp-json\/wp\/v2\/product"}],"about":[{"href":"https:\/\/senabel.com\/sv\/wp-json\/wp\/v2\/types\/product"}],"version-history":[{"count":10,"href":"https:\/\/senabel.com\/sv\/wp-json\/wp\/v2\/product\/48201\/revisions"}],"predecessor-version":[{"id":53415,"href":"https:\/\/senabel.com\/sv\/wp-json\/wp\/v2\/product\/48201\/revisions\/53415"}],"wp:featuredmedia":[{"embeddable":true,"href":"https:\/\/senabel.com\/sv\/wp-json\/wp\/v2\/media\/48202"}],"wp:attachment":[{"href":"https:\/\/senabel.com\/sv\/wp-json\/wp\/v2\/media?parent=48201"}],"wp:term":[{"taxonomy":"product_brand","embeddable":true,"href":"https:\/\/senabel.com\/sv\/wp-json\/wp\/v2\/product_brand?post=48201"},{"taxonomy":"product_cat","embeddable":true,"href":"https:\/\/senabel.com\/sv\/wp-json\/wp\/v2\/product_cat?post=48201"},{"taxonomy":"product_tag","embeddable":true,"href":"https:\/\/senabel.com\/sv\/wp-json\/wp\/v2\/product_tag?post=48201"}],"curies":[{"name":"wp","href":"https:\/\/api.w.org\/{rel}","templated":true}]}}