{"id":48193,"date":"2025-03-06T13:11:31","date_gmt":"2025-03-06T13:11:31","guid":{"rendered":"https:\/\/senabel.com\/?post_type=product&#038;p=48193"},"modified":"2026-03-17T22:13:35","modified_gmt":"2026-03-17T22:13:35","slug":"crescent-pistachio-comfort-500g","status":"publish","type":"product","link":"https:\/\/senabel.com\/sv\/product\/%d8%b1%d8%a7%d8%ad%d8%a9-%d8%a8%d8%a7%d9%84%d9%81%d8%b3%d8%aa%d9%82-%d8%a7%d9%84%d8%ad%d9%84%d8%a8%d9%8a-%d9%87%d9%84%d8%a7%d9%84-500%d8%ba\/","title":{"rendered":"Crescent Pistachio Comfort 500g"},"content":{"rendered":"<p data-start=\"142\" data-end=\"313\">En autentisk orientalisk dessert toppad med lyxiga pistaschmandlar, som kombinerar den rika mjukheten hos pistaschmandlar med krispigheten hos f\u00e4rska pistaschmandlar. Perfekt f\u00f6r \u00e4lskare av traditionella desserter med sin distinkta smak och konsistens.<\/p>\n<p data-start=\"315\" data-end=\"500\"><strong data-start=\"318\" data-end=\"331\">Funktioner:<\/strong><br data-start=\"331\" data-end=\"334\" \/>\u2714 En fantastisk kombination av m\u00f6rhet och krispighet.<br data-start=\"367\" data-end=\"370\" \/>\u2714 Naturliga pistagen\u00f6tter av h\u00f6g kvalitet.<br data-start=\"400\" data-end=\"403\" data-is-only-node=\"\" \/>\u2714 Fri fr\u00e5n konserveringsmedel och artificiella f\u00e4rg\u00e4mnen.<br data-start=\"447\" data-end=\"450\" \/>\u2714 L\u00e4mplig f\u00f6r orientaliska desserter och servering vid olika tillf\u00e4llen.<\/p>\n<p data-start=\"502\" data-end=\"525\"><strong data-start=\"505\" data-end=\"523\">Produktinformation:<\/strong><\/p>\n<ul data-start=\"526\" data-end=\"710\">\n<li data-start=\"526\" data-end=\"550\"><strong data-start=\"528\" data-end=\"538\">Vikt:<\/strong> 500 gram.<\/li>\n<li><strong>Antalet delar:<\/strong> Ett kilo inneh\u00e5ller cirka 20 - 25 stycken<\/li>\n<li data-start=\"551\" data-end=\"625\"><strong data-start=\"553\" data-end=\"566\">Ingredienser:<\/strong> Socker, st\u00e4rkelse, rosenvatten, pistage (h\u00f6g andel), naturligt emulgeringsmedel.<\/li>\n<li data-start=\"626\" data-end=\"710\"><strong data-start=\"628\" data-end=\"644\">S\u00e4ttet att spara:<\/strong> F\u00f6rvara p\u00e5 en sval, torr plats, skyddad fr\u00e5n fukt och direkt solljus.<\/li>\n<\/ul>\n<p data-start=\"712\" data-end=\"767\" data-is-last-node=\"\" data-is-only-node=\"\"><strong data-start=\"715\" data-end=\"764\">Njut av smaken av autentisk komfort med rika pistaschmandlar<\/strong><\/p>","protected":false},"excerpt":{"rendered":"<p>En autentisk orientalisk dessert toppad med lyxiga pistaschmandlar, som kombinerar den rika mjukheten hos pistaschmandlar med krispigheten hos f\u00e4rska pistaschmandlar. Perfekt f\u00f6r \u00e4lskare av traditionella desserter med sin distinkta smak och konsistens.<\/p>","protected":false},"featured_media":48194,"template":"","meta":[],"product_brand":[],"product_cat":[347,299],"product_tag":[],"class_list":{"0":"post-48193","1":"product","2":"type-product","3":"status-publish","4":"has-post-thumbnail","6":"product_cat-347","7":"product_cat-299","9":"first","10":"outofstock","11":"taxable","12":"shipping-taxable","13":"purchasable","14":"product-type-simple"},"_links":{"self":[{"href":"https:\/\/senabel.com\/sv\/wp-json\/wp\/v2\/product\/48193","targetHints":{"allow":["GET"]}}],"collection":[{"href":"https:\/\/senabel.com\/sv\/wp-json\/wp\/v2\/product"}],"about":[{"href":"https:\/\/senabel.com\/sv\/wp-json\/wp\/v2\/types\/product"}],"version-history":[{"count":4,"href":"https:\/\/senabel.com\/sv\/wp-json\/wp\/v2\/product\/48193\/revisions"}],"predecessor-version":[{"id":53413,"href":"https:\/\/senabel.com\/sv\/wp-json\/wp\/v2\/product\/48193\/revisions\/53413"}],"wp:featuredmedia":[{"embeddable":true,"href":"https:\/\/senabel.com\/sv\/wp-json\/wp\/v2\/media\/48194"}],"wp:attachment":[{"href":"https:\/\/senabel.com\/sv\/wp-json\/wp\/v2\/media?parent=48193"}],"wp:term":[{"taxonomy":"product_brand","embeddable":true,"href":"https:\/\/senabel.com\/sv\/wp-json\/wp\/v2\/product_brand?post=48193"},{"taxonomy":"product_cat","embeddable":true,"href":"https:\/\/senabel.com\/sv\/wp-json\/wp\/v2\/product_cat?post=48193"},{"taxonomy":"product_tag","embeddable":true,"href":"https:\/\/senabel.com\/sv\/wp-json\/wp\/v2\/product_tag?post=48193"}],"curies":[{"name":"wp","href":"https:\/\/api.w.org\/{rel}","templated":true}]}}