{"id":48189,"date":"2025-03-06T13:12:50","date_gmt":"2025-03-06T13:12:50","guid":{"rendered":"https:\/\/senabel.com\/?post_type=product&#038;p=48189"},"modified":"2025-09-29T15:34:31","modified_gmt":"2025-09-29T15:34:31","slug":"crunchy-pistachio-cream-200g","status":"publish","type":"product","link":"https:\/\/senabel.com\/sv\/product\/%d9%83%d8%b1%d9%8a%d9%85%d8%a9-%d8%a7%d9%84%d9%81%d8%b3%d8%aa%d9%82-%d9%83%d8%b1%d8%a7%d9%86%d8%b4%d9%8a-200%d8%ba\/","title":{"rendered":"Crunchy Pistachio Cream 200g"},"content":{"rendered":"<p data-start=\"36\" data-end=\"267\">En lyxig pistagekr\u00e4m med krispig konsistens och rik smak. Den inneh\u00e5ller <strong data-start=\"128\" data-end=\"137\">14.4%<\/strong> Pistachio, som ger dig en oemotst\u00e5ndlig kombination av len gr\u00e4dde och krispiga pistaschbitar, perfekt att breda ut eller l\u00e4gga till i desserter och bakverk.<\/p>\n<p data-start=\"269\" data-end=\"492\"><strong data-start=\"272\" data-end=\"285\">Funktioner:<\/strong><br data-start=\"285\" data-end=\"288\" \/>\u2714 En rik smak som kombinerar en kr\u00e4mig konsistens med en l\u00e4cker krispighet.<br data-start=\"341\" data-end=\"344\" \/>\u2714 Inneh\u00e5ller <strong data-start=\"356\" data-end=\"365\">14.4%<\/strong> av h\u00f6gkvalitativa pistagen\u00f6tter.<br data-start=\"388\" data-end=\"391\" \/>\u2714 Perfekt att breda ut eller som topping p\u00e5 desserter och bakverk.<br data-start=\"443\" data-end=\"446\" \/>\u2714 Fri fr\u00e5n artificiella f\u00e4rg\u00e4mnen och konserveringsmedel.<\/p>\n<p data-start=\"494\" data-end=\"517\"><strong data-start=\"497\" data-end=\"515\">Produktinformation:<\/strong><\/p>\n<ul data-start=\"518\" data-end=\"708\">\n<li data-start=\"518\" data-end=\"542\"><strong data-start=\"520\" data-end=\"530\">Vikt:<\/strong> 200 gram.<\/li>\n<li data-start=\"543\" data-end=\"632\"><strong data-start=\"545\" data-end=\"558\">Ingredienser:<\/strong> Pistage (14.4%), vegetabilisk olja, socker, mj\u00f6lkpulver, krispiga pistagebitar, naturligt emulgeringsmedel.<\/li>\n<li data-start=\"633\" data-end=\"708\"><strong data-start=\"635\" data-end=\"651\">S\u00e4ttet att spara:<\/strong> F\u00f6rvaras svalt, torrt och skyddat fr\u00e5n direkt solljus.<\/li>\n<\/ul>\n<p data-start=\"710\" data-end=\"767\" data-is-last-node=\"\" data-is-only-node=\"\"><strong data-start=\"713\" data-end=\"764\">Njut av den perfekta kombinationen av mjukhet och krispighet i varje tugga<\/strong><\/p>","protected":false},"excerpt":{"rendered":"<p>En lyxig pistagekr\u00e4m med krispig konsistens och rik smak. Den inneh\u00e5ller <strong data-start=\"128\" data-end=\"137\">14.4%<\/strong> Pistachio, som ger dig en oemotst\u00e5ndlig kombination av len gr\u00e4dde och krispiga pistaschbitar, perfekt att breda ut eller l\u00e4gga till i desserter och bakverk.<\/p>","protected":false},"featured_media":48190,"template":"","meta":[],"product_brand":[],"product_cat":[349,304,347],"product_tag":[],"class_list":{"0":"post-48189","1":"product","2":"type-product","3":"status-publish","4":"has-post-thumbnail","6":"product_cat-349","7":"product_cat-304","8":"product_cat-347","10":"first","11":"outofstock","12":"taxable","13":"shipping-taxable","14":"purchasable","15":"product-type-simple"},"_links":{"self":[{"href":"https:\/\/senabel.com\/sv\/wp-json\/wp\/v2\/product\/48189","targetHints":{"allow":["GET"]}}],"collection":[{"href":"https:\/\/senabel.com\/sv\/wp-json\/wp\/v2\/product"}],"about":[{"href":"https:\/\/senabel.com\/sv\/wp-json\/wp\/v2\/types\/product"}],"version-history":[{"count":3,"href":"https:\/\/senabel.com\/sv\/wp-json\/wp\/v2\/product\/48189\/revisions"}],"predecessor-version":[{"id":48231,"href":"https:\/\/senabel.com\/sv\/wp-json\/wp\/v2\/product\/48189\/revisions\/48231"}],"wp:featuredmedia":[{"embeddable":true,"href":"https:\/\/senabel.com\/sv\/wp-json\/wp\/v2\/media\/48190"}],"wp:attachment":[{"href":"https:\/\/senabel.com\/sv\/wp-json\/wp\/v2\/media?parent=48189"}],"wp:term":[{"taxonomy":"product_brand","embeddable":true,"href":"https:\/\/senabel.com\/sv\/wp-json\/wp\/v2\/product_brand?post=48189"},{"taxonomy":"product_cat","embeddable":true,"href":"https:\/\/senabel.com\/sv\/wp-json\/wp\/v2\/product_cat?post=48189"},{"taxonomy":"product_tag","embeddable":true,"href":"https:\/\/senabel.com\/sv\/wp-json\/wp\/v2\/product_tag?post=48189"}],"curies":[{"name":"wp","href":"https:\/\/api.w.org\/{rel}","templated":true}]}}