{"id":48134,"date":"2025-03-05T12:21:47","date_gmt":"2025-03-05T12:21:47","guid":{"rendered":"https:\/\/senabel.com\/?post_type=product&#038;p=48134"},"modified":"2025-04-13T05:26:57","modified_gmt":"2025-04-13T05:26:57","slug":"naturligt-blomvatten-250ml","status":"publish","type":"product","link":"https:\/\/senabel.com\/sv\/product\/%d9%85%d8%a7%d8%a1-%d8%a7%d9%84%d8%b2%d9%87%d8%b1-%d8%a7%d9%84%d8%b7%d8%a8%d9%8a%d8%b9%d9%8a-250%d9%85%d9%84\/","title":{"rendered":"Naturligt blomvatten 250ml"},"content":{"rendered":"<p data-start=\"33\" data-end=\"243\">Rent blomvatten, som utvinns ur naturliga apelsinblommor, anv\u00e4nds f\u00f6r att ge en distinkt blommig smak och arom till mat och dryck. Det \u00e4r ocks\u00e5 k\u00e4nt f\u00f6r sina f\u00f6rdelar n\u00e4r det g\u00e4ller att lugna matsm\u00e4ltningssystemet och anv\u00e4nds i vissa kosmetiska recept.<\/p>\n<p data-start=\"245\" data-end=\"438\"><strong data-start=\"248\" data-end=\"261\">Funktioner:<\/strong><br data-start=\"261\" data-end=\"264\" \/>\u2714 Naturlig, uppfriskande och distinkt smak.<br data-start=\"291\" data-end=\"294\" \/>\u2714 Perfekt att tills\u00e4tta i desserter och drycker som kaffe och vatten.<br data-start=\"348\" data-end=\"351\" \/>\u2714 Anv\u00e4nds i vissa kosmetik- och hudv\u00e5rdsrecept.<br data-start=\"403\" data-end=\"406\" \/>\u2714 Ren produkt utan konstgjorda tillsatser.<\/p>\n<p data-start=\"440\" data-end=\"463\"><strong data-start=\"443\" data-end=\"461\">Produktinformation:<\/strong><\/p>\n<ul data-start=\"464\" data-end=\"600\">\n<li data-start=\"464\" data-end=\"486\"><strong data-start=\"466\" data-end=\"476\">Kapacitet:<\/strong> 250 ml.<\/li>\n<li data-start=\"487\" data-end=\"524\"><strong data-start=\"489\" data-end=\"502\">Ingredienser:<\/strong> 100% naturligt blomvatten.<\/li>\n<li data-start=\"525\" data-end=\"600\"><strong data-start=\"527\" data-end=\"543\">S\u00e4ttet att spara:<\/strong> F\u00f6rvaras svalt, torrt och skyddat fr\u00e5n direkt solljus.<\/li>\n<\/ul>\n<p data-start=\"602\" data-end=\"652\" data-is-last-node=\"\" data-is-only-node=\"\"><strong data-start=\"605\" data-end=\"649\">L\u00e4gg till en autentisk blommig touch till dina vardagliga recept<\/strong><\/p>","protected":false},"excerpt":{"rendered":"<p>Rent blomvatten, som utvinns ur naturliga apelsinblommor, anv\u00e4nds f\u00f6r att ge en distinkt blommig smak och arom till mat och dryck. Det \u00e4r ocks\u00e5 k\u00e4nt f\u00f6r sina f\u00f6rdelar n\u00e4r det g\u00e4ller att lugna matsm\u00e4ltningssystemet och anv\u00e4nds i vissa kosmetiska recept.<\/p>","protected":false},"featured_media":48135,"template":"","meta":[],"product_brand":[],"product_cat":[349],"product_tag":[],"class_list":{"0":"post-48134","1":"product","2":"type-product","3":"status-publish","4":"has-post-thumbnail","6":"product_cat-349","8":"first","9":"outofstock","10":"taxable","11":"shipping-taxable","12":"purchasable","13":"product-type-simple"},"_links":{"self":[{"href":"https:\/\/senabel.com\/sv\/wp-json\/wp\/v2\/product\/48134","targetHints":{"allow":["GET"]}}],"collection":[{"href":"https:\/\/senabel.com\/sv\/wp-json\/wp\/v2\/product"}],"about":[{"href":"https:\/\/senabel.com\/sv\/wp-json\/wp\/v2\/types\/product"}],"version-history":[{"count":3,"href":"https:\/\/senabel.com\/sv\/wp-json\/wp\/v2\/product\/48134\/revisions"}],"predecessor-version":[{"id":49949,"href":"https:\/\/senabel.com\/sv\/wp-json\/wp\/v2\/product\/48134\/revisions\/49949"}],"wp:featuredmedia":[{"embeddable":true,"href":"https:\/\/senabel.com\/sv\/wp-json\/wp\/v2\/media\/48135"}],"wp:attachment":[{"href":"https:\/\/senabel.com\/sv\/wp-json\/wp\/v2\/media?parent=48134"}],"wp:term":[{"taxonomy":"product_brand","embeddable":true,"href":"https:\/\/senabel.com\/sv\/wp-json\/wp\/v2\/product_brand?post=48134"},{"taxonomy":"product_cat","embeddable":true,"href":"https:\/\/senabel.com\/sv\/wp-json\/wp\/v2\/product_cat?post=48134"},{"taxonomy":"product_tag","embeddable":true,"href":"https:\/\/senabel.com\/sv\/wp-json\/wp\/v2\/product_tag?post=48134"}],"curies":[{"name":"wp","href":"https:\/\/api.w.org\/{rel}","templated":true}]}}