{"id":48115,"date":"2025-03-05T12:25:01","date_gmt":"2025-03-05T12:25:01","guid":{"rendered":"https:\/\/senabel.com\/?post_type=product&#038;p=48115"},"modified":"2025-05-27T18:32:22","modified_gmt":"2025-05-27T18:32:22","slug":"blandade-torkade-frukter-i-en-halmlada-650g","status":"publish","type":"product","link":"https:\/\/senabel.com\/sv\/product\/%d9%81%d9%88%d8%a7%d9%83%d9%87-%d9%85%d8%ac%d9%81%d9%81%d8%a9-%d9%85%d8%b4%d9%83%d9%84%d8%a9-%d8%a8%d8%b9%d9%84%d8%a8%d8%a9-%d9%82%d8%b4-650%d8%ba\/","title":{"rendered":"Blandade torkade frukter i en halml\u00e5da 650g"},"content":{"rendered":"<p data-start=\"36\" data-end=\"309\">Njut av en fantastisk smakupplevelse med en m\u00e4ngd olika torkade frukter av h\u00f6g kvalitet, omsorgsfullt konserverade f\u00f6r att ge dig uts\u00f6kt smak och n\u00e4ringsm\u00e4ssiga f\u00f6rdelar i varje tugga. Den h\u00e4r lyxiga f\u00f6rpackningen inneh\u00e5ller en blandning av naturligt torkade frukter, vilket g\u00f6r den till ett perfekt mellanm\u00e5l n\u00e4r som helst p\u00e5 dagen.<\/p>\n<p data-start=\"311\" data-end=\"561\"><strong data-start=\"314\" data-end=\"327\">Funktioner:<\/strong><br data-start=\"327\" data-end=\"330\" \/>\u2714 En blandning av olika torkade frukter i ljusa naturliga f\u00e4rger.<br data-start=\"385\" data-end=\"388\" \/>\u2714 Rik p\u00e5 fibrer och n\u00e4rings\u00e4mnen.<br data-start=\"436\" data-end=\"439\" \/>\u2714 L\u00e4cker smak med en mjuk konsistens och bra tuggmotst\u00e5nd.<br data-start=\"473\" data-end=\"476\" \/>\u2714 Omsorgsfullt f\u00f6rpackad f\u00f6r att bevara smak och kvalitet.<br data-start=\"517\" data-end=\"520\" \/>\u2714 Passar som mellanm\u00e5l eller garnering av desserter.<\/p>\n<p data-start=\"563\" data-end=\"586\"><strong data-start=\"566\" data-end=\"584\">Produktinformation:<\/strong><\/p>\n<ul data-start=\"587\" data-end=\"784\">\n<li data-start=\"587\" data-end=\"611\"><strong data-start=\"589\" data-end=\"599\">Vikt:<\/strong> 650 gram.<\/li>\n<li data-start=\"612\" data-end=\"708\"><strong data-start=\"614\" data-end=\"627\">Ingredienser:<\/strong> Torkade aprikoser, torkad kiwi, b\u00e4r, \u00e4pplen, k\u00f6rsb\u00e4r, plommon och andra naturliga torkade frukter.<\/li>\n<li data-start=\"709\" data-end=\"784\"><strong data-start=\"711\" data-end=\"727\">S\u00e4ttet att spara:<\/strong> F\u00f6rvaras svalt, torrt och skyddat fr\u00e5n direkt solljus.<\/li>\n<\/ul>\n<p data-start=\"786\" data-end=\"859\" data-is-last-node=\"\" data-is-only-node=\"\"><strong data-start=\"790\" data-end=\"854\">Njut av smaken av naturlig frukt hela tiden med denna l\u00e4ckra blandning<\/strong><\/p>","protected":false},"excerpt":{"rendered":"<p>Njut av en fantastisk smakupplevelse med en m\u00e4ngd olika torkade frukter av h\u00f6g kvalitet, omsorgsfullt konserverade f\u00f6r att ge dig uts\u00f6kt smak och n\u00e4ringsm\u00e4ssiga f\u00f6rdelar i varje tugga. Den h\u00e4r lyxiga f\u00f6rpackningen inneh\u00e5ller en blandning av naturligt torkade frukter, vilket g\u00f6r den till ett perfekt mellanm\u00e5l n\u00e4r som helst p\u00e5 dagen.<\/p>","protected":false},"featured_media":48118,"template":"","meta":[],"product_brand":[],"product_cat":[349,299,367,347],"product_tag":[],"class_list":{"0":"post-48115","1":"product","2":"type-product","3":"status-publish","4":"has-post-thumbnail","6":"product_cat-349","7":"product_cat-299","8":"product_cat-367","9":"product_cat-347","11":"first","12":"outofstock","13":"taxable","14":"shipping-taxable","15":"purchasable","16":"product-type-simple"},"_links":{"self":[{"href":"https:\/\/senabel.com\/sv\/wp-json\/wp\/v2\/product\/48115","targetHints":{"allow":["GET"]}}],"collection":[{"href":"https:\/\/senabel.com\/sv\/wp-json\/wp\/v2\/product"}],"about":[{"href":"https:\/\/senabel.com\/sv\/wp-json\/wp\/v2\/types\/product"}],"version-history":[{"count":1,"href":"https:\/\/senabel.com\/sv\/wp-json\/wp\/v2\/product\/48115\/revisions"}],"predecessor-version":[{"id":48120,"href":"https:\/\/senabel.com\/sv\/wp-json\/wp\/v2\/product\/48115\/revisions\/48120"}],"wp:featuredmedia":[{"embeddable":true,"href":"https:\/\/senabel.com\/sv\/wp-json\/wp\/v2\/media\/48118"}],"wp:attachment":[{"href":"https:\/\/senabel.com\/sv\/wp-json\/wp\/v2\/media?parent=48115"}],"wp:term":[{"taxonomy":"product_brand","embeddable":true,"href":"https:\/\/senabel.com\/sv\/wp-json\/wp\/v2\/product_brand?post=48115"},{"taxonomy":"product_cat","embeddable":true,"href":"https:\/\/senabel.com\/sv\/wp-json\/wp\/v2\/product_cat?post=48115"},{"taxonomy":"product_tag","embeddable":true,"href":"https:\/\/senabel.com\/sv\/wp-json\/wp\/v2\/product_tag?post=48115"}],"curies":[{"name":"wp","href":"https:\/\/api.w.org\/{rel}","templated":true}]}}