{"id":48061,"date":"2025-03-03T13:54:32","date_gmt":"2025-03-03T13:54:32","guid":{"rendered":"https:\/\/senabel.com\/?post_type=product&#038;p=48061"},"modified":"2025-07-01T12:41:36","modified_gmt":"2025-07-01T12:41:36","slug":"roshia-mjolkchoklad-fylld-med-kaffe","status":"publish","type":"product","link":"https:\/\/senabel.com\/sv\/product\/%d8%b4%d9%88%d9%83%d9%88%d9%84%d8%a7%d8%aa%d8%a9-%d8%b1%d9%88%d8%b4%d9%8a%d8%a9-%d8%a8%d8%a7%d9%84%d8%ad%d9%84%d9%8a%d8%a8-%d8%a7%d9%84%d9%85%d8%ad%d8%b4%d9%88%d8%a9-%d8%a8%d8%a7%d9%84%d8%a8%d9%86\/","title":{"rendered":"Rocher mj\u00f6lkchoklad fylld med hasseln\u00f6tter 500g"},"content":{"rendered":"<p data-start=\"25\" data-end=\"187\">Rocher mj\u00f6lkchoklad fylld med krispiga hasseln\u00f6tter f\u00f6r en rik smak som balanserar mellan s\u00f6tma och krispighet. Varje bit sm\u00e4lter i munnen och ger dig stunder av lycka med sin lyxiga smak.<\/p>\n<p data-start=\"189\" data-end=\"421\"><strong data-start=\"192\" data-end=\"205\">Funktioner:<\/strong><br data-start=\"205\" data-end=\"208\" \/>\u2714 Lyxig mj\u00f6lkchoklad med en antydan till fin kakao.<br data-start=\"256\" data-end=\"259\" \/>\u2714 Fylld med rostade hasseln\u00f6tter f\u00f6r en h\u00e4rligt krispig smak.<br data-start=\"308\" data-end=\"311\" \/>\u2714 Passar f\u00f6r alla tillf\u00e4llen och \u00e4r en perfekt present till choklad\u00e4lskare.<br data-start=\"370\" data-end=\"373\" \/>\u2714 Kan \u00e4tas till kaffet eller som ett roligt mellanm\u00e5l.<\/p>\n<p data-start=\"423\" data-end=\"446\"><strong data-start=\"426\" data-end=\"444\">Produktinformation:<\/strong><\/p>\n<ul data-start=\"447\" data-end=\"614\">\n<li data-start=\"447\" data-end=\"471\">Vikt: <strong data-start=\"456\" data-end=\"468\">500 gram<\/strong>.<\/li>\n<li><strong>Antalet delar:<\/strong> Ett kilo inneh\u00e5ller cirka 40 stycken<\/li>\n<li data-start=\"472\" data-end=\"547\">Ingredienser: <strong data-start=\"484\" data-end=\"544\">Mj\u00f6lkchoklad, rostade hasseln\u00f6tter, socker, kakaosm\u00f6r, mj\u00f6lkpulver<\/strong>.<\/li>\n<li data-start=\"548\" data-end=\"614\">S\u00e4ttet att spara: <strong data-start=\"563\" data-end=\"611\">F\u00f6rvaras svalt, torrt och skyddat fr\u00e5n solljus<\/strong>.<\/li>\n<\/ul>\n<p data-start=\"616\" data-end=\"685\" data-is-last-node=\"\" data-is-only-node=\"\"><strong data-start=\"619\" data-end=\"682\">Njut av den lyxiga smaken av Rocheria Hazelnut Milk Chocolate med varje tugga<\/strong><\/p>","protected":false},"excerpt":{"rendered":"<p>Rocher mj\u00f6lkchoklad fylld med krispiga hasseln\u00f6tter f\u00f6r en rik smak som balanserar mellan s\u00f6tma och krispighet. Varje bit sm\u00e4lter i munnen och ger dig stunder av lycka med sin lyxiga smak.<\/p>","protected":false},"featured_media":48062,"template":"","meta":[],"product_brand":[],"product_cat":[297],"product_tag":[],"class_list":{"0":"post-48061","1":"product","2":"type-product","3":"status-publish","4":"has-post-thumbnail","6":"product_cat-297","8":"first","9":"outofstock","10":"taxable","11":"shipping-taxable","12":"purchasable","13":"product-type-simple"},"_links":{"self":[{"href":"https:\/\/senabel.com\/sv\/wp-json\/wp\/v2\/product\/48061","targetHints":{"allow":["GET"]}}],"collection":[{"href":"https:\/\/senabel.com\/sv\/wp-json\/wp\/v2\/product"}],"about":[{"href":"https:\/\/senabel.com\/sv\/wp-json\/wp\/v2\/types\/product"}],"version-history":[{"count":4,"href":"https:\/\/senabel.com\/sv\/wp-json\/wp\/v2\/product\/48061\/revisions"}],"predecessor-version":[{"id":53336,"href":"https:\/\/senabel.com\/sv\/wp-json\/wp\/v2\/product\/48061\/revisions\/53336"}],"wp:featuredmedia":[{"embeddable":true,"href":"https:\/\/senabel.com\/sv\/wp-json\/wp\/v2\/media\/48062"}],"wp:attachment":[{"href":"https:\/\/senabel.com\/sv\/wp-json\/wp\/v2\/media?parent=48061"}],"wp:term":[{"taxonomy":"product_brand","embeddable":true,"href":"https:\/\/senabel.com\/sv\/wp-json\/wp\/v2\/product_brand?post=48061"},{"taxonomy":"product_cat","embeddable":true,"href":"https:\/\/senabel.com\/sv\/wp-json\/wp\/v2\/product_cat?post=48061"},{"taxonomy":"product_tag","embeddable":true,"href":"https:\/\/senabel.com\/sv\/wp-json\/wp\/v2\/product_tag?post=48061"}],"curies":[{"name":"wp","href":"https:\/\/api.w.org\/{rel}","templated":true}]}}