{"id":48049,"date":"2025-03-03T13:55:10","date_gmt":"2025-03-03T13:55:10","guid":{"rendered":"https:\/\/senabel.com\/?post_type=product&#038;p=48049"},"modified":"2025-07-01T12:41:29","modified_gmt":"2025-07-01T12:41:29","slug":"manna-och-salwa-choklad-500g","status":"publish","type":"product","link":"https:\/\/senabel.com\/sv\/product\/%d8%b4%d9%88%d9%83%d9%88%d9%84%d8%a7-%d8%a7%d9%84%d9%85%d9%86-%d9%88%d8%a7%d9%84%d8%b3%d9%84%d9%88%d9%89-500%d8%ba\/","title":{"rendered":"Manna och Salwa Choklad 500g"},"content":{"rendered":"<p data-start=\"36\" data-end=\"215\">Njut av smaken av <strong data-start=\"65\" data-end=\"88\">Manna och Salwa Choklad<\/strong> Unikt, d\u00e4r <strong data-start=\"108\" data-end=\"137\">Choklad<\/strong>\u00a0med <strong data-start=\"141\" data-end=\"171\">Kr\u00e4mig Manna- och Salwa-fyllning<\/strong> L\u00e4cker, f\u00e5r det att vattnas i munnen och oemotst\u00e5ndlig!<\/p>\n<p data-start=\"217\" data-end=\"434\"><strong data-start=\"220\" data-end=\"233\">Funktioner:<\/strong><br data-start=\"233\" data-end=\"236\" \/>\u2714 Lyxig mj\u00f6lkchoklad med en len och smakrik konsistens.<br data-start=\"275\" data-end=\"278\" \/>\u2714 Fylld med en unik smaksatt manna- och salwa-fyllning.<br data-start=\"322\" data-end=\"325\" data-is-only-node=\"\" \/>\u2714 Perfekt att servera som en speciell behandling eller att njuta av n\u00e4r som helst.<br data-start=\"383\" data-end=\"386\" \/>\u2714 Passar f\u00f6r alla smaker och stunder av lycka.<\/p>\n<p data-start=\"436\" data-end=\"632\"><strong data-start=\"439\" data-end=\"457\">Produktinformation:<\/strong><br data-start=\"457\" data-end=\"460\" \/><strong data-start=\"463\" data-end=\"473\">Vikt:<\/strong> 500 gram.<\/p>\n<p><strong>Antalet delar:<\/strong> Ett kilo inneh\u00e5ller cirka 40 stycken<br \/>\n<strong data-start=\"489\" data-end=\"502\">Ingredienser:<\/strong> Mj\u00f6lkchoklad, honungsdaggfyllning, socker, kakaosm\u00f6r.<br data-start=\"553\" data-end=\"556\" \/><strong data-start=\"559\" data-end=\"575\">S\u00e4ttet att spara:<\/strong> F\u00f6rvaras svalt, torrt och skyddat fr\u00e5n direkt solljus.<\/p>\n<p data-start=\"634\" data-end=\"715\" data-is-last-node=\"\" data-is-only-node=\"\">Njut av den lyxiga smaken av Manna- och Salwa-choklad och l\u00e4gg till en touch av s\u00f6tma i din dag<\/p>","protected":false},"excerpt":{"rendered":"<p>Njut av smaken av <strong data-start=\"65\" data-end=\"88\">Manna och Salwa Choklad<\/strong> Unikt, d\u00e4r <strong data-start=\"108\" data-end=\"137\">Choklad<\/strong>\u00a0med <strong data-start=\"141\" data-end=\"171\">Kr\u00e4mig Manna- och Salwa-fyllning<\/strong> L\u00e4cker, f\u00e5r det att vattnas i munnen och oemotst\u00e5ndlig!<\/p>","protected":false},"featured_media":48050,"template":"","meta":[],"product_brand":[],"product_cat":[297],"product_tag":[],"class_list":{"0":"post-48049","1":"product","2":"type-product","3":"status-publish","4":"has-post-thumbnail","6":"product_cat-297","8":"first","9":"outofstock","10":"taxable","11":"shipping-taxable","12":"purchasable","13":"product-type-simple"},"_links":{"self":[{"href":"https:\/\/senabel.com\/sv\/wp-json\/wp\/v2\/product\/48049","targetHints":{"allow":["GET"]}}],"collection":[{"href":"https:\/\/senabel.com\/sv\/wp-json\/wp\/v2\/product"}],"about":[{"href":"https:\/\/senabel.com\/sv\/wp-json\/wp\/v2\/types\/product"}],"version-history":[{"count":4,"href":"https:\/\/senabel.com\/sv\/wp-json\/wp\/v2\/product\/48049\/revisions"}],"predecessor-version":[{"id":53334,"href":"https:\/\/senabel.com\/sv\/wp-json\/wp\/v2\/product\/48049\/revisions\/53334"}],"wp:featuredmedia":[{"embeddable":true,"href":"https:\/\/senabel.com\/sv\/wp-json\/wp\/v2\/media\/48050"}],"wp:attachment":[{"href":"https:\/\/senabel.com\/sv\/wp-json\/wp\/v2\/media?parent=48049"}],"wp:term":[{"taxonomy":"product_brand","embeddable":true,"href":"https:\/\/senabel.com\/sv\/wp-json\/wp\/v2\/product_brand?post=48049"},{"taxonomy":"product_cat","embeddable":true,"href":"https:\/\/senabel.com\/sv\/wp-json\/wp\/v2\/product_cat?post=48049"},{"taxonomy":"product_tag","embeddable":true,"href":"https:\/\/senabel.com\/sv\/wp-json\/wp\/v2\/product_tag?post=48049"}],"curies":[{"name":"wp","href":"https:\/\/api.w.org\/{rel}","templated":true}]}}