{"id":47951,"date":"2025-03-01T11:52:53","date_gmt":"2025-03-01T11:52:53","guid":{"rendered":"https:\/\/senabel.com\/?post_type=product&#038;p=47951"},"modified":"2026-04-29T20:02:45","modified_gmt":"2026-04-29T20:02:45","slug":"%d8%a8%d9%8a%d8%b6-%d9%81%d8%b1%d9%8a-%d8%a8%d8%a7%d9%84%d9%84%d9%88%d8%b2-%d9%88%d8%a7%d9%84%d8%b4%d9%88%d9%83%d9%88%d9%84%d8%a7-500%d8%ac","status":"publish","type":"product","link":"https:\/\/senabel.com\/sv\/product\/%d8%a8%d9%8a%d8%b6-%d9%81%d8%b1%d9%8a-%d8%a8%d8%a7%d9%84%d9%84%d9%88%d8%b2-%d9%88%d8%a7%d9%84%d8%b4%d9%88%d9%83%d9%88%d9%84%d8%a7-500%d8%ac\/","title":{"rendered":"\u0628\u064a\u0636 \u0641\u0631\u064a \u0628\u0627\u0644\u0644\u0648\u0632 \u0648\u0627\u0644\u0634\u0648\u0643\u0648\u0644\u0627 500\u062c"},"content":{"rendered":"<p data-start=\"41\" data-end=\"257\">Egg Free \u00e4r en uts\u00f6kt kombination av mandlar \u00f6verdragna med ett rikt lager av len choklad och toppad med en f\u00e4rgglad sockerskorpa som ger den en vacker form och en oemotst\u00e5ndlig smak. Perfekt att avnjuta till kaffet eller som en lyxig dessert.<\/p>\n<p data-start=\"259\" data-end=\"460\"><strong data-start=\"262\" data-end=\"275\">Funktioner:<\/strong><br data-start=\"275\" data-end=\"278\" \/>\u2714 <strong data-start=\"280\" data-end=\"324\">Rostade mandlar \u00f6verdragna med lager av lyxig choklad<\/strong>.<br data-start=\"325\" data-end=\"328\" \/>\u2714 <strong data-start=\"330\" data-end=\"367\" data-is-only-node=\"\">F\u00e4rgad sockerskorpa ger en uts\u00f6kt krispighet<\/strong>.<br data-start=\"368\" data-end=\"371\" \/>\u2714 <strong data-start=\"373\" data-end=\"412\">En distinkt smak som kombinerar s\u00f6tma och krispighet<\/strong>.<br data-start=\"413\" data-end=\"416\" \/>\u2714 <strong data-start=\"418\" data-end=\"457\">Perfekt f\u00f6r servering vid evenemang och fester<\/strong>.<\/p>\n<p data-start=\"462\" data-end=\"485\"><strong data-start=\"465\" data-end=\"483\">Produktinformation:<\/strong><\/p>\n<ul data-start=\"486\" data-end=\"661\">\n<li data-start=\"486\" data-end=\"521\"><strong data-start=\"488\" data-end=\"498\">Vikt:<\/strong> Finns i olika vikter.<\/li>\n<li data-start=\"522\" data-end=\"585\"><strong data-start=\"524\" data-end=\"537\">Ingredienser:<\/strong> Rostade mandlar, mj\u00f6lkchoklad, socker, naturliga aromer.<\/li>\n<li data-start=\"586\" data-end=\"661\"><strong data-start=\"588\" data-end=\"604\">S\u00e4ttet att spara:<\/strong> F\u00f6rvaras svalt, torrt och skyddat fr\u00e5n direkt solljus.<\/li>\n<\/ul>\n<p data-start=\"663\" data-end=\"725\" data-is-last-node=\"\" data-is-only-node=\"\"><strong data-start=\"666\" data-end=\"725\" data-is-last-node=\"\">Njut av en lyxig choklad- och mandelupplevelse i varje tugga<\/strong><\/p>","protected":false},"excerpt":{"rendered":"<p>Egg Free \u00e4r en uts\u00f6kt kombination av mandlar \u00f6verdragna med ett rikt lager av len choklad och toppad med en f\u00e4rgglad sockerskorpa som ger den en vacker form och en oemotst\u00e5ndlig smak. Perfekt att avnjuta till kaffet eller som en lyxig dessert.<\/p>","protected":false},"featured_media":47952,"template":"","meta":[],"product_brand":[],"product_cat":[349,297,347],"product_tag":[],"class_list":{"0":"post-47951","1":"product","2":"type-product","3":"status-publish","4":"has-post-thumbnail","6":"product_cat-349","7":"product_cat-297","8":"product_cat-347","10":"first","11":"instock","12":"taxable","13":"shipping-taxable","14":"purchasable","15":"product-type-simple"},"_links":{"self":[{"href":"https:\/\/senabel.com\/sv\/wp-json\/wp\/v2\/product\/47951","targetHints":{"allow":["GET"]}}],"collection":[{"href":"https:\/\/senabel.com\/sv\/wp-json\/wp\/v2\/product"}],"about":[{"href":"https:\/\/senabel.com\/sv\/wp-json\/wp\/v2\/types\/product"}],"version-history":[{"count":4,"href":"https:\/\/senabel.com\/sv\/wp-json\/wp\/v2\/product\/47951\/revisions"}],"predecessor-version":[{"id":63002,"href":"https:\/\/senabel.com\/sv\/wp-json\/wp\/v2\/product\/47951\/revisions\/63002"}],"wp:featuredmedia":[{"embeddable":true,"href":"https:\/\/senabel.com\/sv\/wp-json\/wp\/v2\/media\/47952"}],"wp:attachment":[{"href":"https:\/\/senabel.com\/sv\/wp-json\/wp\/v2\/media?parent=47951"}],"wp:term":[{"taxonomy":"product_brand","embeddable":true,"href":"https:\/\/senabel.com\/sv\/wp-json\/wp\/v2\/product_brand?post=47951"},{"taxonomy":"product_cat","embeddable":true,"href":"https:\/\/senabel.com\/sv\/wp-json\/wp\/v2\/product_cat?post=47951"},{"taxonomy":"product_tag","embeddable":true,"href":"https:\/\/senabel.com\/sv\/wp-json\/wp\/v2\/product_tag?post=47951"}],"curies":[{"name":"wp","href":"https:\/\/api.w.org\/{rel}","templated":true}]}}