{"id":47947,"date":"2025-03-01T12:00:25","date_gmt":"2025-03-01T12:00:25","guid":{"rendered":"https:\/\/senabel.com\/?post_type=product&#038;p=47947"},"modified":"2026-05-01T11:22:21","modified_gmt":"2026-05-01T11:22:21","slug":"isolering-for-flickor-250-g","status":"publish","type":"product","link":"https:\/\/senabel.com\/sv\/product\/%d8%b9%d8%b2%d9%84-%d8%a7%d9%84%d8%a8%d9%86%d8%a7%d8%aa-250%d8%ba\/","title":{"rendered":"Sockervadd 250g"},"content":{"rendered":"<p data-start=\"36\" data-end=\"253\">Isol Bunnat, \u00e4ven k\u00e4nd som sockervadd, \u00e4r en av de mest fantastiska orientaliska desserterna med en unik smak och en mjuk konsistens som sm\u00e4lter i munnen. Perfekt f\u00f6r dig som \u00e4lskar l\u00e4tta, s\u00f6ta desserter.<\/p>\n<p data-start=\"255\" data-end=\"469\"><strong data-start=\"258\" data-end=\"271\">Funktioner:<\/strong><br data-start=\"271\" data-end=\"274\" \/>\u2714 <strong data-start=\"276\" data-end=\"318\">En traditionell orientalisk dessert med en mjuk och l\u00e4tt konsistens<\/strong>.<br data-start=\"319\" data-end=\"322\" \/>\u2714 <strong data-start=\"324\" data-end=\"370\" data-is-only-node=\"\">Tillverkad med 100% naturliga ingredienser och utan konserveringsmedel<\/strong>.<br data-start=\"371\" data-end=\"374\" \/>\u2714 <strong data-start=\"376\" data-end=\"429\">Perfekt att servera till kaffe, te eller som mellanm\u00e5l<\/strong>.<br data-start=\"430\" data-end=\"433\" \/>\u2714 <strong data-start=\"435\" data-end=\"466\">L\u00e4mplig f\u00f6r alla \u00e5ldersgrupper<\/strong>.<\/p>\n<p data-start=\"471\" data-end=\"494\"><strong data-start=\"474\" data-end=\"492\">Produktinformation:<\/strong><\/p>\n<ul data-start=\"495\" data-end=\"618\">\n<li data-start=\"495\" data-end=\"519\"><strong data-start=\"497\" data-end=\"507\">Vikt:<\/strong> 250 gram.<\/li>\n<li data-start=\"520\" data-end=\"554\"><strong data-start=\"522\" data-end=\"535\">Ingredienser:<\/strong> Socker, mj\u00f6l, sm\u00f6r.<\/li>\n<li data-start=\"555\" data-end=\"618\"><strong data-start=\"557\" data-end=\"573\">S\u00e4ttet att spara:<\/strong> F\u00f6rvaras svalt, torrt och skyddat fr\u00e5n fukt.<\/li>\n<\/ul>\n<p data-start=\"620\" data-end=\"682\" data-is-last-node=\"\" data-is-only-node=\"\"><strong data-start=\"623\" data-end=\"682\" data-is-last-node=\"\">Njut av den klassiska smaken av denna l\u00e4ckra efterr\u00e4tt f\u00f6r flickors isolering<\/strong><\/p>","protected":false},"excerpt":{"rendered":"<p>Isol Bunnat, \u00e4ven k\u00e4nd som sockervadd, \u00e4r en av de mest fantastiska orientaliska desserterna med en unik smak och en mjuk konsistens som sm\u00e4lter i munnen. Perfekt f\u00f6r dig som \u00e4lskar l\u00e4tta, s\u00f6ta desserter.<\/p>","protected":false},"featured_media":47948,"template":"","meta":[],"product_brand":[],"product_cat":[349,220,299,347],"product_tag":[],"class_list":{"0":"post-47947","1":"product","2":"type-product","3":"status-publish","4":"has-post-thumbnail","6":"product_cat-349","7":"product_cat-220","8":"product_cat-299","9":"product_cat-347","11":"first","12":"instock","13":"taxable","14":"shipping-taxable","15":"purchasable","16":"product-type-simple"},"_links":{"self":[{"href":"https:\/\/senabel.com\/sv\/wp-json\/wp\/v2\/product\/47947","targetHints":{"allow":["GET"]}}],"collection":[{"href":"https:\/\/senabel.com\/sv\/wp-json\/wp\/v2\/product"}],"about":[{"href":"https:\/\/senabel.com\/sv\/wp-json\/wp\/v2\/types\/product"}],"version-history":[{"count":5,"href":"https:\/\/senabel.com\/sv\/wp-json\/wp\/v2\/product\/47947\/revisions"}],"predecessor-version":[{"id":60246,"href":"https:\/\/senabel.com\/sv\/wp-json\/wp\/v2\/product\/47947\/revisions\/60246"}],"wp:featuredmedia":[{"embeddable":true,"href":"https:\/\/senabel.com\/sv\/wp-json\/wp\/v2\/media\/47948"}],"wp:attachment":[{"href":"https:\/\/senabel.com\/sv\/wp-json\/wp\/v2\/media?parent=47947"}],"wp:term":[{"taxonomy":"product_brand","embeddable":true,"href":"https:\/\/senabel.com\/sv\/wp-json\/wp\/v2\/product_brand?post=47947"},{"taxonomy":"product_cat","embeddable":true,"href":"https:\/\/senabel.com\/sv\/wp-json\/wp\/v2\/product_cat?post=47947"},{"taxonomy":"product_tag","embeddable":true,"href":"https:\/\/senabel.com\/sv\/wp-json\/wp\/v2\/product_tag?post=47947"}],"curies":[{"name":"wp","href":"https:\/\/api.w.org\/{rel}","templated":true}]}}