{"id":47942,"date":"2025-03-01T12:00:09","date_gmt":"2025-03-01T12:00:09","guid":{"rendered":"https:\/\/senabel.com\/?post_type=product&#038;p=47942"},"modified":"2026-04-21T10:41:39","modified_gmt":"2026-04-21T10:41:39","slug":"isolering-av-flickor-med-pistaschnotter-250-g","status":"publish","type":"product","link":"https:\/\/senabel.com\/sv\/product\/%d8%b9%d8%b2%d9%84-%d8%a7%d9%84%d8%a8%d9%86%d8%a7%d8%aa-%d8%a8%d8%a7%d9%84%d9%81%d8%b3%d8%aa%d9%82-250%d8%ba\/","title":{"rendered":"Sockervadd med pistasch 250g"},"content":{"rendered":"<p data-start=\"44\" data-end=\"279\">Njut av den unika smaken av Pistachio Izel Buns, gjorda av mjuka sockerstr\u00e4ngar och fyllda med naturliga pistaschsmaker. Denna traditionella turkiska dessert \u00e4r ett utm\u00e4rkt val f\u00f6r alla som \u00e4lskar orientaliska s\u00f6tsaker med en l\u00e4tt konsistens och rik smak.<\/p>\n<p data-start=\"281\" data-end=\"499\"><strong data-start=\"284\" data-end=\"297\">Funktioner:<\/strong><br data-start=\"297\" data-end=\"300\" \/>\u2714 <strong data-start=\"302\" data-end=\"344\">En traditionell turkisk dessert med en mjuk och l\u00e4tt konsistens<\/strong>.<br data-start=\"345\" data-end=\"348\" \/>\u2714 <strong data-start=\"350\" data-end=\"389\" data-is-only-node=\"\">S\u00f6tad med naturliga pistagen\u00f6tter f\u00f6r att f\u00f6rst\u00e4rka smaken<\/strong>.<br data-start=\"390\" data-end=\"393\" \/>\u2714 <strong data-start=\"395\" data-end=\"444\">Perfekt f\u00f6r olika tillf\u00e4llen och att servera till kaffe eller te<\/strong>.<br data-start=\"445\" data-end=\"448\" \/>\u2714 <strong data-start=\"450\" data-end=\"496\">H\u00f6gkvalitativ produkt tillverkad med naturliga ingredienser 100%<\/strong>.<\/p>\n<p data-start=\"501\" data-end=\"524\"><strong data-start=\"504\" data-end=\"522\">Produktinformation:<\/strong><\/p>\n<ul data-start=\"525\" data-end=\"659\">\n<li data-start=\"525\" data-end=\"549\"><strong data-start=\"527\" data-end=\"537\">Vikt:<\/strong> 250 gram.<\/li>\n<li data-start=\"550\" data-end=\"595\"><strong data-start=\"552\" data-end=\"565\">Ingredienser:<\/strong> Socker, mj\u00f6l, sm\u00f6r, pistagen\u00f6tter.<\/li>\n<li data-start=\"596\" data-end=\"659\"><strong data-start=\"598\" data-end=\"614\">S\u00e4ttet att spara:<\/strong> F\u00f6rvaras svalt, torrt och skyddat fr\u00e5n fukt.<\/li>\n<\/ul>\n<p data-start=\"661\" data-end=\"737\" data-is-last-node=\"\" data-is-only-node=\"\"><strong data-start=\"664\" data-end=\"737\" data-is-last-node=\"\">Njut av en unik s\u00f6tma som sm\u00e4lter i munnen, perfekt f\u00f6r \u00e4lskare av orientaliska desserter<\/strong><\/p>","protected":false},"excerpt":{"rendered":"<p>Njut av den unika smaken av Pistachio Izel Buns, gjorda av mjuka sockerstr\u00e4ngar och fyllda med naturliga pistaschsmaker. Denna traditionella turkiska dessert \u00e4r ett utm\u00e4rkt val f\u00f6r alla som \u00e4lskar orientaliska s\u00f6tsaker med en l\u00e4tt konsistens och rik smak.<\/p>","protected":false},"featured_media":47943,"template":"","meta":[],"product_brand":[],"product_cat":[349,220,299,347],"product_tag":[],"class_list":{"0":"post-47942","1":"product","2":"type-product","3":"status-publish","4":"has-post-thumbnail","6":"product_cat-349","7":"product_cat-220","8":"product_cat-299","9":"product_cat-347","11":"first","12":"instock","13":"taxable","14":"shipping-taxable","15":"purchasable","16":"product-type-simple"},"_links":{"self":[{"href":"https:\/\/senabel.com\/sv\/wp-json\/wp\/v2\/product\/47942","targetHints":{"allow":["GET"]}}],"collection":[{"href":"https:\/\/senabel.com\/sv\/wp-json\/wp\/v2\/product"}],"about":[{"href":"https:\/\/senabel.com\/sv\/wp-json\/wp\/v2\/types\/product"}],"version-history":[{"count":5,"href":"https:\/\/senabel.com\/sv\/wp-json\/wp\/v2\/product\/47942\/revisions"}],"predecessor-version":[{"id":62855,"href":"https:\/\/senabel.com\/sv\/wp-json\/wp\/v2\/product\/47942\/revisions\/62855"}],"wp:featuredmedia":[{"embeddable":true,"href":"https:\/\/senabel.com\/sv\/wp-json\/wp\/v2\/media\/47943"}],"wp:attachment":[{"href":"https:\/\/senabel.com\/sv\/wp-json\/wp\/v2\/media?parent=47942"}],"wp:term":[{"taxonomy":"product_brand","embeddable":true,"href":"https:\/\/senabel.com\/sv\/wp-json\/wp\/v2\/product_brand?post=47942"},{"taxonomy":"product_cat","embeddable":true,"href":"https:\/\/senabel.com\/sv\/wp-json\/wp\/v2\/product_cat?post=47942"},{"taxonomy":"product_tag","embeddable":true,"href":"https:\/\/senabel.com\/sv\/wp-json\/wp\/v2\/product_tag?post=47942"}],"curies":[{"name":"wp","href":"https:\/\/api.w.org\/{rel}","templated":true}]}}