{"id":47938,"date":"2025-03-01T12:05:56","date_gmt":"2025-03-01T12:05:56","guid":{"rendered":"https:\/\/senabel.com\/?post_type=product&#038;p=47938"},"modified":"2025-05-18T07:45:15","modified_gmt":"2025-05-18T07:45:15","slug":"saudi-vegetable-dadlar-900g","status":"publish","type":"product","link":"https:\/\/senabel.com\/sv\/product\/%d8%aa%d9%85%d8%b1-%d8%ae%d8%b6%d8%b1%d9%8a-%d8%b3%d8%b9%d9%88%d8%af%d9%8a-900%d8%ba\/","title":{"rendered":"Saudi Vegetable Dadlar 900g"},"content":{"rendered":"<p data-start=\"40\" data-end=\"225\">Njut av den unika smaken av Saudi Khudari Dadlar, k\u00e4nda f\u00f6r sin medels\u00f6ta och mjuka, saftiga konsistens. Ett perfekt val f\u00f6r dadel\u00e4lskare som vill ha en naturlig smak som \u00e4r rik p\u00e5 h\u00e4lsof\u00f6rdelar.<\/p>\n<p data-start=\"227\" data-end=\"428\"><strong data-start=\"230\" data-end=\"243\">Funktioner:<\/strong><br data-start=\"243\" data-end=\"246\" \/>\u2714 <strong data-start=\"248\" data-end=\"281\">100% naturliga dadlar utan n\u00e5gra tillsatser<\/strong>.<br data-start=\"282\" data-end=\"285\" \/>\u2714 <strong data-start=\"287\" data-end=\"316\" data-is-only-node=\"\">Mjuk konsistens och balanserad sockersmak<\/strong>.<br data-start=\"317\" data-end=\"320\" \/>\u2714 <strong data-start=\"322\" data-end=\"361\">Utm\u00e4rkt k\u00e4lla till energi och fibrer<\/strong>.<br data-start=\"362\" data-end=\"365\" \/>\u2714 <strong data-start=\"367\" data-end=\"425\">L\u00e4mplig att \u00e4ta direkt eller att anv\u00e4nda i desserter och bakverk<\/strong>.<\/p>\n<p data-start=\"430\" data-end=\"453\"><strong data-start=\"433\" data-end=\"451\">Produktinformation:<\/strong><\/p>\n<ul data-start=\"454\" data-end=\"604\">\n<li data-start=\"454\" data-end=\"478\"><strong data-start=\"456\" data-end=\"466\">Typ:<\/strong> Gr\u00f6na datum.<\/li>\n<li data-start=\"479\" data-end=\"509\"><strong data-start=\"481\" data-end=\"492\">Ursprung:<\/strong> Saudiarabien. \ud83c\uddf8\ud83c\udde6.<\/li>\n<li data-start=\"510\" data-end=\"534\"><strong data-start=\"512\" data-end=\"522\">Vikt:<\/strong> 900 gram.<\/li>\n<li data-start=\"535\" data-end=\"604\"><strong data-start=\"537\" data-end=\"553\">S\u00e4ttet att spara:<\/strong> F\u00f6rvara p\u00e5 en sval och torr plats f\u00f6r att bibeh\u00e5lla f\u00e4rskhet och kvalitet.<\/li>\n<\/ul>\n<p data-start=\"606\" data-end=\"671\" data-is-last-node=\"\" data-is-only-node=\"\"><strong data-start=\"609\" data-end=\"671\" data-is-last-node=\"\">Njut av saudiarabiska gr\u00f6na dadlar, ditt h\u00e4lsosamma och naturliga val f\u00f6r varje dag<\/strong><\/p>","protected":false},"excerpt":{"rendered":"<p>Njut av den unika smaken av Saudi Khudari Dadlar, k\u00e4nda f\u00f6r sin medels\u00f6ta och mjuka, saftiga konsistens. Ett perfekt val f\u00f6r dadel\u00e4lskare som vill ha en naturlig smak som \u00e4r rik p\u00e5 h\u00e4lsof\u00f6rdelar.<\/p>","protected":false},"featured_media":47939,"template":"","meta":[],"product_brand":[],"product_cat":[349,309,227],"product_tag":[],"class_list":{"0":"post-47938","1":"product","2":"type-product","3":"status-publish","4":"has-post-thumbnail","6":"product_cat-349","7":"product_cat-309","8":"product_cat-227","10":"first","11":"outofstock","12":"sale","13":"taxable","14":"shipping-taxable","15":"purchasable","16":"product-type-simple"},"_links":{"self":[{"href":"https:\/\/senabel.com\/sv\/wp-json\/wp\/v2\/product\/47938","targetHints":{"allow":["GET"]}}],"collection":[{"href":"https:\/\/senabel.com\/sv\/wp-json\/wp\/v2\/product"}],"about":[{"href":"https:\/\/senabel.com\/sv\/wp-json\/wp\/v2\/types\/product"}],"version-history":[{"count":3,"href":"https:\/\/senabel.com\/sv\/wp-json\/wp\/v2\/product\/47938\/revisions"}],"predecessor-version":[{"id":50421,"href":"https:\/\/senabel.com\/sv\/wp-json\/wp\/v2\/product\/47938\/revisions\/50421"}],"wp:featuredmedia":[{"embeddable":true,"href":"https:\/\/senabel.com\/sv\/wp-json\/wp\/v2\/media\/47939"}],"wp:attachment":[{"href":"https:\/\/senabel.com\/sv\/wp-json\/wp\/v2\/media?parent=47938"}],"wp:term":[{"taxonomy":"product_brand","embeddable":true,"href":"https:\/\/senabel.com\/sv\/wp-json\/wp\/v2\/product_brand?post=47938"},{"taxonomy":"product_cat","embeddable":true,"href":"https:\/\/senabel.com\/sv\/wp-json\/wp\/v2\/product_cat?post=47938"},{"taxonomy":"product_tag","embeddable":true,"href":"https:\/\/senabel.com\/sv\/wp-json\/wp\/v2\/product_tag?post=47938"}],"curies":[{"name":"wp","href":"https:\/\/api.w.org\/{rel}","templated":true}]}}