{"id":47927,"date":"2025-03-01T12:16:33","date_gmt":"2025-03-01T12:16:33","guid":{"rendered":"https:\/\/senabel.com\/?post_type=product&#038;p=47927"},"modified":"2025-04-01T11:45:30","modified_gmt":"2025-04-01T11:45:30","slug":"beshmina-halawa-halawa-1kg","status":"publish","type":"product","link":"https:\/\/senabel.com\/sv\/product\/%d8%ad%d9%84%d8%a7%d9%88%d8%a9-%d8%ad%d9%85%d8%b5%d9%8a%d8%a9-%d8%a8%d8%b4%d9%85%d9%8a%d9%86%d8%a9-1-%d9%83%d8%ba\/","title":{"rendered":"Beshmina Halawa Halawa 1kg"},"content":{"rendered":"<p data-start=\"33\" data-end=\"233\">Denna traditionella Bashmina-halva \u00e4r gjord av tahini och socker av h\u00f6gsta kvalitet och har en len konsistens och en rik, smakrik smak. Perfekt f\u00f6r en energigivande frukost eller som en uts\u00f6kt dessert n\u00e4r som helst p\u00e5 dagen.<\/p>\n<p data-start=\"235\" data-end=\"481\"><strong data-start=\"238\" data-end=\"251\">Funktioner:<\/strong><br data-start=\"251\" data-end=\"254\" \/>\u2714 <strong data-start=\"256\" data-end=\"286\">Tillverkad med naturlig tahini<\/strong> F\u00f6r en autentisk och fyllig smak.<br data-start=\"303\" data-end=\"306\" \/>\u2714 <strong data-start=\"308\" data-end=\"335\" data-is-only-node=\"\">Fri fr\u00e5n konserveringsmedel<\/strong>vilket g\u00f6r det till ett h\u00e4lsosamt och v\u00e4lsmakande alternativ.<br data-start=\"369\" data-end=\"372\" \/>\u2714 <strong data-start=\"374\" data-end=\"389\">Naturlig energi<\/strong> Hj\u00e4lper till att ge kroppen energi under dagen.<\/p>\n<p data-start=\"483\" data-end=\"506\"><strong data-start=\"486\" data-end=\"504\">Produktinformation:<\/strong><\/p>\n<ul data-start=\"507\" data-end=\"750\">\n<li data-start=\"507\" data-end=\"527\"><strong data-start=\"509\" data-end=\"519\">Vikt:<\/strong> 1 kg.<\/li>\n<li data-start=\"528\" data-end=\"574\"><strong data-start=\"530\" data-end=\"543\">Ingredienser:<\/strong> Tahini, socker, naturliga extrakt.<\/li>\n<li data-start=\"575\" data-end=\"645\"><strong data-start=\"577\" data-end=\"591\">Anv\u00e4nd:<\/strong> De kan \u00e4tas direkt eller anv\u00e4ndas i efterr\u00e4tter.<\/li>\n<li data-start=\"646\" data-end=\"750\"><strong data-start=\"648\" data-end=\"666\">F\u00f6rvaringsmetoden:<\/strong> F\u00f6rvara p\u00e5 en sval, torr plats, borta fr\u00e5n fukt och direkt solljus f\u00f6r att bevara dess kvalitet.<\/li>\n<\/ul>\n<p data-start=\"752\" data-end=\"811\" data-is-last-node=\"\" data-is-only-node=\"\"><strong data-start=\"755\" data-end=\"811\" data-is-last-node=\"\">Njut av en fantastisk traditionell smak med \u00e4kta Bashmina Halawa<\/strong><\/p>","protected":false},"excerpt":{"rendered":"<p>Denna traditionella Bashmina-halva \u00e4r gjord av tahini och socker av h\u00f6gsta kvalitet och har en len konsistens och en rik, smakrik smak. Perfekt f\u00f6r en energigivande frukost eller som en uts\u00f6kt dessert n\u00e4r som helst p\u00e5 dagen.<\/p>","protected":false},"featured_media":47928,"template":"","meta":[],"product_brand":[],"product_cat":[349,220,299,347],"product_tag":[],"class_list":{"0":"post-47927","1":"product","2":"type-product","3":"status-publish","4":"has-post-thumbnail","6":"product_cat-349","7":"product_cat-220","8":"product_cat-299","9":"product_cat-347","11":"first","12":"outofstock","13":"taxable","14":"shipping-taxable","15":"purchasable","16":"product-type-simple"},"_links":{"self":[{"href":"https:\/\/senabel.com\/sv\/wp-json\/wp\/v2\/product\/47927","targetHints":{"allow":["GET"]}}],"collection":[{"href":"https:\/\/senabel.com\/sv\/wp-json\/wp\/v2\/product"}],"about":[{"href":"https:\/\/senabel.com\/sv\/wp-json\/wp\/v2\/types\/product"}],"version-history":[{"count":3,"href":"https:\/\/senabel.com\/sv\/wp-json\/wp\/v2\/product\/47927\/revisions"}],"predecessor-version":[{"id":47983,"href":"https:\/\/senabel.com\/sv\/wp-json\/wp\/v2\/product\/47927\/revisions\/47983"}],"wp:featuredmedia":[{"embeddable":true,"href":"https:\/\/senabel.com\/sv\/wp-json\/wp\/v2\/media\/47928"}],"wp:attachment":[{"href":"https:\/\/senabel.com\/sv\/wp-json\/wp\/v2\/media?parent=47927"}],"wp:term":[{"taxonomy":"product_brand","embeddable":true,"href":"https:\/\/senabel.com\/sv\/wp-json\/wp\/v2\/product_brand?post=47927"},{"taxonomy":"product_cat","embeddable":true,"href":"https:\/\/senabel.com\/sv\/wp-json\/wp\/v2\/product_cat?post=47927"},{"taxonomy":"product_tag","embeddable":true,"href":"https:\/\/senabel.com\/sv\/wp-json\/wp\/v2\/product_tag?post=47927"}],"curies":[{"name":"wp","href":"https:\/\/api.w.org\/{rel}","templated":true}]}}