{"id":47923,"date":"2025-03-01T12:19:45","date_gmt":"2025-03-01T12:19:45","guid":{"rendered":"https:\/\/senabel.com\/?post_type=product&#038;p=47923"},"modified":"2026-03-29T13:13:31","modified_gmt":"2026-03-29T13:13:31","slug":"tamarind-500g","status":"publish","type":"product","link":"https:\/\/senabel.com\/sv\/product\/%d8%aa%d9%85%d8%b1-%d9%87%d9%86%d8%af%d9%8a-500%d8%ba\/","title":{"rendered":"Tamarind 500g"},"content":{"rendered":"<p data-start=\"30\" data-end=\"176\">Tamarind 100% \u00e4r perfekt f\u00f6r att g\u00f6ra uppfriskande och l\u00e4ckra smoothies, och kan ocks\u00e5 anv\u00e4ndas i matlagning f\u00f6r att ge en distinkt citrussmak till olika r\u00e4tter.<\/p>\n<p data-start=\"178\" data-end=\"405\"><strong data-start=\"181\" data-end=\"194\">Funktioner:<\/strong><br data-start=\"194\" data-end=\"197\" \/>\u2714 <strong data-start=\"199\" data-end=\"213\">Naturell 100%<\/strong> Fri fr\u00e5n artificiella tillsatser.<br data-start=\"240\" data-end=\"243\" \/>\u2714 <strong data-start=\"245\" data-end=\"265\" data-is-only-node=\"\">Uppfriskande citrussmak<\/strong> Perfekt f\u00f6r att g\u00f6ra traditionella drinkar.<br data-start=\"300\" data-end=\"303\" \/>\u2714 <strong data-start=\"305\" data-end=\"324\">Anv\u00e4nds i matlagning<\/strong> F\u00f6r att ge en distinkt smak till s\u00e5ser och matr\u00e4tter.<br data-start=\"358\" data-end=\"361\" \/>\u2714 <strong data-start=\"363\" data-end=\"402\">En bra k\u00e4lla till fibrer och n\u00e4rings\u00e4mnen<\/strong>.<\/p>\n<p data-start=\"407\" data-end=\"430\"><strong data-start=\"410\" data-end=\"428\">Produktinformation:<\/strong><\/p>\n<ul data-start=\"431\" data-end=\"681\">\n<li data-start=\"431\" data-end=\"451\"><strong data-start=\"433\" data-end=\"443\">Vikt:<\/strong> 500g.<\/li>\n<li data-start=\"452\" data-end=\"485\"><strong data-start=\"454\" data-end=\"467\">Ingredienser:<\/strong> Naturlig tamarind.<\/li>\n<li data-start=\"486\" data-end=\"591\"><strong data-start=\"488\" data-end=\"502\">Anv\u00e4nd:<\/strong> Den kan bl\u00f6tl\u00e4ggas i vatten och silas f\u00f6r att g\u00f6ra en tamarinddryck, eller anv\u00e4ndas i olika recept.<\/li>\n<li data-start=\"592\" data-end=\"681\"><strong data-start=\"594\" data-end=\"612\">F\u00f6rvaringsmetoden:<\/strong> F\u00f6rvara p\u00e5 en sval, torr plats utan fukt f\u00f6r att bevara den friska smaken.<\/li>\n<\/ul>\n<p data-start=\"683\" data-end=\"743\" data-is-last-node=\"\" data-is-only-node=\"\"><strong data-start=\"686\" data-end=\"743\" data-is-last-node=\"\">Njut av en naturlig och uppfriskande smak med h\u00f6gkvalitativ tamarind<\/strong><\/p>","protected":false},"excerpt":{"rendered":"<p>Tamarind 100% \u00e4r perfekt f\u00f6r att g\u00f6ra uppfriskande och l\u00e4ckra smoothies, och kan ocks\u00e5 anv\u00e4ndas i matlagning f\u00f6r att ge en distinkt citrussmak till olika r\u00e4tter.<\/p>","protected":false},"featured_media":47924,"template":"","meta":[],"product_brand":[],"product_cat":[349],"product_tag":[],"class_list":{"0":"post-47923","1":"product","2":"type-product","3":"status-publish","4":"has-post-thumbnail","6":"product_cat-349","8":"first","9":"outofstock","10":"taxable","11":"shipping-taxable","12":"purchasable","13":"product-type-simple"},"_links":{"self":[{"href":"https:\/\/senabel.com\/sv\/wp-json\/wp\/v2\/product\/47923","targetHints":{"allow":["GET"]}}],"collection":[{"href":"https:\/\/senabel.com\/sv\/wp-json\/wp\/v2\/product"}],"about":[{"href":"https:\/\/senabel.com\/sv\/wp-json\/wp\/v2\/types\/product"}],"version-history":[{"count":3,"href":"https:\/\/senabel.com\/sv\/wp-json\/wp\/v2\/product\/47923\/revisions"}],"predecessor-version":[{"id":48429,"href":"https:\/\/senabel.com\/sv\/wp-json\/wp\/v2\/product\/47923\/revisions\/48429"}],"wp:featuredmedia":[{"embeddable":true,"href":"https:\/\/senabel.com\/sv\/wp-json\/wp\/v2\/media\/47924"}],"wp:attachment":[{"href":"https:\/\/senabel.com\/sv\/wp-json\/wp\/v2\/media?parent=47923"}],"wp:term":[{"taxonomy":"product_brand","embeddable":true,"href":"https:\/\/senabel.com\/sv\/wp-json\/wp\/v2\/product_brand?post=47923"},{"taxonomy":"product_cat","embeddable":true,"href":"https:\/\/senabel.com\/sv\/wp-json\/wp\/v2\/product_cat?post=47923"},{"taxonomy":"product_tag","embeddable":true,"href":"https:\/\/senabel.com\/sv\/wp-json\/wp\/v2\/product_tag?post=47923"}],"curies":[{"name":"wp","href":"https:\/\/api.w.org\/{rel}","templated":true}]}}