{"id":47906,"date":"2025-03-01T12:31:21","date_gmt":"2025-03-01T12:31:21","guid":{"rendered":"https:\/\/senabel.com\/?post_type=product&#038;p=47906"},"modified":"2025-05-24T08:00:52","modified_gmt":"2025-05-24T08:00:52","slug":"lotus-kram-400g","status":"publish","type":"product","link":"https:\/\/senabel.com\/sv\/product\/%d9%83%d8%b1%d9%8a%d9%85%d8%a9-%d8%a7%d9%84%d9%84%d9%88%d8%aa%d8%b3-400%d8%ba\/","title":{"rendered":"Lotus Kr\u00e4m 400g"},"content":{"rendered":"<p data-start=\"40\" data-end=\"222\">Njut av smaken av <strong data-start=\"69\" data-end=\"96\">Klassiska Lotuskex<\/strong> I form av en len och h\u00e4rlig kr\u00e4m! Perfekt att breda p\u00e5 rostat br\u00f6d, pannkakor, desserter eller till och med \u00e4ta direkt ur skeden f\u00f6r den som \u00e4lskar den unika smaken.<\/p>\n<p data-start=\"224\" data-end=\"476\"><strong data-start=\"227\" data-end=\"240\">Funktioner:<\/strong><br data-start=\"240\" data-end=\"243\" \/>\u2714 <strong data-start=\"245\" data-end=\"275\">Original Lotus Biscuit-smak<\/strong> Med en rik och uts\u00f6kt smak.<br data-start=\"291\" data-end=\"294\" \/>\u2714 <strong data-start=\"296\" data-end=\"315\" data-is-only-node=\"\">Len och kr\u00e4mig konsistens<\/strong> L\u00e4tt att breda p\u00e5 br\u00f6d eller anv\u00e4nda i desserter.<br data-start=\"360\" data-end=\"363\" \/>\u2714 <strong data-start=\"365\" data-end=\"411\">Fri fr\u00e5n artificiella f\u00e4rg\u00e4mnen och konserveringsmedel.<\/strong><br data-start=\"411\" data-end=\"414\" \/>\u2714 <strong data-start=\"416\" data-end=\"474\">Perfekt f\u00f6r frukost, snacks och desserter.<\/strong><\/p>\n<p data-start=\"478\" data-end=\"501\"><strong data-start=\"481\" data-end=\"499\">Produktinformation:<\/strong><\/p>\n<ul data-start=\"502\" data-end=\"772\">\n<li data-start=\"502\" data-end=\"526\"><strong data-start=\"504\" data-end=\"514\">Vikt:<\/strong> 400 gram.<\/li>\n<li data-start=\"527\" data-end=\"599\"><strong data-start=\"529\" data-end=\"542\">Ingredienser:<\/strong> Malda lotusbiskvier, vegetabiliska oljor, socker, kanel etc.<\/li>\n<li data-start=\"600\" data-end=\"700\"><strong data-start=\"602\" data-end=\"622\">Hur man anv\u00e4nder den:<\/strong> Den kan bredas p\u00e5 rostat br\u00f6d, crepes, v\u00e5fflor eller anv\u00e4ndas i desserter och bakverk.<\/li>\n<li data-start=\"701\" data-end=\"772\"><strong data-start=\"703\" data-end=\"715\">F\u00f6rvaring:<\/strong> F\u00f6rvara p\u00e5 en sval, torr plats, skyddad fr\u00e5n direkt solljus.<\/li>\n<\/ul>\n<p data-start=\"774\" data-end=\"834\" data-is-last-node=\"\" data-is-only-node=\"\"><strong data-start=\"777\" data-end=\"834\" data-is-last-node=\"\">Prova den idag och ge en speciell touch till dina desserter och bakverk<\/strong><\/p>","protected":false},"excerpt":{"rendered":"<p>Njut av smaken av <strong data-start=\"69\" data-end=\"96\">Klassiska Lotuskex<\/strong> I form av en len och h\u00e4rlig kr\u00e4m! Perfekt att breda p\u00e5 rostat br\u00f6d, pannkakor, desserter eller till och med \u00e4ta direkt ur skeden f\u00f6r den som \u00e4lskar den unika smaken.<\/p>","protected":false},"featured_media":47909,"template":"","meta":[],"product_brand":[],"product_cat":[349,227,347],"product_tag":[],"class_list":{"0":"post-47906","1":"product","2":"type-product","3":"status-publish","4":"has-post-thumbnail","6":"product_cat-349","7":"product_cat-227","8":"product_cat-347","10":"first","11":"outofstock","12":"sale","13":"taxable","14":"shipping-taxable","15":"purchasable","16":"product-type-simple"},"_links":{"self":[{"href":"https:\/\/senabel.com\/sv\/wp-json\/wp\/v2\/product\/47906","targetHints":{"allow":["GET"]}}],"collection":[{"href":"https:\/\/senabel.com\/sv\/wp-json\/wp\/v2\/product"}],"about":[{"href":"https:\/\/senabel.com\/sv\/wp-json\/wp\/v2\/types\/product"}],"version-history":[{"count":1,"href":"https:\/\/senabel.com\/sv\/wp-json\/wp\/v2\/product\/47906\/revisions"}],"predecessor-version":[{"id":47911,"href":"https:\/\/senabel.com\/sv\/wp-json\/wp\/v2\/product\/47906\/revisions\/47911"}],"wp:featuredmedia":[{"embeddable":true,"href":"https:\/\/senabel.com\/sv\/wp-json\/wp\/v2\/media\/47909"}],"wp:attachment":[{"href":"https:\/\/senabel.com\/sv\/wp-json\/wp\/v2\/media?parent=47906"}],"wp:term":[{"taxonomy":"product_brand","embeddable":true,"href":"https:\/\/senabel.com\/sv\/wp-json\/wp\/v2\/product_brand?post=47906"},{"taxonomy":"product_cat","embeddable":true,"href":"https:\/\/senabel.com\/sv\/wp-json\/wp\/v2\/product_cat?post=47906"},{"taxonomy":"product_tag","embeddable":true,"href":"https:\/\/senabel.com\/sv\/wp-json\/wp\/v2\/product_tag?post=47906"}],"curies":[{"name":"wp","href":"https:\/\/api.w.org\/{rel}","templated":true}]}}