{"id":47902,"date":"2025-03-01T12:23:07","date_gmt":"2025-03-01T12:23:07","guid":{"rendered":"https:\/\/senabel.com\/?post_type=product&#038;p=47902"},"modified":"2025-04-02T10:42:48","modified_gmt":"2025-04-02T10:42:48","slug":"canary-tissue-200-mjukpapper-med-ett-lager","status":"publish","type":"product","link":"https:\/\/senabel.com\/sv\/product\/%d9%85%d9%86%d8%a7%d8%af%d9%8a%d9%84-%d9%83%d9%86%d8%a7%d8%b1%d9%8a-200-%d9%85%d9%86%d8%af%d9%8a%d9%84-%d9%86%d8%a7%d8%b9%d9%85-%d8%b7%d8%a8%d9%82%d8%a9-%d9%88%d8%a7%d8%ad%d8%af%d8%a9\/","title":{"rendered":"Canary Servetter - 200 mjuka servetter i ett lager"},"content":{"rendered":"<p data-start=\"57\" data-end=\"219\">Njut av mjukhet och uppsugningsf\u00f6rm\u00e5ga med <strong data-start=\"104\" data-end=\"120\">Canary Servetter<\/strong> Ett lager, tillverkat av h\u00f6gkvalitativa material f\u00f6r optimal komfort vid daglig anv\u00e4ndning.<\/p>\n<p data-start=\"221\" data-end=\"436\"><strong data-start=\"224\" data-end=\"237\">Funktioner:<\/strong><br data-start=\"237\" data-end=\"240\" \/>\u2714 <strong data-start=\"242\" data-end=\"257\">Mycket smidig<\/strong> Skonsam mot huden.<br data-start=\"275\" data-end=\"278\" \/>\u2714 <strong data-start=\"280\" data-end=\"307\" data-is-only-node=\"\">Ett lager med effektiv absorption<\/strong> L\u00e4tt att anv\u00e4nda.<br data-start=\"328\" data-end=\"331\" \/>\u2714 <strong data-start=\"333\" data-end=\"388\">Idealisk f\u00f6r hemmet, kontoret eller n\u00e4r du \u00e4r p\u00e5 spr\u00e5ng.<\/strong><br data-start=\"388\" data-end=\"391\" \/>\u2714 <strong data-start=\"393\" data-end=\"434\">Snygg och praktisk design, l\u00e4tt att f\u00f6rvara och b\u00e4ra med sig.<\/strong><\/p>\n<p data-start=\"438\" data-end=\"461\"><strong data-start=\"441\" data-end=\"459\">Produktinformation:<\/strong><\/p>\n<ul data-start=\"462\" data-end=\"656\">\n<li data-start=\"462\" data-end=\"488\"><strong data-start=\"464\" data-end=\"475\">Kvantiteten:<\/strong> 200 servetter.<\/li>\n<li data-start=\"489\" data-end=\"517\"><strong data-start=\"491\" data-end=\"503\">Lager:<\/strong> Ett lager.<\/li>\n<li data-start=\"518\" data-end=\"596\"><strong data-start=\"520\" data-end=\"534\">Anv\u00e4nd:<\/strong> Flerfunktionell, l\u00e4mplig f\u00f6r personlig v\u00e5rd och daglig anv\u00e4ndning.<\/li>\n<li data-start=\"597\" data-end=\"656\"><strong data-start=\"599\" data-end=\"617\">F\u00f6rvaringsmetoden:<\/strong> F\u00f6rvaras torrt och skyddat fr\u00e5n fukt.<\/li>\n<\/ul>\n<p data-start=\"658\" data-end=\"701\" data-is-last-node=\"\" data-is-only-node=\"\"><strong data-start=\"661\" data-end=\"701\" data-is-last-node=\"\">En praktisk och oumb\u00e4rlig produkt f\u00f6r alla hem och kontor<\/strong><\/p>","protected":false},"excerpt":{"rendered":"<p>Njut av mjukhet och uppsugningsf\u00f6rm\u00e5ga med <strong data-start=\"104\" data-end=\"120\">Canary Servetter<\/strong> Ett lager, tillverkat av h\u00f6gkvalitativa material f\u00f6r optimal komfort vid daglig anv\u00e4ndning.<\/p>","protected":false},"featured_media":47903,"template":"","meta":[],"product_brand":[],"product_cat":[349,227],"product_tag":[],"class_list":{"0":"post-47902","1":"product","2":"type-product","3":"status-publish","4":"has-post-thumbnail","6":"product_cat-349","7":"product_cat-227","9":"first","10":"outofstock","11":"sale","12":"taxable","13":"shipping-taxable","14":"purchasable","15":"product-type-simple"},"_links":{"self":[{"href":"https:\/\/senabel.com\/sv\/wp-json\/wp\/v2\/product\/47902","targetHints":{"allow":["GET"]}}],"collection":[{"href":"https:\/\/senabel.com\/sv\/wp-json\/wp\/v2\/product"}],"about":[{"href":"https:\/\/senabel.com\/sv\/wp-json\/wp\/v2\/types\/product"}],"version-history":[{"count":3,"href":"https:\/\/senabel.com\/sv\/wp-json\/wp\/v2\/product\/47902\/revisions"}],"predecessor-version":[{"id":47986,"href":"https:\/\/senabel.com\/sv\/wp-json\/wp\/v2\/product\/47902\/revisions\/47986"}],"wp:featuredmedia":[{"embeddable":true,"href":"https:\/\/senabel.com\/sv\/wp-json\/wp\/v2\/media\/47903"}],"wp:attachment":[{"href":"https:\/\/senabel.com\/sv\/wp-json\/wp\/v2\/media?parent=47902"}],"wp:term":[{"taxonomy":"product_brand","embeddable":true,"href":"https:\/\/senabel.com\/sv\/wp-json\/wp\/v2\/product_brand?post=47902"},{"taxonomy":"product_cat","embeddable":true,"href":"https:\/\/senabel.com\/sv\/wp-json\/wp\/v2\/product_cat?post=47902"},{"taxonomy":"product_tag","embeddable":true,"href":"https:\/\/senabel.com\/sv\/wp-json\/wp\/v2\/product_tag?post=47902"}],"curies":[{"name":"wp","href":"https:\/\/api.w.org\/{rel}","templated":true}]}}