{"id":47898,"date":"2025-03-01T12:32:27","date_gmt":"2025-03-01T12:32:27","guid":{"rendered":"https:\/\/senabel.com\/?post_type=product&#038;p=47898"},"modified":"2025-07-01T23:40:10","modified_gmt":"2025-07-01T23:40:10","slug":"nutella-630g","status":"publish","type":"product","link":"https:\/\/senabel.com\/sv\/product\/%d9%86%d9%88%d8%aa%d9%8a%d9%84%d8%a7-630%d8%ba\/","title":{"rendered":"Nutella 630g"},"content":{"rendered":"<p data-start=\"34\" data-end=\"260\">Njut av smaken av <strong data-start=\"63\" data-end=\"98\">Nutella choklad-hasseln\u00f6tskr\u00e4m<\/strong> Rik och uts\u00f6kt, gjord p\u00e5 de finaste naturliga ingredienserna f\u00f6r en kr\u00e4mig konsistens och oemotst\u00e5ndlig smak. Perfekt f\u00f6r att breda p\u00e5 br\u00f6d, pajer eller i desserter och bakverk.<\/p>\n<p data-start=\"262\" data-end=\"517\"><strong data-start=\"265\" data-end=\"278\">Funktioner:<\/strong><br data-start=\"278\" data-end=\"281\" \/>\u2714 <strong data-start=\"283\" data-end=\"315\">En rik smak av choklad och hasseln\u00f6t<\/strong> F\u00f6r \u00e4lskare av s\u00f6tsaker.<br data-start=\"331\" data-end=\"334\" \/>\u2714 <strong data-start=\"336\" data-end=\"354\" data-is-only-node=\"\">Len, kr\u00e4mig konsistens<\/strong> L\u00e4tt att sprida och anv\u00e4nda i en m\u00e4ngd olika recept.<br data-start=\"391\" data-end=\"394\" \/>\u2714 <strong data-start=\"396\" data-end=\"432\">Tillverkad med de finaste naturliga ingredienserna<\/strong> Inga konstgjorda f\u00e4rg\u00e4mnen eller konserveringsmedel.<br data-start=\"465\" data-end=\"468\" \/>\u2714 <strong data-start=\"470\" data-end=\"515\">Perfekt till frukost eller som en l\u00e4cker dessert n\u00e4r som helst.<\/strong><\/p>\n<p data-start=\"519\" data-end=\"542\"><strong data-start=\"522\" data-end=\"540\">Produktinformation:<\/strong><\/p>\n<ul data-start=\"543\" data-end=\"730\">\n<li data-start=\"543\" data-end=\"567\"><strong data-start=\"545\" data-end=\"555\">Vikt:<\/strong> 630 gram.<\/li>\n<li data-start=\"568\" data-end=\"652\"><strong data-start=\"570\" data-end=\"584\">Anv\u00e4nd:<\/strong> F\u00f6r att breda p\u00e5 br\u00f6d, crepes, v\u00e5fflor eller f\u00f6r att tills\u00e4tta i desserter och bakverk.<\/li>\n<li data-start=\"653\" data-end=\"730\"><strong data-start=\"655\" data-end=\"673\">F\u00f6rvaringsmetoden:<\/strong> F\u00f6rvaras svalt, torrt och skyddat fr\u00e5n direkt solljus.<\/li>\n<\/ul>\n<p data-start=\"732\" data-end=\"818\" data-is-last-node=\"\" data-is-only-node=\"\"><strong data-start=\"735\" data-end=\"818\" data-is-last-node=\"\">Unna dig det godaste chokladp\u00e5l\u00e4gget och njut av lyckliga stunder med Nutella<\/strong><\/p>","protected":false},"excerpt":{"rendered":"<p>Njut av smaken av <strong data-start=\"63\" data-end=\"98\">Nutella choklad-hasseln\u00f6tskr\u00e4m<\/strong> Rik och uts\u00f6kt, gjord p\u00e5 de finaste naturliga ingredienserna f\u00f6r en kr\u00e4mig konsistens och oemotst\u00e5ndlig smak. Perfekt f\u00f6r att breda p\u00e5 br\u00f6d, pajer eller i desserter och bakverk.<\/p>","protected":false},"featured_media":47899,"template":"","meta":[],"product_brand":[],"product_cat":[349,227],"product_tag":[],"class_list":{"0":"post-47898","1":"product","2":"type-product","3":"status-publish","4":"has-post-thumbnail","6":"product_cat-349","7":"product_cat-227","9":"first","10":"outofstock","11":"sale","12":"taxable","13":"shipping-taxable","14":"purchasable","15":"product-type-simple"},"_links":{"self":[{"href":"https:\/\/senabel.com\/sv\/wp-json\/wp\/v2\/product\/47898","targetHints":{"allow":["GET"]}}],"collection":[{"href":"https:\/\/senabel.com\/sv\/wp-json\/wp\/v2\/product"}],"about":[{"href":"https:\/\/senabel.com\/sv\/wp-json\/wp\/v2\/types\/product"}],"version-history":[{"count":2,"href":"https:\/\/senabel.com\/sv\/wp-json\/wp\/v2\/product\/47898\/revisions"}],"predecessor-version":[{"id":48114,"href":"https:\/\/senabel.com\/sv\/wp-json\/wp\/v2\/product\/47898\/revisions\/48114"}],"wp:featuredmedia":[{"embeddable":true,"href":"https:\/\/senabel.com\/sv\/wp-json\/wp\/v2\/media\/47899"}],"wp:attachment":[{"href":"https:\/\/senabel.com\/sv\/wp-json\/wp\/v2\/media?parent=47898"}],"wp:term":[{"taxonomy":"product_brand","embeddable":true,"href":"https:\/\/senabel.com\/sv\/wp-json\/wp\/v2\/product_brand?post=47898"},{"taxonomy":"product_cat","embeddable":true,"href":"https:\/\/senabel.com\/sv\/wp-json\/wp\/v2\/product_cat?post=47898"},{"taxonomy":"product_tag","embeddable":true,"href":"https:\/\/senabel.com\/sv\/wp-json\/wp\/v2\/product_tag?post=47898"}],"curies":[{"name":"wp","href":"https:\/\/api.w.org\/{rel}","templated":true}]}}