{"id":47894,"date":"2025-03-01T12:37:20","date_gmt":"2025-03-01T12:37:20","guid":{"rendered":"https:\/\/senabel.com\/?post_type=product&#038;p=47894"},"modified":"2025-09-02T17:50:32","modified_gmt":"2025-09-02T17:50:32","slug":"original-gron-aleppo-timjan-400g","status":"publish","type":"product","link":"https:\/\/senabel.com\/sv\/product\/%d8%b2%d8%b9%d8%aa%d8%b1-%d8%ad%d9%84%d8%a8%d9%8a-%d8%a3%d8%b5%d9%84%d9%8a-%d8%a3%d8%ae%d8%b6%d8%b1-%d8%a3%d8%a8%d9%86%d8%a7%d8%a1-%d8%a7%d9%84%d8%b9%d9%83-400%d8%ba\/","title":{"rendered":"Gr\u00f6n Original Halabi Timjan - Sons of Alak 400g"},"content":{"rendered":"<p data-start=\"46\" data-end=\"276\">Njut av det b\u00e4sta av <strong data-start=\"81\" data-end=\"98\">Gr\u00f6n timjan<\/strong> Noggrant tillagad med en balanserad blandning av <strong data-start=\"131\" data-end=\"176\">Timjan, sesam, sumak och naturliga kryddor<\/strong> F\u00f6r en uts\u00f6kt smak och fyllig smak. Perfekt till frukost med olivolja eller som huvudingrediens i m\u00e5nga recept.<\/p>\n<p data-start=\"278\" data-end=\"576\"><strong data-start=\"281\" data-end=\"294\">Funktioner:<\/strong><br data-start=\"294\" data-end=\"297\" \/>\u2714 <strong data-start=\"299\" data-end=\"334\">Tillverkad med de finaste naturliga ingredienserna<\/strong> Inga konstgjorda tillsatser.<br data-start=\"354\" data-end=\"357\" \/>\u2714 <strong data-start=\"359\" data-end=\"394\" data-is-only-node=\"\">En balanserad blandning av \u00f6rter och kryddor<\/strong> F\u00f6r en autentisk smak.<br data-start=\"407\" data-end=\"410\" \/>\u2714 <strong data-start=\"412\" data-end=\"429\">Perfekt f\u00f6r frukost<\/strong> Med olivolja eller som topping p\u00e5 bakverk och konditorivaror.<br data-start=\"475\" data-end=\"478\" \/>\u2714 <strong data-start=\"480\" data-end=\"509\">Rik p\u00e5 vitaminer och mineraler<\/strong> Bra f\u00f6r h\u00e4lsan.<br data-start=\"524\" data-end=\"527\" \/>\u2714 <strong data-start=\"529\" data-end=\"573\">En uts\u00f6kt smak som \u00e5terspeglar autentiska orientaliska traditioner<\/strong>.<\/p>\n<p data-start=\"578\" data-end=\"601\"><strong data-start=\"581\" data-end=\"599\">Produktinformation:<\/strong><\/p>\n<ul data-start=\"602\" data-end=\"819\">\n<li data-start=\"602\" data-end=\"626\"><strong data-start=\"604\" data-end=\"614\">Vikt:<\/strong> 400 gram.<\/li>\n<li data-start=\"627\" data-end=\"728\"><strong data-start=\"629\" data-end=\"643\">Anv\u00e4nd:<\/strong> Den kan \u00e4tas med olivolja, l\u00e4ggas i bakverk eller anv\u00e4ndas som krydda till m\u00e5nga r\u00e4tter.<\/li>\n<li data-start=\"729\" data-end=\"819\"><strong data-start=\"731\" data-end=\"749\">F\u00f6rvaringsmetoden:<\/strong> F\u00f6rvara p\u00e5 en sval, torr plats utan fukt f\u00f6r att bevara den friska smaken.<\/li>\n<\/ul>\n<p data-start=\"821\" data-end=\"883\" data-is-last-node=\"\" data-is-only-node=\"\"><strong data-start=\"824\" data-end=\"883\" data-is-last-node=\"\">Njut av en autentisk orientalisk smak med Zaatar Sons of Al Ak<\/strong><\/p>","protected":false},"excerpt":{"rendered":"<p>Njut av det b\u00e4sta av <strong data-start=\"81\" data-end=\"98\">Gr\u00f6n timjan<\/strong> Noggrant tillagad med en balanserad blandning av <strong data-start=\"131\" data-end=\"176\">Timjan, sesam, sumak och naturliga kryddor<\/strong> F\u00f6r en uts\u00f6kt smak och fyllig smak. Perfekt till frukost med olivolja eller som huvudingrediens i m\u00e5nga recept.<\/p>","protected":false},"featured_media":47895,"template":"","meta":[],"product_brand":[],"product_cat":[349,370,347],"product_tag":[],"class_list":{"0":"post-47894","1":"product","2":"type-product","3":"status-publish","4":"has-post-thumbnail","6":"product_cat-349","7":"product_cat-370","8":"product_cat-347","10":"first","11":"outofstock","12":"taxable","13":"shipping-taxable","14":"purchasable","15":"product-type-simple"},"_links":{"self":[{"href":"https:\/\/senabel.com\/sv\/wp-json\/wp\/v2\/product\/47894","targetHints":{"allow":["GET"]}}],"collection":[{"href":"https:\/\/senabel.com\/sv\/wp-json\/wp\/v2\/product"}],"about":[{"href":"https:\/\/senabel.com\/sv\/wp-json\/wp\/v2\/types\/product"}],"version-history":[{"count":4,"href":"https:\/\/senabel.com\/sv\/wp-json\/wp\/v2\/product\/47894\/revisions"}],"predecessor-version":[{"id":47987,"href":"https:\/\/senabel.com\/sv\/wp-json\/wp\/v2\/product\/47894\/revisions\/47987"}],"wp:featuredmedia":[{"embeddable":true,"href":"https:\/\/senabel.com\/sv\/wp-json\/wp\/v2\/media\/47895"}],"wp:attachment":[{"href":"https:\/\/senabel.com\/sv\/wp-json\/wp\/v2\/media?parent=47894"}],"wp:term":[{"taxonomy":"product_brand","embeddable":true,"href":"https:\/\/senabel.com\/sv\/wp-json\/wp\/v2\/product_brand?post=47894"},{"taxonomy":"product_cat","embeddable":true,"href":"https:\/\/senabel.com\/sv\/wp-json\/wp\/v2\/product_cat?post=47894"},{"taxonomy":"product_tag","embeddable":true,"href":"https:\/\/senabel.com\/sv\/wp-json\/wp\/v2\/product_tag?post=47894"}],"curies":[{"name":"wp","href":"https:\/\/api.w.org\/{rel}","templated":true}]}}