{"id":47886,"date":"2025-03-01T12:42:41","date_gmt":"2025-03-01T12:42:41","guid":{"rendered":"https:\/\/senabel.com\/?post_type=product&#038;p=47886"},"modified":"2025-04-26T22:02:37","modified_gmt":"2025-04-26T22:02:37","slug":"tamarindvatska-klar-att-anvanda-450g","status":"publish","type":"product","link":"https:\/\/senabel.com\/sv\/product\/%d8%aa%d9%85%d8%b1-%d9%87%d9%86%d8%af%d9%8a-%d8%b3%d8%a7%d8%a6%d9%84-%d8%ac%d8%a7%d9%87%d8%b2-%d9%84%d9%84%d8%aa%d8%ad%d8%b6%d9%8a%d8%b1-450%d8%ba\/","title":{"rendered":"Tamarindv\u00e4tska klar att anv\u00e4nda 450g"},"content":{"rendered":"<p data-start=\"54\" data-end=\"268\">Njut av den ursprungliga och uppfriskande smaken av tamarind med denna f\u00e4rdiga produkt <strong data-start=\"134\" data-end=\"152\">F\u00f6r omedelbar beredning<\/strong>! Tamarind k\u00e4nnetecknas av sin naturliga s\u00f6tsura smak och \u00e4r en <strong data-start=\"210\" data-end=\"230\">En l\u00e4cker drink under ramadan<\/strong> Den kan enkelt tillagas f\u00f6r en o\u00f6vertr\u00e4ffad njutning.<\/p>\n<p data-start=\"270\" data-end=\"574\"><strong data-start=\"273\" data-end=\"286\">Funktioner:<\/strong><br data-start=\"286\" data-end=\"289\" \/>\u2714 <strong data-start=\"291\" data-end=\"314\">Naturlig Tamarind 100%<\/strong> Inga konstgjorda tillsatser.<br data-start=\"334\" data-end=\"337\" \/>\u2714 <strong data-start=\"339\" data-end=\"355\" data-is-only-node=\"\">Redo att f\u00f6rbereda<\/strong> - Tills\u00e4tt bara vatten och socker efter smak.<br data-start=\"396\" data-end=\"399\" \/>\u2714 <strong data-start=\"401\" data-end=\"420\">L\u00e4ckert och uppfriskande<\/strong>Perfekt f\u00f6r varma dagar och tillf\u00e4llen.<br data-start=\"453\" data-end=\"456\" \/>\u2714 <strong data-start=\"458\" data-end=\"483\">Rik p\u00e5 antioxidanter<\/strong> och nyttiga naturliga n\u00e4rings\u00e4mnen.<br data-start=\"511\" data-end=\"514\" \/>\u2714 <strong data-start=\"516\" data-end=\"548\">Den kan ocks\u00e5 anv\u00e4ndas f\u00f6r matlagning<\/strong> F\u00f6rbereda specials\u00e5ser.<\/p>\n<p data-start=\"576\" data-end=\"599\"><strong data-start=\"579\" data-end=\"597\">Produktinformation:<\/strong><\/p>\n<ul data-start=\"600\" data-end=\"853\">\n<li data-start=\"600\" data-end=\"624\"><strong data-start=\"602\" data-end=\"612\">Vikt:<\/strong> 450 gram.<\/li>\n<li data-start=\"625\" data-end=\"853\"><strong data-start=\"627\" data-end=\"645\">Metoden f\u00f6r beredning:<\/strong><br data-start=\"645\" data-end=\"648\" \/>\u2705 <strong data-start=\"652\" data-end=\"667\">En kall dryck:<\/strong> Tills\u00e4tt en m\u00e4ngd f\u00e4rdig tamarind i det kalla vattnet, r\u00f6r om v\u00e4l och tills\u00e4tt socker efter smak.<br data-start=\"752\" data-end=\"755\" \/>\u2705 <strong data-start=\"759\" data-end=\"769\">F\u00f6r matlagning:<\/strong> Den kan anv\u00e4ndas f\u00f6r att ge en unik smak till olika r\u00e4tter, t.ex. sura och s\u00f6ta s\u00e5ser.<\/li>\n<\/ul>\n<p data-start=\"855\" data-end=\"937\" data-is-last-node=\"\" data-is-only-node=\"\"><strong data-start=\"858\" data-end=\"930\">Din favoritdryck f\u00f6r Ramadan och sommardagar! Prova den nu och njut av den autentiska smaken<\/strong><\/p>","protected":false},"excerpt":{"rendered":"<p>Njut av den ursprungliga och uppfriskande smaken av tamarind med denna f\u00e4rdiga produkt <strong data-start=\"134\" data-end=\"152\">F\u00f6r omedelbar beredning<\/strong>! Tamarind k\u00e4nnetecknas av sin naturliga s\u00f6tsura smak och \u00e4r en <strong data-start=\"210\" data-end=\"230\">En l\u00e4cker drink under ramadan<\/strong> Den kan enkelt tillagas f\u00f6r en o\u00f6vertr\u00e4ffad njutning.<\/p>","protected":false},"featured_media":47887,"template":"","meta":[],"product_brand":[],"product_cat":[349],"product_tag":[],"class_list":{"0":"post-47886","1":"product","2":"type-product","3":"status-publish","4":"has-post-thumbnail","6":"product_cat-349","8":"first","9":"outofstock","10":"sale","11":"taxable","12":"shipping-taxable","13":"purchasable","14":"product-type-simple"},"_links":{"self":[{"href":"https:\/\/senabel.com\/sv\/wp-json\/wp\/v2\/product\/47886","targetHints":{"allow":["GET"]}}],"collection":[{"href":"https:\/\/senabel.com\/sv\/wp-json\/wp\/v2\/product"}],"about":[{"href":"https:\/\/senabel.com\/sv\/wp-json\/wp\/v2\/types\/product"}],"version-history":[{"count":2,"href":"https:\/\/senabel.com\/sv\/wp-json\/wp\/v2\/product\/47886\/revisions"}],"predecessor-version":[{"id":49453,"href":"https:\/\/senabel.com\/sv\/wp-json\/wp\/v2\/product\/47886\/revisions\/49453"}],"wp:featuredmedia":[{"embeddable":true,"href":"https:\/\/senabel.com\/sv\/wp-json\/wp\/v2\/media\/47887"}],"wp:attachment":[{"href":"https:\/\/senabel.com\/sv\/wp-json\/wp\/v2\/media?parent=47886"}],"wp:term":[{"taxonomy":"product_brand","embeddable":true,"href":"https:\/\/senabel.com\/sv\/wp-json\/wp\/v2\/product_brand?post=47886"},{"taxonomy":"product_cat","embeddable":true,"href":"https:\/\/senabel.com\/sv\/wp-json\/wp\/v2\/product_cat?post=47886"},{"taxonomy":"product_tag","embeddable":true,"href":"https:\/\/senabel.com\/sv\/wp-json\/wp\/v2\/product_tag?post=47886"}],"curies":[{"name":"wp","href":"https:\/\/api.w.org\/{rel}","templated":true}]}}