{"id":47880,"date":"2025-03-01T12:41:53","date_gmt":"2025-03-01T12:41:53","guid":{"rendered":"https:\/\/senabel.com\/?post_type=product&#038;p=47880"},"modified":"2026-01-24T17:43:27","modified_gmt":"2026-01-24T17:43:27","slug":"nestle-milo-dryck-400g","status":"publish","type":"product","link":"https:\/\/senabel.com\/sv\/product\/%d9%85%d8%b4%d8%b1%d9%88%d8%a8-%d9%85%d9%8a%d9%84%d9%88-%d9%85%d9%86-%d9%86%d8%b3%d8%aa%d9%84%d9%87-400%d8%ba\/","title":{"rendered":"Nestl\u00e9 Milo Dryck 400g"},"content":{"rendered":"<p data-start=\"53\" data-end=\"214\"><strong data-start=\"69\" data-end=\"77\">Milo<\/strong> Det \u00e4r en dryck i pulverform som \u00e4r rik p\u00e5 smak <strong data-start=\"103\" data-end=\"134\">L\u00e4cker kakao<\/strong>Tills\u00e4tt i kall eller varm mj\u00f6lk f\u00f6r en god smak och energi som r\u00e4cker hela dagen<\/p>\n<p data-start=\"216\" data-end=\"457\"><strong data-start=\"219\" data-end=\"232\">Funktioner:<\/strong><br data-start=\"232\" data-end=\"235\" \/>\u2714 <strong data-start=\"237\" data-end=\"253\">Rik p\u00e5 kakao<\/strong> F\u00f6r en h\u00e4rlig chokladsmak.<br data-start=\"274\" data-end=\"277\" \/>\u2714 <strong data-start=\"279\" data-end=\"308\" data-is-only-node=\"\">En k\u00e4lla till kolhydrater och energi<\/strong> F\u00f6r att hj\u00e4lpa dig att starta dagen med energi.<br data-start=\"337\" data-end=\"340\" \/>\u2714 <strong data-start=\"342\" data-end=\"358\">L\u00e4tt att l\u00f6sa upp<\/strong> I kall eller varm mj\u00f6lk.<br data-start=\"386\" data-end=\"389\" \/>\u2714 <strong data-start=\"391\" data-end=\"416\">Idealisk f\u00f6r barn och vuxna<\/strong> Som morgondryck eller mellanm\u00e5l under dagen.<\/p>\n<p data-start=\"459\" data-end=\"482\"><strong data-start=\"462\" data-end=\"480\">Produktinformation:<\/strong><\/p>\n<ul data-start=\"483\" data-end=\"785\">\n<li data-start=\"483\" data-end=\"507\"><strong data-start=\"485\" data-end=\"495\">Vikt:<\/strong> 400 gram.<\/li>\n<li data-start=\"508\" data-end=\"593\"><strong data-start=\"510\" data-end=\"523\">Ingredienser:<\/strong> Kakao, socker, vegetabiliska ingredienser, naturliga aromer, vitaminer och mineraler.<\/li>\n<li data-start=\"594\" data-end=\"785\"><strong data-start=\"596\" data-end=\"614\">Metoden f\u00f6r beredning:<\/strong><br data-start=\"614\" data-end=\"617\" \/>\u2705 <strong data-start=\"621\" data-end=\"636\">En kall dryck:<\/strong> Tills\u00e4tt 3 matskedar Milo i en kopp kall mj\u00f6lk och r\u00f6r om v\u00e4l.<br data-start=\"694\" data-end=\"697\" \/>\u2705 <strong data-start=\"701\" data-end=\"716\">En varm dryck:<\/strong> Tills\u00e4tt 3 skedar i en kopp varm mj\u00f6lk, r\u00f6r om och njut av den fylliga smaken.<\/li>\n<\/ul>\n<p data-start=\"787\" data-end=\"859\" data-is-last-node=\"\" data-is-only-node=\"\"><strong data-start=\"790\" data-end=\"852\">Den b\u00e4sta snabbdrycken f\u00f6r kakao-\u00e4lskare! Prova den nu<\/strong><\/p>","protected":false},"excerpt":{"rendered":"<p><strong data-start=\"69\" data-end=\"77\">Milo<\/strong> Det \u00e4r en dryck i pulverform som \u00e4r rik p\u00e5 smak <strong data-start=\"103\" data-end=\"134\">L\u00e4cker kakao<\/strong>Tills\u00e4tt i kall eller varm mj\u00f6lk f\u00f6r en god smak och energi som r\u00e4cker hela dagen<\/p>","protected":false},"featured_media":47881,"template":"","meta":[],"product_brand":[],"product_cat":[349,347],"product_tag":[],"class_list":{"0":"post-47880","1":"product","2":"type-product","3":"status-publish","4":"has-post-thumbnail","6":"product_cat-349","7":"product_cat-347","9":"first","10":"outofstock","11":"taxable","12":"shipping-taxable","13":"purchasable","14":"product-type-simple"},"_links":{"self":[{"href":"https:\/\/senabel.com\/sv\/wp-json\/wp\/v2\/product\/47880","targetHints":{"allow":["GET"]}}],"collection":[{"href":"https:\/\/senabel.com\/sv\/wp-json\/wp\/v2\/product"}],"about":[{"href":"https:\/\/senabel.com\/sv\/wp-json\/wp\/v2\/types\/product"}],"version-history":[{"count":2,"href":"https:\/\/senabel.com\/sv\/wp-json\/wp\/v2\/product\/47880\/revisions"}],"predecessor-version":[{"id":47884,"href":"https:\/\/senabel.com\/sv\/wp-json\/wp\/v2\/product\/47880\/revisions\/47884"}],"wp:featuredmedia":[{"embeddable":true,"href":"https:\/\/senabel.com\/sv\/wp-json\/wp\/v2\/media\/47881"}],"wp:attachment":[{"href":"https:\/\/senabel.com\/sv\/wp-json\/wp\/v2\/media?parent=47880"}],"wp:term":[{"taxonomy":"product_brand","embeddable":true,"href":"https:\/\/senabel.com\/sv\/wp-json\/wp\/v2\/product_brand?post=47880"},{"taxonomy":"product_cat","embeddable":true,"href":"https:\/\/senabel.com\/sv\/wp-json\/wp\/v2\/product_cat?post=47880"},{"taxonomy":"product_tag","embeddable":true,"href":"https:\/\/senabel.com\/sv\/wp-json\/wp\/v2\/product_tag?post=47880"}],"curies":[{"name":"wp","href":"https:\/\/api.w.org\/{rel}","templated":true}]}}