{"id":47808,"date":"2025-02-26T14:31:03","date_gmt":"2025-02-26T14:31:03","guid":{"rendered":"https:\/\/senabel.com\/?post_type=product&#038;p=47808"},"modified":"2026-01-16T10:14:39","modified_gmt":"2026-01-16T10:14:39","slug":"snapple-naturlig-appelcidervinager-500ml","status":"publish","type":"product","link":"https:\/\/senabel.com\/sv\/product\/%d8%ae%d9%84-%d8%a7%d9%84%d8%aa%d9%81%d8%a7%d8%ad-%d8%a7%d9%84%d8%b7%d8%a8%d9%8a%d8%b9%d9%8a-%d8%b3%d9%86%d8%a7%d8%a8%d9%84-500%d9%85%d9%84\/","title":{"rendered":"Snapple Naturlig \u00c4ppelcidervin\u00e4ger 500ml"},"content":{"rendered":"<p data-start=\"44\" data-end=\"231\">Njut av f\u00f6rdelarna med <strong data-start=\"74\" data-end=\"95\">Naturlig \u00e4ppelcidervin\u00e4ger<\/strong> Fr\u00e5n <strong data-start=\"99\" data-end=\"108\">Snapple<\/strong>Utvinns fr\u00e5n de finaste ekologiska \u00e4pplena. Med sin starka smak och m\u00e5nga h\u00e4lsof\u00f6rdelar \u00e4r det det perfekta tillskottet till ditt h\u00e4lsosamma k\u00f6k.<\/p>\n<p data-start=\"233\" data-end=\"524\"><strong data-start=\"236\" data-end=\"249\">Funktioner:<\/strong><br data-start=\"249\" data-end=\"252\" \/>\u2714 <strong data-start=\"254\" data-end=\"268\">Naturell 100%<\/strong> Fri fr\u00e5n konserveringsmedel.<br data-start=\"293\" data-end=\"296\" \/>\u2714 <strong data-start=\"298\" data-end=\"326\" data-is-only-node=\"\">En rik k\u00e4lla till antioxidanter<\/strong> Att st\u00f6dja folkh\u00e4lsan.<br data-start=\"345\" data-end=\"348\" \/>\u2714 <strong data-start=\"350\" data-end=\"375\">Hj\u00e4lper till att f\u00f6rb\u00e4ttra matsm\u00e4ltningen<\/strong> Fr\u00e4mjar ett h\u00e4lsosamt immunf\u00f6rsvar.<br data-start=\"402\" data-end=\"405\" \/>\u2714 <strong data-start=\"407\" data-end=\"452\">Anv\u00e4nd i matlagning, inl\u00e4ggning och s\u00e5ser<\/strong>.<br data-start=\"453\" data-end=\"456\" \/>\u2714 <strong data-start=\"458\" data-end=\"492\">Effektivt f\u00f6r hud- och h\u00e5rv\u00e5rd<\/strong> Tack vare dess antiseptiska och n\u00e4rande egenskaper.<\/p>\n<p data-start=\"526\" data-end=\"549\"><strong data-start=\"529\" data-end=\"547\">Produktinformation:<\/strong><\/p>\n<ul data-start=\"550\" data-end=\"880\">\n<li data-start=\"550\" data-end=\"586\"><strong data-start=\"552\" data-end=\"565\">Ingredienser:<\/strong> Naturlig \u00e4ppelcidervin\u00e4ger.<\/li>\n<li data-start=\"587\" data-end=\"609\"><strong data-start=\"589\" data-end=\"599\">Kapacitet:<\/strong> 500 ml.<\/li>\n<li data-start=\"610\" data-end=\"880\"><strong data-start=\"612\" data-end=\"632\">Hur man anv\u00e4nder den:<\/strong><br data-start=\"632\" data-end=\"635\" \/>\u2705 <strong data-start=\"639\" data-end=\"651\">I matlagning<\/strong>: Tills\u00e4tt i sallader, s\u00e5ser och marinader.<br data-start=\"690\" data-end=\"693\" \/>\u2705 <strong data-start=\"697\" data-end=\"708\">F\u00f6r bantning<\/strong>: En tesked med ett glas varmt vatten p\u00e5 morgonen.<br data-start=\"745\" data-end=\"748\" \/>\u2705 <strong data-start=\"752\" data-end=\"771\">F\u00f6r hudv\u00e5rd<\/strong>: Utsp\u00e4dd med vatten som ett naturligt ansiktsvatten.<br data-start=\"797\" data-end=\"800\" \/>\u2705 <strong data-start=\"804\" data-end=\"822\">F\u00f6r h\u00e5rv\u00e5rd<\/strong>: Sk\u00f6lj h\u00e5ret med den efter att ha sp\u00e4tt ut med vatten f\u00f6r en naturlig glans.<\/li>\n<\/ul>\n<p data-start=\"882\" data-end=\"952\" data-is-last-node=\"\" data-is-only-node=\"\"><strong data-start=\"885\" data-end=\"947\">En h\u00e4lsosam och m\u00e5ngsidig produkt, g\u00f6r den till en del av ditt dagliga liv<\/strong><\/p>","protected":false},"excerpt":{"rendered":"<p>Njut av f\u00f6rdelarna med <strong data-start=\"74\" data-end=\"95\">Naturlig \u00e4ppelcidervin\u00e4ger<\/strong> Fr\u00e5n <strong data-start=\"99\" data-end=\"108\">Snapple<\/strong>Utvinns fr\u00e5n de finaste ekologiska \u00e4pplena. Med sin starka smak och m\u00e5nga h\u00e4lsof\u00f6rdelar \u00e4r det det perfekta tillskottet till ditt h\u00e4lsosamma k\u00f6k.<\/p>","protected":false},"featured_media":47809,"template":"","meta":[],"product_brand":[],"product_cat":[349,227,347],"product_tag":[],"class_list":{"0":"post-47808","1":"product","2":"type-product","3":"status-publish","4":"has-post-thumbnail","6":"product_cat-349","7":"product_cat-227","8":"product_cat-347","10":"first","11":"outofstock","12":"sale","13":"taxable","14":"shipping-taxable","15":"purchasable","16":"product-type-simple"},"_links":{"self":[{"href":"https:\/\/senabel.com\/sv\/wp-json\/wp\/v2\/product\/47808","targetHints":{"allow":["GET"]}}],"collection":[{"href":"https:\/\/senabel.com\/sv\/wp-json\/wp\/v2\/product"}],"about":[{"href":"https:\/\/senabel.com\/sv\/wp-json\/wp\/v2\/types\/product"}],"version-history":[{"count":2,"href":"https:\/\/senabel.com\/sv\/wp-json\/wp\/v2\/product\/47808\/revisions"}],"predecessor-version":[{"id":47811,"href":"https:\/\/senabel.com\/sv\/wp-json\/wp\/v2\/product\/47808\/revisions\/47811"}],"wp:featuredmedia":[{"embeddable":true,"href":"https:\/\/senabel.com\/sv\/wp-json\/wp\/v2\/media\/47809"}],"wp:attachment":[{"href":"https:\/\/senabel.com\/sv\/wp-json\/wp\/v2\/media?parent=47808"}],"wp:term":[{"taxonomy":"product_brand","embeddable":true,"href":"https:\/\/senabel.com\/sv\/wp-json\/wp\/v2\/product_brand?post=47808"},{"taxonomy":"product_cat","embeddable":true,"href":"https:\/\/senabel.com\/sv\/wp-json\/wp\/v2\/product_cat?post=47808"},{"taxonomy":"product_tag","embeddable":true,"href":"https:\/\/senabel.com\/sv\/wp-json\/wp\/v2\/product_tag?post=47808"}],"curies":[{"name":"wp","href":"https:\/\/api.w.org\/{rel}","templated":true}]}}