{"id":47803,"date":"2025-02-26T14:29:07","date_gmt":"2025-02-26T14:29:07","guid":{"rendered":"https:\/\/senabel.com\/?post_type=product&#038;p=47803"},"modified":"2025-08-04T11:23:27","modified_gmt":"2025-08-04T11:23:27","slug":"snapple-granatapple-melass-650g","status":"publish","type":"product","link":"https:\/\/senabel.com\/sv\/product\/%d8%af%d8%a8%d8%b3-%d8%a7%d9%84%d8%b1%d9%85%d8%a7%d9%86-%d8%b3%d9%86%d8%a7%d8%a8%d9%84-650%d8%ba\/","title":{"rendered":"Granat\u00e4pplemelass 500g"},"content":{"rendered":"<p data-start=\"36\" data-end=\"254\">Njut av den rika smaken av naturlig granat\u00e4pplemelass fr\u00e5n <strong data-start=\"96\" data-end=\"105\">Snapple<\/strong>Skonsamt framst\u00e4lld av de finaste f\u00e4rska granat\u00e4ppelk\u00e4rnorna f\u00f6r en t\u00e4t konsistens och en distinkt smak som kombinerar s\u00f6tma och syra. Perfekt f\u00f6r att ge en unik twist till dina favoritr\u00e4tter.<\/p>\n<p data-start=\"256\" data-end=\"486\"><strong data-start=\"259\" data-end=\"272\">Funktioner:<\/strong><br data-start=\"272\" data-end=\"275\" \/>\u2714 <strong data-start=\"277\" data-end=\"291\">Naturell 100%<\/strong> Inga konserveringsmedel eller tillsatser.<br data-start=\"318\" data-end=\"321\" \/>\u2714 <strong data-start=\"323\" data-end=\"339\" data-is-only-node=\"\">Balanserad smak<\/strong> Mellan s\u00f6tt och surt.<br data-start=\"358\" data-end=\"361\" \/>\u2714 <strong data-start=\"363\" data-end=\"390\">L\u00e4mpar sig f\u00f6r m\u00e5nga recept<\/strong>Fr\u00e5n sallader till huvudr\u00e4tter och aptitretare.<br data-start=\"434\" data-end=\"437\" \/>\u2714 <strong data-start=\"439\" data-end=\"469\">En naturlig k\u00e4lla till antioxidanter<\/strong> Bra f\u00f6r h\u00e4lsan.<\/p>\n<p data-start=\"488\" data-end=\"511\"><strong data-start=\"491\" data-end=\"509\">Produktinformation:<\/strong><\/p>\n<ul data-start=\"512\" data-end=\"859\">\n<li data-start=\"512\" data-end=\"557\"><strong data-start=\"514\" data-end=\"527\">Ingredienser:<\/strong> Extrakt av granat\u00e4pplejuice.<\/li>\n<li data-start=\"558\" data-end=\"582\"><strong data-start=\"560\" data-end=\"570\">Vikt:<\/strong> 650 gram.<\/li>\n<li data-start=\"583\" data-end=\"859\"><strong data-start=\"585\" data-end=\"605\">Hur man anv\u00e4nder den:<\/strong><br data-start=\"605\" data-end=\"608\" \/>\u2705 L\u00e4gg till <strong data-start=\"621\" data-end=\"632\">Myndigheter<\/strong> Som fattoush och tabbouleh f\u00f6r en h\u00e4rlig kryddig twist.<br data-start=\"677\" data-end=\"680\" \/>\u2705 Anv\u00e4nd den som <strong data-start=\"695\" data-end=\"719\">S\u00e5s till grillade r\u00e4tter<\/strong> B\u00e5de k\u00f6tt och kyckling.<br data-start=\"742\" data-end=\"745\" \/>\u2705 Blanda det med kryddor f\u00f6r att g\u00f6ra <strong data-start=\"771\" data-end=\"786\">Specials\u00e5ser<\/strong> F\u00f6r k\u00f6tt och aptitretare.<br data-start=\"803\" data-end=\"806\" \/>\u2705 Prova det med <strong data-start=\"818\" data-end=\"830\">S\u00f6tsaker<\/strong> F\u00f6r en innovativ och unik smak.<\/li>\n<\/ul>\n<p data-start=\"861\" data-end=\"934\" data-is-last-node=\"\" data-is-only-node=\"\"><strong data-start=\"864\" data-end=\"931\">G\u00f6r granat\u00e4ppelmelass till en del av ditt vardagsk\u00f6k och njut av rika, autentiska smaker<\/strong><\/p>","protected":false},"excerpt":{"rendered":"<p>Njut av den rika smaken av naturlig granat\u00e4pplemelass fr\u00e5n <strong data-start=\"96\" data-end=\"105\">Snapple<\/strong>Skonsamt framst\u00e4lld av de finaste f\u00e4rska granat\u00e4ppelk\u00e4rnorna f\u00f6r en t\u00e4t konsistens och en distinkt smak som kombinerar s\u00f6tma och syra. Perfekt f\u00f6r att ge en unik twist till dina favoritr\u00e4tter.<\/p>","protected":false},"featured_media":47804,"template":"","meta":[],"product_brand":[],"product_cat":[349,227,347],"product_tag":[],"class_list":{"0":"post-47803","1":"product","2":"type-product","3":"status-publish","4":"has-post-thumbnail","6":"product_cat-349","7":"product_cat-227","8":"product_cat-347","10":"first","11":"outofstock","12":"sale","13":"taxable","14":"shipping-taxable","15":"purchasable","16":"product-type-simple"},"_links":{"self":[{"href":"https:\/\/senabel.com\/sv\/wp-json\/wp\/v2\/product\/47803","targetHints":{"allow":["GET"]}}],"collection":[{"href":"https:\/\/senabel.com\/sv\/wp-json\/wp\/v2\/product"}],"about":[{"href":"https:\/\/senabel.com\/sv\/wp-json\/wp\/v2\/types\/product"}],"version-history":[{"count":9,"href":"https:\/\/senabel.com\/sv\/wp-json\/wp\/v2\/product\/47803\/revisions"}],"predecessor-version":[{"id":54433,"href":"https:\/\/senabel.com\/sv\/wp-json\/wp\/v2\/product\/47803\/revisions\/54433"}],"wp:featuredmedia":[{"embeddable":true,"href":"https:\/\/senabel.com\/sv\/wp-json\/wp\/v2\/media\/47804"}],"wp:attachment":[{"href":"https:\/\/senabel.com\/sv\/wp-json\/wp\/v2\/media?parent=47803"}],"wp:term":[{"taxonomy":"product_brand","embeddable":true,"href":"https:\/\/senabel.com\/sv\/wp-json\/wp\/v2\/product_brand?post=47803"},{"taxonomy":"product_cat","embeddable":true,"href":"https:\/\/senabel.com\/sv\/wp-json\/wp\/v2\/product_cat?post=47803"},{"taxonomy":"product_tag","embeddable":true,"href":"https:\/\/senabel.com\/sv\/wp-json\/wp\/v2\/product_tag?post=47803"}],"curies":[{"name":"wp","href":"https:\/\/api.w.org\/{rel}","templated":true}]}}