{"id":47799,"date":"2025-02-26T14:31:57","date_gmt":"2025-02-26T14:31:57","guid":{"rendered":"https:\/\/senabel.com\/?post_type=product&#038;p=47799"},"modified":"2025-05-27T19:45:10","modified_gmt":"2025-05-27T19:45:10","slug":"snapple-booth-500g","status":"publish","type":"product","link":"https:\/\/senabel.com\/sv\/product\/%d9%83%d8%b4%d9%83-%d8%b3%d9%86%d8%a7%d8%a8%d9%84-500%d8%ba\/","title":{"rendered":"Snapple Booth 500g"},"content":{"rendered":"<p data-start=\"29\" data-end=\"198\">Kashk \u00e4r gjord p\u00e5 de finaste ingredienserna och har en traditionell, autentisk smak med en rik och oemotst\u00e5ndlig smak. Den \u00e4r perfekt som en n\u00e4ringsrik och v\u00e4rmande m\u00e5ltid, har en kr\u00e4mig konsistens och en uts\u00f6kt smak.<\/p>\n<p data-start=\"200\" data-end=\"386\"><strong data-start=\"203\" data-end=\"216\">Funktioner:<\/strong><br data-start=\"216\" data-end=\"219\" \/>\u2714 <strong data-start=\"221\" data-end=\"256\">Tillverkad med de finaste naturliga ingredienserna<\/strong>.<br data-start=\"260\" data-end=\"263\" \/>\u2714 <strong data-start=\"265\" data-end=\"285\" data-is-only-node=\"\">Traditionell smak<\/strong> P\u00e5minner om mormors recept.<br data-start=\"307\" data-end=\"310\" \/>\u2714 <strong data-start=\"312\" data-end=\"337\">Rik p\u00e5 n\u00e4rings\u00e4mnen<\/strong> n\u00f6dv\u00e4ndigt f\u00f6r kroppens h\u00e4lsa.<br data-start=\"357\" data-end=\"360\" \/>\u2714 <strong data-start=\"362\" data-end=\"383\">L\u00e4tt och snabb att tillaga<\/strong>.<\/p>\n<p data-start=\"388\" data-end=\"411\"><strong data-start=\"391\" data-end=\"409\">Produktinformation:<\/strong><\/p>\n<ul data-start=\"412\" data-end=\"734\">\n<li data-start=\"412\" data-end=\"467\"><strong data-start=\"414\" data-end=\"427\">Ingredienser:<\/strong> Pulveriserad yoghurt, fin bulgur, kryddor.<\/li>\n<li data-start=\"468\" data-end=\"492\"><strong data-start=\"470\" data-end=\"480\">Vikt:<\/strong> 500 gram.<\/li>\n<li data-start=\"493\" data-end=\"734\"><strong data-start=\"495\" data-end=\"513\">Metoden f\u00f6r beredning:<\/strong><br data-start=\"513\" data-end=\"516\" \/>1\ufe0f\u20e3 Hetta upp lite ghee eller olja i en kastrull.<br data-start=\"559\" data-end=\"562\" \/>2\ufe0f\u20e3 Tills\u00e4tt gradvis kioskpulvret och vattnet under kontinuerlig omr\u00f6rning.<br data-start=\"621\" data-end=\"624\" \/>3\ufe0f\u20e3 L\u00e5t sjuda p\u00e5 l\u00e5g v\u00e4rme tills det tjocknar.<br data-start=\"671\" data-end=\"674\" data-is-only-node=\"\" \/>4\ufe0f\u20e3 Servera varm med rostat br\u00f6d eller n\u00f6tter f\u00f6r en \u00e4nnu b\u00e4ttre smak!<\/li>\n<\/ul>\n<p data-start=\"736\" data-end=\"801\" data-is-last-node=\"\" data-is-only-node=\"\"><strong data-start=\"739\" data-end=\"798\">Prova nu och njut av en uts\u00f6kt kioskr\u00e4tt som tillagas enkelt hemma<\/strong><\/p>","protected":false},"excerpt":{"rendered":"<p>Kashk \u00e4r gjord p\u00e5 de finaste ingredienserna och har en traditionell, autentisk smak med en rik och oemotst\u00e5ndlig smak. Den \u00e4r perfekt som en n\u00e4ringsrik och v\u00e4rmande m\u00e5ltid, har en kr\u00e4mig konsistens och en uts\u00f6kt smak.<\/p>","protected":false},"featured_media":47800,"template":"","meta":[],"product_brand":[],"product_cat":[349,347],"product_tag":[],"class_list":{"0":"post-47799","1":"product","2":"type-product","3":"status-publish","4":"has-post-thumbnail","6":"product_cat-349","7":"product_cat-347","9":"first","10":"outofstock","11":"taxable","12":"shipping-taxable","13":"purchasable","14":"product-type-simple"},"_links":{"self":[{"href":"https:\/\/senabel.com\/sv\/wp-json\/wp\/v2\/product\/47799","targetHints":{"allow":["GET"]}}],"collection":[{"href":"https:\/\/senabel.com\/sv\/wp-json\/wp\/v2\/product"}],"about":[{"href":"https:\/\/senabel.com\/sv\/wp-json\/wp\/v2\/types\/product"}],"version-history":[{"count":2,"href":"https:\/\/senabel.com\/sv\/wp-json\/wp\/v2\/product\/47799\/revisions"}],"predecessor-version":[{"id":47802,"href":"https:\/\/senabel.com\/sv\/wp-json\/wp\/v2\/product\/47799\/revisions\/47802"}],"wp:featuredmedia":[{"embeddable":true,"href":"https:\/\/senabel.com\/sv\/wp-json\/wp\/v2\/media\/47800"}],"wp:attachment":[{"href":"https:\/\/senabel.com\/sv\/wp-json\/wp\/v2\/media?parent=47799"}],"wp:term":[{"taxonomy":"product_brand","embeddable":true,"href":"https:\/\/senabel.com\/sv\/wp-json\/wp\/v2\/product_brand?post=47799"},{"taxonomy":"product_cat","embeddable":true,"href":"https:\/\/senabel.com\/sv\/wp-json\/wp\/v2\/product_cat?post=47799"},{"taxonomy":"product_tag","embeddable":true,"href":"https:\/\/senabel.com\/sv\/wp-json\/wp\/v2\/product_tag?post=47799"}],"curies":[{"name":"wp","href":"https:\/\/api.w.org\/{rel}","templated":true}]}}