{"id":47695,"date":"2025-02-22T11:10:10","date_gmt":"2025-02-22T11:10:10","guid":{"rendered":"https:\/\/senabel.com\/?post_type=product&#038;p=47695"},"modified":"2026-03-19T20:45:16","modified_gmt":"2026-03-19T20:45:16","slug":"ingefara-och-citron-eterisk-olja","status":"publish","type":"product","link":"https:\/\/senabel.com\/sv\/product\/%d8%a7%d9%84%d8%b2%d9%86%d8%ac%d8%a8%d9%8a%d9%84-%d9%88%d8%a7%d9%84%d9%84%d9%8a%d9%85%d9%88%d9%86-%d8%a7%d9%84%d8%b9%d8%b7%d8%a7%d8%b1\/","title":{"rendered":"Ingef\u00e4ra och citron - Attar"},"content":{"rendered":"<p data-start=\"46\" data-end=\"259\">Njut av en varm kopp med <strong data-start=\"82\" data-end=\"117\">Ingef\u00e4ra och citron fr\u00e5n apoteket<\/strong>Den perfekta kombinationen av syrligt och uppfriskande. Tack vare de rika f\u00f6rdelarna med ingef\u00e4ra och citron \u00e4r det det perfekta valet f\u00f6r att \u00f6ka immunf\u00f6rsvaret och ge energi till din dag.<\/p>\n<p data-start=\"261\" data-end=\"510\"><strong data-start=\"264\" data-end=\"277\">Funktioner:<\/strong><br data-start=\"277\" data-end=\"280\" \/>\u2714 En naturlig blandning av ingef\u00e4ra och citron med en stark och uppfriskande smak.<br data-start=\"329\" data-end=\"332\" \/>\u2714 Bidrar till att st\u00e4rka immunf\u00f6rsvaret och f\u00f6rb\u00e4ttrar matsm\u00e4ltningen.<br data-start=\"370\" data-end=\"373\" \/>\u2714 H\u00e5ller dig bekv\u00e4m och avslappnad.<br data-start=\"406\" data-end=\"409\" \/>\u2714 Levereras i dubbla p\u00e5sar f\u00f6r koncentrerad smak vid tillagning.<br data-start=\"459\" data-end=\"462\" \/>\u2714 L\u00e4mplig f\u00f6r alla tillf\u00e4llen, s\u00e4rskilt under kallare dagar.<\/p>\n<p data-start=\"512\" data-end=\"535\"><strong data-start=\"515\" data-end=\"533\">Produktinformation:<\/strong><\/p>\n<ul data-start=\"536\" data-end=\"866\">\n<li data-start=\"536\" data-end=\"590\"><strong data-start=\"538\" data-end=\"551\">Ingredienser:<\/strong> Torkad ingef\u00e4ra, citronextrakt.<\/li>\n<li data-start=\"591\" data-end=\"650\"><strong data-start=\"593\" data-end=\"609\">Antal p\u00e5sar:<\/strong> Dubbla p\u00e5sar f\u00f6r en intensiv smak.<\/li>\n<li data-start=\"651\" data-end=\"801\"><strong data-start=\"653\" data-end=\"673\">Hur man anv\u00e4nder den:<\/strong>\n<ul data-start=\"678\" data-end=\"801\">\n<li data-start=\"678\" data-end=\"711\">L\u00e4gg p\u00e5sen i en kopp med varmt vatten.<\/li>\n<li data-start=\"714\" data-end=\"764\">L\u00e5t den st\u00e5 i 3-5 minuter f\u00f6r optimal smak.<\/li>\n<li data-start=\"767\" data-end=\"801\">Tills\u00e4tt honung eller socker efter smak.<\/li>\n<\/ul>\n<\/li>\n<li data-start=\"802\" data-end=\"866\"><strong data-start=\"804\" data-end=\"822\">F\u00f6rvaringsmetoden:<\/strong> F\u00f6rvaras svalt, torrt och skyddat fr\u00e5n fukt.<\/li>\n<\/ul>\n<p data-start=\"868\" data-end=\"943\" data-is-last-node=\"\" data-is-only-node=\"\"><strong data-start=\"870\" data-end=\"938\">Njut av en kopp v\u00e4rme och energi med ingef\u00e4ra och citron fr\u00e5n Attar<\/strong><\/p>","protected":false},"excerpt":{"rendered":"<p>Njut av en varm kopp med <strong data-start=\"82\" data-end=\"117\">Ingef\u00e4ra och citron fr\u00e5n apoteket<\/strong>Den perfekta kombinationen av syrligt och uppfriskande. Tack vare de rika f\u00f6rdelarna med ingef\u00e4ra och citron \u00e4r det det perfekta valet f\u00f6r att \u00f6ka immunf\u00f6rsvaret och ge energi till din dag.<\/p>","protected":false},"featured_media":47696,"template":"","meta":[],"product_brand":[],"product_cat":[349,327,347],"product_tag":[],"class_list":{"0":"post-47695","1":"product","2":"type-product","3":"status-publish","4":"has-post-thumbnail","6":"product_cat-349","7":"product_cat-327","8":"product_cat-347","10":"first","11":"outofstock","12":"taxable","13":"shipping-taxable","14":"purchasable","15":"product-type-simple"},"_links":{"self":[{"href":"https:\/\/senabel.com\/sv\/wp-json\/wp\/v2\/product\/47695","targetHints":{"allow":["GET"]}}],"collection":[{"href":"https:\/\/senabel.com\/sv\/wp-json\/wp\/v2\/product"}],"about":[{"href":"https:\/\/senabel.com\/sv\/wp-json\/wp\/v2\/types\/product"}],"version-history":[{"count":1,"href":"https:\/\/senabel.com\/sv\/wp-json\/wp\/v2\/product\/47695\/revisions"}],"predecessor-version":[{"id":47698,"href":"https:\/\/senabel.com\/sv\/wp-json\/wp\/v2\/product\/47695\/revisions\/47698"}],"wp:featuredmedia":[{"embeddable":true,"href":"https:\/\/senabel.com\/sv\/wp-json\/wp\/v2\/media\/47696"}],"wp:attachment":[{"href":"https:\/\/senabel.com\/sv\/wp-json\/wp\/v2\/media?parent=47695"}],"wp:term":[{"taxonomy":"product_brand","embeddable":true,"href":"https:\/\/senabel.com\/sv\/wp-json\/wp\/v2\/product_brand?post=47695"},{"taxonomy":"product_cat","embeddable":true,"href":"https:\/\/senabel.com\/sv\/wp-json\/wp\/v2\/product_cat?post=47695"},{"taxonomy":"product_tag","embeddable":true,"href":"https:\/\/senabel.com\/sv\/wp-json\/wp\/v2\/product_tag?post=47695"}],"curies":[{"name":"wp","href":"https:\/\/api.w.org\/{rel}","templated":true}]}}