{"id":47685,"date":"2025-02-22T11:12:01","date_gmt":"2025-02-22T11:12:01","guid":{"rendered":"https:\/\/senabel.com\/?post_type=product&#038;p=47685"},"modified":"2025-04-07T20:42:30","modified_gmt":"2025-04-07T20:42:30","slug":"original-argentinsk-peaberry-mate-250g","status":"publish","type":"product","link":"https:\/\/senabel.com\/sv\/product\/%d9%85%d8%a7%d8%aa%d9%8a%d9%87-%d8%a8%d9%8a%d8%a8%d9%88%d8%b1%d9%8a-%d8%a7%d9%84%d8%a3%d8%b1%d8%ac%d9%86%d8%aa%d9%8a%d9%86%d9%8a-%d8%a7%d9%84%d8%a3%d8%b5%d9%84%d9%8a-250%d8%ba\/","title":{"rendered":"Original argentinsk Peaberry Mate - 250 g"},"content":{"rendered":"<p data-start=\"43\" data-end=\"299\">Njut av <strong data-start=\"73\" data-end=\"106\">Original Argentinsk Mate<\/strong> med <strong data-start=\"110\" data-end=\"120\">Peabury<\/strong>En traditionell dryck som \u00e4r rik p\u00e5 unik smak och h\u00e4lsof\u00f6rdelar. Framst\u00e4lld av bladen fr\u00e5n <strong data-start=\"206\" data-end=\"220\">Yerba Mate<\/strong> Omsorgsfullt torkade och konserverade naturliga ingredienser ger djup smak och f\u00f6rnyad energi med varje klunk.<\/p>\n<p data-start=\"301\" data-end=\"559\"><strong data-start=\"304\" data-end=\"317\">Funktioner:<\/strong><br data-start=\"317\" data-end=\"320\" \/>\u2714 100% Natural Drink \u00e4r rik p\u00e5 antioxidanter.<br data-start=\"359\" data-end=\"362\" \/>\u2714 Hj\u00e4lper till att \u00f6ka energi och fokus tack vare dess naturliga koffeininneh\u00e5ll.<br data-start=\"429\" data-end=\"432\" \/>\u2714 St\u00f6djer \u00e4mnesoms\u00e4ttningen och fr\u00e4mjar en sund matsm\u00e4ltning.<br data-start=\"469\" data-end=\"472\" \/>\u2714 En rik och distinkt smak som passar alla smaker.<br data-start=\"510\" data-end=\"513\" \/>\u2714 L\u00e4mplig f\u00f6r varm eller kall tillagning enligt \u00f6nskem\u00e5l.<\/p>\n<p data-start=\"561\" data-end=\"584\"><strong data-start=\"564\" data-end=\"582\">Produktinformation:<\/strong><\/p>\n<ul data-start=\"585\" data-end=\"938\">\n<li data-start=\"585\" data-end=\"628\"><strong data-start=\"587\" data-end=\"600\">Ingredienser:<\/strong> Naturliga Yerba Mate-blad.<\/li>\n<li data-start=\"629\" data-end=\"653\"><strong data-start=\"631\" data-end=\"641\">Vikt:<\/strong> 250 gram.<\/li>\n<li data-start=\"654\" data-end=\"852\"><strong data-start=\"656\" data-end=\"674\">Metoden f\u00f6r beredning:<\/strong>\n<ul data-start=\"679\" data-end=\"852\">\n<li data-start=\"679\" data-end=\"734\">L\u00e4gg en l\u00e4mplig m\u00e4ngd kompis i pumpan eller koppen.<\/li>\n<li data-start=\"737\" data-end=\"790\">Tills\u00e4tt varmt vatten (ej kokande) och l\u00e5t st\u00e5 i n\u00e5gra minuter.<\/li>\n<li data-start=\"793\" data-end=\"852\">Anv\u00e4nd en traditionell mate-klubba och njut av den unika smaken.<\/li>\n<\/ul>\n<\/li>\n<\/ul>\n<ul data-start=\"585\" data-end=\"938\">\n<li data-start=\"853\" data-end=\"938\"><strong data-start=\"855\" data-end=\"873\">F\u00f6rvaringsmetoden:<\/strong> F\u00f6rvara p\u00e5 en sval, torr plats, skyddad fr\u00e5n fukt och direkt solljus.<\/li>\n<\/ul>\n<p data-start=\"940\" data-end=\"1020\" data-is-last-node=\"\" data-is-only-node=\"\"><strong data-start=\"942\" data-end=\"1015\">Fyll p\u00e5 din energi med varje klunk av Peaberry Mate och njut av den unika upplevelsen<\/strong><\/p>","protected":false},"excerpt":{"rendered":"<p>Njut av <strong data-start=\"73\" data-end=\"106\">Original Argentinsk Mate<\/strong> med <strong data-start=\"110\" data-end=\"120\">Peabury<\/strong>En traditionell dryck som \u00e4r rik p\u00e5 unik smak och h\u00e4lsof\u00f6rdelar. Framst\u00e4lld av bladen fr\u00e5n <strong data-start=\"206\" data-end=\"220\">Yerba Mate<\/strong> Omsorgsfullt torkade och konserverade naturliga ingredienser ger djup smak och f\u00f6rnyad energi med varje klunk.<\/p>","protected":false},"featured_media":47686,"template":"","meta":[],"product_brand":[],"product_cat":[349,327,347],"product_tag":[],"class_list":{"0":"post-47685","1":"product","2":"type-product","3":"status-publish","4":"has-post-thumbnail","6":"product_cat-349","7":"product_cat-327","8":"product_cat-347","10":"first","11":"outofstock","12":"sale","13":"taxable","14":"shipping-taxable","15":"purchasable","16":"product-type-simple"},"_links":{"self":[{"href":"https:\/\/senabel.com\/sv\/wp-json\/wp\/v2\/product\/47685","targetHints":{"allow":["GET"]}}],"collection":[{"href":"https:\/\/senabel.com\/sv\/wp-json\/wp\/v2\/product"}],"about":[{"href":"https:\/\/senabel.com\/sv\/wp-json\/wp\/v2\/types\/product"}],"version-history":[{"count":4,"href":"https:\/\/senabel.com\/sv\/wp-json\/wp\/v2\/product\/47685\/revisions"}],"predecessor-version":[{"id":48117,"href":"https:\/\/senabel.com\/sv\/wp-json\/wp\/v2\/product\/47685\/revisions\/48117"}],"wp:featuredmedia":[{"embeddable":true,"href":"https:\/\/senabel.com\/sv\/wp-json\/wp\/v2\/media\/47686"}],"wp:attachment":[{"href":"https:\/\/senabel.com\/sv\/wp-json\/wp\/v2\/media?parent=47685"}],"wp:term":[{"taxonomy":"product_brand","embeddable":true,"href":"https:\/\/senabel.com\/sv\/wp-json\/wp\/v2\/product_brand?post=47685"},{"taxonomy":"product_cat","embeddable":true,"href":"https:\/\/senabel.com\/sv\/wp-json\/wp\/v2\/product_cat?post=47685"},{"taxonomy":"product_tag","embeddable":true,"href":"https:\/\/senabel.com\/sv\/wp-json\/wp\/v2\/product_tag?post=47685"}],"curies":[{"name":"wp","href":"https:\/\/api.w.org\/{rel}","templated":true}]}}