{"id":47680,"date":"2025-02-22T11:10:34","date_gmt":"2025-02-22T11:10:34","guid":{"rendered":"https:\/\/senabel.com\/?post_type=product&#038;p=47680"},"modified":"2025-10-02T20:44:54","modified_gmt":"2025-10-02T20:44:54","slug":"kummin-och-citron","status":"publish","type":"product","link":"https:\/\/senabel.com\/sv\/product\/%d9%83%d9%85%d9%88%d9%86-%d9%88%d9%84%d9%8a%d9%85%d9%88%d9%86-%d8%a7%d9%84%d8%b9%d8%b7%d8%a7%d8%b1\/","title":{"rendered":"Kummin och citron"},"content":{"rendered":"<p data-start=\"55\" data-end=\"326\">Njut av en unik upplevelse med <strong data-start=\"94\" data-end=\"127\">Kummin och citron fr\u00e5n parfym\u00f6ren<\/strong>Den perfekta naturliga blandningen som kombinerar de v\u00e4lk\u00e4nda matsm\u00e4ltnings- och h\u00e4lsofr\u00e4mjande f\u00f6rdelarna med kummin med den uppfriskande, C-vitaminrika smaken av citron. En fantastisk dryck att avnjuta varm efter m\u00e5ltider eller n\u00e4r som helst p\u00e5 dagen.<\/p>\n<p data-start=\"328\" data-end=\"547\">\ud83d\udd39 <strong data-start=\"331\" data-end=\"344\">Funktioner:<\/strong><br data-start=\"344\" data-end=\"347\" \/>\u2714 100% naturlig formula utan artificiella tillsatser.<br data-start=\"390\" data-end=\"393\" \/>\u2714 Bidrar till att f\u00f6rb\u00e4ttra matsm\u00e4ltningen och lugna magen.<br data-start=\"431\" data-end=\"434\" \/>\u2714 Rik p\u00e5 C-vitamin som st\u00e4rker immunf\u00f6rsvaret.<br data-start=\"466\" data-end=\"469\" \/>\u2714 Bekv\u00e4ma och l\u00e4ttanv\u00e4nda p\u00e5sar.<br data-start=\"499\" data-end=\"502\" \/>\u2714 En l\u00e4cker och uppfriskande \u00f6rtdryck f\u00f6r alla tillf\u00e4llen.<\/p>\n<p data-start=\"549\" data-end=\"572\">\ud83d\udd39 <strong data-start=\"552\" data-end=\"570\">Produktinformation:<\/strong><\/p>\n<ul data-start=\"573\" data-end=\"832\">\n<li data-start=\"573\" data-end=\"608\"><strong data-start=\"575\" data-end=\"588\">Ingredienser:<\/strong> Kummin, torkad citron.<\/li>\n<li data-start=\"609\" data-end=\"654\"><strong data-start=\"611\" data-end=\"621\">Vikt:<\/strong> F\u00f6rpackning med \u00f6rttep\u00e5sar.<\/li>\n<li data-start=\"655\" data-end=\"755\"><strong data-start=\"657\" data-end=\"675\">Metoden f\u00f6r beredning:<\/strong> L\u00e4gg en p\u00e5se i en kopp varmt vatten, l\u00e5t den st\u00e5 i n\u00e5gra minuter och njut sedan av smaken.<\/li>\n<li data-start=\"756\" data-end=\"832\"><strong data-start=\"758\" data-end=\"776\">F\u00f6rvaringsmetoden:<\/strong> F\u00f6rvara p\u00e5 en sval, torr plats, skyddad fr\u00e5n fukt och solljus.<\/li>\n<\/ul>\n<p data-start=\"834\" data-end=\"918\" data-is-last-node=\"\" data-is-only-node=\"\">\u2615 <strong data-start=\"836\" data-end=\"913\">F\u00f6r en h\u00e4lsosam och uppfriskande dryck, g\u00f6r kummin och citron till en del av din dagliga rutin<\/strong><\/p>","protected":false},"excerpt":{"rendered":"<p>Njut av en unik upplevelse med <strong data-start=\"94\" data-end=\"127\">Kummin och citron fr\u00e5n parfym\u00f6ren<\/strong>Den perfekta naturliga blandningen som kombinerar de v\u00e4lk\u00e4nda matsm\u00e4ltnings- och h\u00e4lsofr\u00e4mjande f\u00f6rdelarna med kummin med den uppfriskande, C-vitaminrika smaken av citron. En fantastisk dryck att avnjuta varm efter m\u00e5ltider eller n\u00e4r som helst p\u00e5 dagen.<\/p>","protected":false},"featured_media":47682,"template":"","meta":[],"product_brand":[],"product_cat":[349,327,347],"product_tag":[],"class_list":{"0":"post-47680","1":"product","2":"type-product","3":"status-publish","4":"has-post-thumbnail","6":"product_cat-349","7":"product_cat-327","8":"product_cat-347","10":"first","11":"outofstock","12":"taxable","13":"shipping-taxable","14":"purchasable","15":"product-type-simple"},"_links":{"self":[{"href":"https:\/\/senabel.com\/sv\/wp-json\/wp\/v2\/product\/47680","targetHints":{"allow":["GET"]}}],"collection":[{"href":"https:\/\/senabel.com\/sv\/wp-json\/wp\/v2\/product"}],"about":[{"href":"https:\/\/senabel.com\/sv\/wp-json\/wp\/v2\/types\/product"}],"version-history":[{"count":2,"href":"https:\/\/senabel.com\/sv\/wp-json\/wp\/v2\/product\/47680\/revisions"}],"predecessor-version":[{"id":47724,"href":"https:\/\/senabel.com\/sv\/wp-json\/wp\/v2\/product\/47680\/revisions\/47724"}],"wp:featuredmedia":[{"embeddable":true,"href":"https:\/\/senabel.com\/sv\/wp-json\/wp\/v2\/media\/47682"}],"wp:attachment":[{"href":"https:\/\/senabel.com\/sv\/wp-json\/wp\/v2\/media?parent=47680"}],"wp:term":[{"taxonomy":"product_brand","embeddable":true,"href":"https:\/\/senabel.com\/sv\/wp-json\/wp\/v2\/product_brand?post=47680"},{"taxonomy":"product_cat","embeddable":true,"href":"https:\/\/senabel.com\/sv\/wp-json\/wp\/v2\/product_cat?post=47680"},{"taxonomy":"product_tag","embeddable":true,"href":"https:\/\/senabel.com\/sv\/wp-json\/wp\/v2\/product_tag?post=47680"}],"curies":[{"name":"wp","href":"https:\/\/api.w.org\/{rel}","templated":true}]}}