{"id":47676,"date":"2025-02-22T11:13:58","date_gmt":"2025-02-22T11:13:58","guid":{"rendered":"https:\/\/senabel.com\/?post_type=product&#038;p=47676"},"modified":"2026-04-23T19:33:54","modified_gmt":"2026-04-23T19:33:54","slug":"%d9%8a%d8%a7%d9%86%d8%b3%d9%88%d9%86-200%d8%ba","status":"publish","type":"product","link":"https:\/\/senabel.com\/sv\/product\/%d9%8a%d8%a7%d9%86%d8%b3%d9%88%d9%86-200%d8%ba\/","title":{"rendered":"\u064a\u0627\u0646\u0633\u0648\u0646 \u062d\u0628 \u2013 200\u063a"},"content":{"rendered":"<p data-start=\"32\" data-end=\"254\">Njut av smak och doft <strong data-start=\"68\" data-end=\"88\">Naturlig anis<\/strong> Det \u00e4r en aromatisk \u00f6rt med m\u00e5nga h\u00e4lsof\u00f6rdelar. Den anv\u00e4nds i varma drycker, bakverk och desserter och \u00e4r k\u00e4nd f\u00f6r sina lugnande och avslappnande egenskaper f\u00f6r matsm\u00e4ltningssystemet.<\/p>\n<p data-start=\"256\" data-end=\"483\"><strong data-start=\"259\" data-end=\"272\">Funktioner:<\/strong><br data-start=\"272\" data-end=\"275\" \/>\u2714 Naturlig 100% och fri fr\u00e5n konserveringsmedel.<br data-start=\"311\" data-end=\"314\" \/>\u2714 Rik p\u00e5 eteriska oljor som ger smak \u00e5t drycker och livsmedel.<br data-start=\"376\" data-end=\"379\" \/>\u2714 Hj\u00e4lper till att lugna matsm\u00e4ltningssystemet och minska uppbl\u00e5sthet.<br data-start=\"429\" data-end=\"432\" \/>\u2714 Anv\u00e4nd vid matlagning, bakning och varma drycker.<\/p>\n<p data-start=\"485\" data-end=\"508\"><strong data-start=\"488\" data-end=\"506\">Produktinformation:<\/strong><\/p>\n<ul data-start=\"509\" data-end=\"679\">\n<li data-start=\"509\" data-end=\"544\"><strong data-start=\"511\" data-end=\"524\">Ingredienser:<\/strong> Ren naturlig anis.<\/li>\n<li data-start=\"545\" data-end=\"569\"><strong data-start=\"547\" data-end=\"557\">Vikt:<\/strong> 200 gram.<\/li>\n<li data-start=\"570\" data-end=\"679\"><strong data-start=\"572\" data-end=\"590\">F\u00f6rvaringsmetoden:<\/strong> F\u00f6rvara p\u00e5 en sval, torr plats utan direkt solljus f\u00f6r att bevara smak och arom.<\/li>\n<\/ul>\n<p data-start=\"681\" data-end=\"749\" data-is-last-node=\"\" data-is-only-node=\"\"><strong data-start=\"683\" data-end=\"744\">Njut av en varm kopp med naturlig anis f\u00f6r en lugnande och uppfriskande upplevelse<\/strong><\/p>","protected":false},"excerpt":{"rendered":"<p>Njut av smak och doft <strong data-start=\"68\" data-end=\"88\">Naturlig anis<\/strong> Det \u00e4r en aromatisk \u00f6rt med m\u00e5nga h\u00e4lsof\u00f6rdelar. Den anv\u00e4nds i varma drycker, bakverk och desserter och \u00e4r k\u00e4nd f\u00f6r sina lugnande och avslappnande egenskaper f\u00f6r matsm\u00e4ltningssystemet.<\/p>","protected":false},"featured_media":47677,"template":"","meta":[],"product_brand":[],"product_cat":[349,327],"product_tag":[],"class_list":{"0":"post-47676","1":"product","2":"type-product","3":"status-publish","4":"has-post-thumbnail","6":"product_cat-349","7":"product_cat-327","9":"first","10":"instock","11":"taxable","12":"shipping-taxable","13":"purchasable","14":"product-type-simple"},"_links":{"self":[{"href":"https:\/\/senabel.com\/sv\/wp-json\/wp\/v2\/product\/47676","targetHints":{"allow":["GET"]}}],"collection":[{"href":"https:\/\/senabel.com\/sv\/wp-json\/wp\/v2\/product"}],"about":[{"href":"https:\/\/senabel.com\/sv\/wp-json\/wp\/v2\/types\/product"}],"version-history":[{"count":5,"href":"https:\/\/senabel.com\/sv\/wp-json\/wp\/v2\/product\/47676\/revisions"}],"predecessor-version":[{"id":63090,"href":"https:\/\/senabel.com\/sv\/wp-json\/wp\/v2\/product\/47676\/revisions\/63090"}],"wp:featuredmedia":[{"embeddable":true,"href":"https:\/\/senabel.com\/sv\/wp-json\/wp\/v2\/media\/47677"}],"wp:attachment":[{"href":"https:\/\/senabel.com\/sv\/wp-json\/wp\/v2\/media?parent=47676"}],"wp:term":[{"taxonomy":"product_brand","embeddable":true,"href":"https:\/\/senabel.com\/sv\/wp-json\/wp\/v2\/product_brand?post=47676"},{"taxonomy":"product_cat","embeddable":true,"href":"https:\/\/senabel.com\/sv\/wp-json\/wp\/v2\/product_cat?post=47676"},{"taxonomy":"product_tag","embeddable":true,"href":"https:\/\/senabel.com\/sv\/wp-json\/wp\/v2\/product_tag?post=47676"}],"curies":[{"name":"wp","href":"https:\/\/api.w.org\/{rel}","templated":true}]}}