{"id":47672,"date":"2025-02-22T11:14:19","date_gmt":"2025-02-22T11:14:19","guid":{"rendered":"https:\/\/senabel.com\/?post_type=product&#038;p=47672"},"modified":"2026-04-22T18:36:40","modified_gmt":"2026-04-22T18:36:40","slug":"svart-kumminfron-200-g","status":"publish","type":"product","link":"https:\/\/senabel.com\/sv\/product\/%d8%ad%d8%a8%d8%a9-%d8%a7%d9%84%d8%a8%d8%b1%d9%83%d8%a9-%d8%a7%d9%84%d8%b3%d9%88%d8%af%d8%a7%d8%a1-200%d8%ba\/","title":{"rendered":"Svart kumminfr\u00f6n \u2013 250 g"},"content":{"rendered":"<p data-start=\"44\" data-end=\"282\">Njut av f\u00f6rdelarna med <strong data-start=\"74\" data-end=\"96\">Nigella sativa<\/strong> Den \u00e4r k\u00e4nd f\u00f6r sina m\u00e5nga l\u00e4kande egenskaper och \u00e4r en naturlig skatt f\u00f6r h\u00e4lsa och v\u00e4lbefinnande. Den kan tills\u00e4ttas i mat, desserter, bakverk eller till och med \u00e4tas med honung f\u00f6r sina n\u00e4ringsm\u00e4ssiga f\u00f6rdelar.<\/p>\n<p data-start=\"284\" data-end=\"509\"><strong data-start=\"287\" data-end=\"300\">Funktioner:<\/strong><br data-start=\"300\" data-end=\"303\" \/>\u2714 100% naturlig och fri fr\u00e5n tillsatser.<br data-start=\"341\" data-end=\"344\" \/>\u2714 Rik p\u00e5 antioxidanter och nyttiga n\u00e4rings\u00e4mnen.<br data-start=\"393\" data-end=\"396\" \/>\u2714 Anv\u00e4nds f\u00f6r att st\u00e4rka immunf\u00f6rsvaret och f\u00f6rb\u00e4ttra matsm\u00e4ltningen.<br data-start=\"448\" data-end=\"451\" \/>\u2714 Perfekt f\u00f6r anv\u00e4ndning i matlagning eller som ett dagligt tillskott.<\/p>\n<p data-start=\"511\" data-end=\"534\"><strong data-start=\"514\" data-end=\"532\">Produktinformation:<\/strong><\/p>\n<ul data-start=\"535\" data-end=\"713\">\n<li data-start=\"535\" data-end=\"579\"><strong data-start=\"537\" data-end=\"550\">Ingredienser:<\/strong> Ren svart nigella sativa.<\/li>\n<li data-start=\"580\" data-end=\"604\"><strong data-start=\"582\" data-end=\"592\">Vikt:<\/strong> 250 gram.<\/li>\n<li data-start=\"605\" data-end=\"713\"><strong data-start=\"607\" data-end=\"625\">F\u00f6rvaringsmetoden:<\/strong> F\u00f6rvara den p\u00e5 en sval och torr plats, skyddad fr\u00e5n fukt och direkt solljus f\u00f6r att s\u00e4kerst\u00e4lla att den bibeh\u00e5ller sin kvalitet.<\/li>\n<\/ul>\n<p data-start=\"715\" data-end=\"797\" data-is-last-node=\"\" data-is-only-node=\"\"><strong data-start=\"718\" data-end=\"793\">Njut av de naturliga f\u00f6rdelarna med Nigella sativa och l\u00e4gg till det i din kost f\u00f6r att f\u00f6rb\u00e4ttra din h\u00e4lsa<\/strong><\/p>","protected":false},"excerpt":{"rendered":"<p>Njut av f\u00f6rdelarna med <strong data-start=\"74\" data-end=\"96\">Nigella sativa<\/strong> Den \u00e4r k\u00e4nd f\u00f6r sina m\u00e5nga l\u00e4kande egenskaper och \u00e4r en naturlig skatt f\u00f6r h\u00e4lsa och v\u00e4lbefinnande. Den kan tills\u00e4ttas i mat, desserter, bakverk eller till och med \u00e4tas med honung f\u00f6r sina n\u00e4ringsm\u00e4ssiga f\u00f6rdelar.<\/p>","protected":false},"featured_media":47673,"template":"","meta":[],"product_brand":[],"product_cat":[349,327],"product_tag":[],"class_list":{"0":"post-47672","1":"product","2":"type-product","3":"status-publish","4":"has-post-thumbnail","6":"product_cat-349","7":"product_cat-327","9":"first","10":"instock","11":"taxable","12":"shipping-taxable","13":"purchasable","14":"product-type-simple"},"_links":{"self":[{"href":"https:\/\/senabel.com\/sv\/wp-json\/wp\/v2\/product\/47672","targetHints":{"allow":["GET"]}}],"collection":[{"href":"https:\/\/senabel.com\/sv\/wp-json\/wp\/v2\/product"}],"about":[{"href":"https:\/\/senabel.com\/sv\/wp-json\/wp\/v2\/types\/product"}],"version-history":[{"count":6,"href":"https:\/\/senabel.com\/sv\/wp-json\/wp\/v2\/product\/47672\/revisions"}],"predecessor-version":[{"id":58430,"href":"https:\/\/senabel.com\/sv\/wp-json\/wp\/v2\/product\/47672\/revisions\/58430"}],"wp:featuredmedia":[{"embeddable":true,"href":"https:\/\/senabel.com\/sv\/wp-json\/wp\/v2\/media\/47673"}],"wp:attachment":[{"href":"https:\/\/senabel.com\/sv\/wp-json\/wp\/v2\/media?parent=47672"}],"wp:term":[{"taxonomy":"product_brand","embeddable":true,"href":"https:\/\/senabel.com\/sv\/wp-json\/wp\/v2\/product_brand?post=47672"},{"taxonomy":"product_cat","embeddable":true,"href":"https:\/\/senabel.com\/sv\/wp-json\/wp\/v2\/product_cat?post=47672"},{"taxonomy":"product_tag","embeddable":true,"href":"https:\/\/senabel.com\/sv\/wp-json\/wp\/v2\/product_tag?post=47672"}],"curies":[{"name":"wp","href":"https:\/\/api.w.org\/{rel}","templated":true}]}}