{"id":47669,"date":"2025-02-22T11:14:56","date_gmt":"2025-02-22T11:14:56","guid":{"rendered":"https:\/\/senabel.com\/?post_type=product&#038;p=47669"},"modified":"2026-04-04T11:37:26","modified_gmt":"2026-04-04T11:37:26","slug":"vita-sesamfron-250-g","status":"publish","type":"product","link":"https:\/\/senabel.com\/sv\/product\/%d8%b3%d9%85%d8%b3%d9%85-%d8%a3%d8%a8%d9%8a%d8%b6-250%d8%ba\/","title":{"rendered":"Vita sesamfr\u00f6n - 250 g"},"content":{"rendered":"<p data-start=\"35\" data-end=\"288\">Njut av f\u00f6rdelarna med <strong data-start=\"65\" data-end=\"82\">Vit sesam<\/strong> Det \u00e4r en n\u00e4ringsrik livsmedelsingrediens och en bra energik\u00e4lla. Dess uts\u00f6kta smak och mjuka konsistens g\u00f6r den till ett perfekt komplement till bakverk, desserter, tahini och m\u00e5nga traditionella och moderna r\u00e4tter.<\/p>\n<p data-start=\"290\" data-end=\"518\"><strong data-start=\"293\" data-end=\"306\">Funktioner:<\/strong><br data-start=\"306\" data-end=\"309\" \/>\u2714 100% naturlig och fri fr\u00e5n konserveringsmedel.<br data-start=\"346\" data-end=\"349\" \/>\u2714 En rik k\u00e4lla till kalcium, magnesium och kostfiber.<br data-start=\"402\" data-end=\"405\" \/>\u2714 Ger konsistens och smak till livsmedel.<br data-start=\"445\" data-end=\"448\" \/>\u2714 Den kan anv\u00e4ndas i matlagning eller \u00e4tas r\u00e5 f\u00f6r att dra nytta av dess h\u00e4lsof\u00f6rdelar.<\/p>\n<p data-start=\"520\" data-end=\"543\"><strong data-start=\"523\" data-end=\"541\">Produktinformation:<\/strong><\/p>\n<ul data-start=\"544\" data-end=\"724\">\n<li data-start=\"544\" data-end=\"581\"><strong data-start=\"546\" data-end=\"559\">Ingredienser:<\/strong> Ren vit sesam 100%.<\/li>\n<li data-start=\"582\" data-end=\"606\"><strong data-start=\"584\" data-end=\"594\">Vikt:<\/strong> 250 gram.<\/li>\n<li data-start=\"607\" data-end=\"724\"><strong data-start=\"609\" data-end=\"627\">F\u00f6rvaringsmetoden:<\/strong> F\u00f6rvara p\u00e5 en sval, torr plats, skyddad fr\u00e5n fukt och direkt solljus f\u00f6r att bevara f\u00e4rskhet och smak.<\/li>\n<\/ul>\n<p data-start=\"726\" data-end=\"806\" data-is-last-node=\"\" data-is-only-node=\"\"><strong data-start=\"729\" data-end=\"801\">L\u00e4gg till vita sesamfr\u00f6n i dina dagliga m\u00e5ltider och njut av dess m\u00e5nga h\u00e4lsof\u00f6rdelar<\/strong><\/p>","protected":false},"excerpt":{"rendered":"<p>Njut av f\u00f6rdelarna med <strong data-start=\"65\" data-end=\"82\">Vit sesam<\/strong> Det \u00e4r en n\u00e4ringsrik livsmedelsingrediens och en bra energik\u00e4lla. Dess uts\u00f6kta smak och mjuka konsistens g\u00f6r den till ett perfekt komplement till bakverk, desserter, tahini och m\u00e5nga traditionella och moderna r\u00e4tter.<\/p>","protected":false},"featured_media":47670,"template":"","meta":[],"product_brand":[],"product_cat":[349,327],"product_tag":[],"class_list":{"0":"post-47669","1":"product","2":"type-product","3":"status-publish","4":"has-post-thumbnail","6":"product_cat-349","7":"product_cat-327","9":"first","10":"instock","11":"taxable","12":"shipping-taxable","13":"purchasable","14":"product-type-simple"},"_links":{"self":[{"href":"https:\/\/senabel.com\/sv\/wp-json\/wp\/v2\/product\/47669","targetHints":{"allow":["GET"]}}],"collection":[{"href":"https:\/\/senabel.com\/sv\/wp-json\/wp\/v2\/product"}],"about":[{"href":"https:\/\/senabel.com\/sv\/wp-json\/wp\/v2\/types\/product"}],"version-history":[{"count":1,"href":"https:\/\/senabel.com\/sv\/wp-json\/wp\/v2\/product\/47669\/revisions"}],"predecessor-version":[{"id":47671,"href":"https:\/\/senabel.com\/sv\/wp-json\/wp\/v2\/product\/47669\/revisions\/47671"}],"wp:featuredmedia":[{"embeddable":true,"href":"https:\/\/senabel.com\/sv\/wp-json\/wp\/v2\/media\/47670"}],"wp:attachment":[{"href":"https:\/\/senabel.com\/sv\/wp-json\/wp\/v2\/media?parent=47669"}],"wp:term":[{"taxonomy":"product_brand","embeddable":true,"href":"https:\/\/senabel.com\/sv\/wp-json\/wp\/v2\/product_brand?post=47669"},{"taxonomy":"product_cat","embeddable":true,"href":"https:\/\/senabel.com\/sv\/wp-json\/wp\/v2\/product_cat?post=47669"},{"taxonomy":"product_tag","embeddable":true,"href":"https:\/\/senabel.com\/sv\/wp-json\/wp\/v2\/product_tag?post=47669"}],"curies":[{"name":"wp","href":"https:\/\/api.w.org\/{rel}","templated":true}]}}