{"id":47665,"date":"2025-02-22T11:15:49","date_gmt":"2025-02-22T11:15:49","guid":{"rendered":"https:\/\/senabel.com\/?post_type=product&#038;p=47665"},"modified":"2026-04-19T16:10:15","modified_gmt":"2026-04-19T16:10:15","slug":"malet-gurkmeja-250-g","status":"publish","type":"product","link":"https:\/\/senabel.com\/sv\/product\/%d9%83%d8%b1%d9%83%d9%85-%d9%85%d8%b7%d8%ad%d9%88%d9%86-250%d8%ba\/","title":{"rendered":"Mald gurkmeja - 250g"},"content":{"rendered":"<p data-start=\"36\" data-end=\"302\">Njut av h\u00e4lsof\u00f6rdelarna och den starka aromatiska smaken med <strong data-start=\"99\" data-end=\"117\">Mald gurkmeja<\/strong>En av de viktigaste kryddorna i det orientaliska och internationella k\u00f6ket. Dess distinkta gyllene f\u00e4rg och rika smak g\u00f6r den till ett utm\u00e4rkt komplement till dina favoritr\u00e4tter som curry, soppor, ris och till och med h\u00e4lsosamma drycker.<\/p>\n<p data-start=\"304\" data-end=\"504\"><strong data-start=\"307\" data-end=\"320\">Funktioner:<\/strong><br data-start=\"320\" data-end=\"323\" \/>\u2714 Naturlig 100% och fri fr\u00e5n artificiella tillsatser.<br data-start=\"363\" data-end=\"366\" \/>\u2714 En kraftfull antioxidant med fantastiska h\u00e4lsof\u00f6rdelar.<br data-start=\"404\" data-end=\"407\" \/>\u2714 Anv\u00e4nds i matlagning, h\u00e4lsosamma drycker och hudv\u00e5rd.<br data-start=\"460\" data-end=\"463\" \/>\u2714 En rik naturlig f\u00e4rg som f\u00f6rh\u00f6jer diskens estetik.<\/p>\n<p data-start=\"506\" data-end=\"529\"><strong data-start=\"509\" data-end=\"527\">Produktinformation:<\/strong><\/p>\n<ul data-start=\"530\" data-end=\"697\">\n<li data-start=\"530\" data-end=\"570\"><strong data-start=\"532\" data-end=\"545\">Ingredienser:<\/strong> Mald gurkmeja 100% naturlig.<\/li>\n<li data-start=\"571\" data-end=\"595\"><strong data-start=\"573\" data-end=\"583\">Vikt:<\/strong> 250 gram.<\/li>\n<li data-start=\"596\" data-end=\"697\"><strong data-start=\"598\" data-end=\"616\">F\u00f6rvaringsmetoden:<\/strong> F\u00f6rvara p\u00e5 en sval, torr plats, skyddad fr\u00e5n solljus och fukt f\u00f6r att bevara den friska smaken.<\/li>\n<\/ul>\n<p data-start=\"699\" data-end=\"778\" data-is-last-node=\"\" data-is-only-node=\"\"><strong data-start=\"702\" data-end=\"774\">Ge dina recept en gyllene touch med naturlig gurkmeja och njut av dess m\u00e5nga f\u00f6rdelar<\/strong><\/p>","protected":false},"excerpt":{"rendered":"<p>Njut av h\u00e4lsof\u00f6rdelarna och den starka aromatiska smaken med <strong data-start=\"99\" data-end=\"117\">Mald gurkmeja<\/strong>En av de viktigaste kryddorna i det orientaliska och internationella k\u00f6ket. Dess distinkta gyllene f\u00e4rg och rika smak g\u00f6r den till ett utm\u00e4rkt komplement till dina favoritr\u00e4tter som curry, soppor, ris och till och med h\u00e4lsosamma drycker.<\/p>","protected":false},"featured_media":47666,"template":"","meta":[],"product_brand":[],"product_cat":[349,327],"product_tag":[],"class_list":{"0":"post-47665","1":"product","2":"type-product","3":"status-publish","4":"has-post-thumbnail","6":"product_cat-349","7":"product_cat-327","9":"first","10":"instock","11":"taxable","12":"shipping-taxable","13":"purchasable","14":"product-type-simple"},"_links":{"self":[{"href":"https:\/\/senabel.com\/sv\/wp-json\/wp\/v2\/product\/47665","targetHints":{"allow":["GET"]}}],"collection":[{"href":"https:\/\/senabel.com\/sv\/wp-json\/wp\/v2\/product"}],"about":[{"href":"https:\/\/senabel.com\/sv\/wp-json\/wp\/v2\/types\/product"}],"version-history":[{"count":2,"href":"https:\/\/senabel.com\/sv\/wp-json\/wp\/v2\/product\/47665\/revisions"}],"predecessor-version":[{"id":47668,"href":"https:\/\/senabel.com\/sv\/wp-json\/wp\/v2\/product\/47665\/revisions\/47668"}],"wp:featuredmedia":[{"embeddable":true,"href":"https:\/\/senabel.com\/sv\/wp-json\/wp\/v2\/media\/47666"}],"wp:attachment":[{"href":"https:\/\/senabel.com\/sv\/wp-json\/wp\/v2\/media?parent=47665"}],"wp:term":[{"taxonomy":"product_brand","embeddable":true,"href":"https:\/\/senabel.com\/sv\/wp-json\/wp\/v2\/product_brand?post=47665"},{"taxonomy":"product_cat","embeddable":true,"href":"https:\/\/senabel.com\/sv\/wp-json\/wp\/v2\/product_cat?post=47665"},{"taxonomy":"product_tag","embeddable":true,"href":"https:\/\/senabel.com\/sv\/wp-json\/wp\/v2\/product_tag?post=47665"}],"curies":[{"name":"wp","href":"https:\/\/api.w.org\/{rel}","templated":true}]}}