{"id":47662,"date":"2025-02-22T11:16:42","date_gmt":"2025-02-22T11:16:42","guid":{"rendered":"https:\/\/senabel.com\/?post_type=product&#038;p=47662"},"modified":"2025-04-09T15:26:23","modified_gmt":"2025-04-09T15:26:23","slug":"grov-kokosnot-200g","status":"publish","type":"product","link":"https:\/\/senabel.com\/sv\/product\/%d8%ac%d9%88%d8%b2-%d8%a7%d9%84%d9%87%d9%86%d8%af-%d8%a7%d9%84%d8%ae%d8%b4%d9%86-200%d8%ba\/","title":{"rendered":"Grov kokosn\u00f6t - 200 g"},"content":{"rendered":"<p data-start=\"41\" data-end=\"286\">Njut av den naturliga smaken av kokosn\u00f6t med Coarse Coconut, som ger rik smak och textur till dina favoritrecept. Oavsett om du vill anv\u00e4nda den i desserter, drycker eller till och med i matlagningen ger den dina r\u00e4tter en distinkt smak och en unik tropisk touch.<\/p>\n<p data-start=\"288\" data-end=\"496\"><strong data-start=\"291\" data-end=\"304\">Funktioner:<\/strong><br data-start=\"304\" data-end=\"307\" \/>\u2714 Naturlig 100% utan artificiella tillsatser.<br data-start=\"339\" data-end=\"342\" \/>\u2714 Grov konsistens idealisk f\u00f6r dekorering av desserter och bakverk.<br data-start=\"386\" data-end=\"389\" \/>\u2714 Rik p\u00e5 fibrer och nyttiga n\u00e4rings\u00e4mnen.<br data-start=\"430\" data-end=\"433\" \/>\u2714 L\u00e4mplig f\u00f6r b\u00e5de \u00f6sterl\u00e4ndska och v\u00e4sterl\u00e4ndska desserter, t.ex. kex och kakor.<\/p>\n<p data-start=\"498\" data-end=\"521\"><strong data-start=\"501\" data-end=\"519\">Produktinformation:<\/strong><\/p>\n<ul data-start=\"522\" data-end=\"686\">\n<li data-start=\"522\" data-end=\"575\"><strong data-start=\"524\" data-end=\"537\">Ingredienser:<\/strong> Torkad och grovt riven kokosn\u00f6t.<\/li>\n<li data-start=\"576\" data-end=\"600\"><strong data-start=\"578\" data-end=\"588\">Vikt:<\/strong> 200 gram.<\/li>\n<li data-start=\"601\" data-end=\"686\"><strong data-start=\"603\" data-end=\"621\">F\u00f6rvaringsmetoden:<\/strong> F\u00f6rvara p\u00e5 en sval, torr plats, skyddad fr\u00e5n fukt och direkt solljus.<\/li>\n<\/ul>\n<p data-start=\"688\" data-end=\"779\" data-is-last-node=\"\" data-is-only-node=\"\"><strong data-start=\"691\" data-end=\"775\">Ge dina recept en twist med grov kokosn\u00f6t och njut av den unika tropiska smaken<\/strong><\/p>","protected":false},"excerpt":{"rendered":"<p>Njut av den naturliga smaken av kokosn\u00f6t med Coarse Coconut, som ger rik smak och textur till dina favoritrecept. Oavsett om du vill anv\u00e4nda den i desserter, drycker eller till och med i matlagningen ger den dina r\u00e4tter en distinkt smak och en unik tropisk touch.<\/p>","protected":false},"featured_media":47663,"template":"","meta":[],"product_brand":[],"product_cat":[347,327],"product_tag":[],"class_list":{"0":"post-47662","1":"product","2":"type-product","3":"status-publish","4":"has-post-thumbnail","6":"product_cat-347","7":"product_cat-327","9":"first","10":"outofstock","11":"taxable","12":"shipping-taxable","13":"purchasable","14":"product-type-simple"},"_links":{"self":[{"href":"https:\/\/senabel.com\/sv\/wp-json\/wp\/v2\/product\/47662","targetHints":{"allow":["GET"]}}],"collection":[{"href":"https:\/\/senabel.com\/sv\/wp-json\/wp\/v2\/product"}],"about":[{"href":"https:\/\/senabel.com\/sv\/wp-json\/wp\/v2\/types\/product"}],"version-history":[{"count":1,"href":"https:\/\/senabel.com\/sv\/wp-json\/wp\/v2\/product\/47662\/revisions"}],"predecessor-version":[{"id":47664,"href":"https:\/\/senabel.com\/sv\/wp-json\/wp\/v2\/product\/47662\/revisions\/47664"}],"wp:featuredmedia":[{"embeddable":true,"href":"https:\/\/senabel.com\/sv\/wp-json\/wp\/v2\/media\/47663"}],"wp:attachment":[{"href":"https:\/\/senabel.com\/sv\/wp-json\/wp\/v2\/media?parent=47662"}],"wp:term":[{"taxonomy":"product_brand","embeddable":true,"href":"https:\/\/senabel.com\/sv\/wp-json\/wp\/v2\/product_brand?post=47662"},{"taxonomy":"product_cat","embeddable":true,"href":"https:\/\/senabel.com\/sv\/wp-json\/wp\/v2\/product_cat?post=47662"},{"taxonomy":"product_tag","embeddable":true,"href":"https:\/\/senabel.com\/sv\/wp-json\/wp\/v2\/product_tag?post=47662"}],"curies":[{"name":"wp","href":"https:\/\/api.w.org\/{rel}","templated":true}]}}