{"id":47658,"date":"2025-02-22T11:16:52","date_gmt":"2025-02-22T11:16:52","guid":{"rendered":"https:\/\/senabel.com\/?post_type=product&#038;p=47658"},"modified":"2026-04-22T18:36:40","modified_gmt":"2026-04-22T18:36:40","slug":"mjuk-kokosnot-500-g","status":"publish","type":"product","link":"https:\/\/senabel.com\/sv\/product\/%d8%ac%d9%88%d8%b2-%d8%a7%d9%84%d9%87%d9%86%d8%af-%d8%a7%d9%84%d9%86%d8%a7%d8%b9%d9%85-500%d8%ba\/","title":{"rendered":"Kokosn\u00f6t - 500g"},"content":{"rendered":"<p data-start=\"42\" data-end=\"308\">Njut av den uts\u00f6kta smaken och mjuka konsistensen av strimlad kokosn\u00f6t, perfekt f\u00f6r att ge en uppfriskande tropisk twist till dina favoritrecept. Oavsett om du vill anv\u00e4nda den i desserter, drycker eller till och med salta r\u00e4tter \u00e4r strimlad kokos den hemliga ingrediensen som ger en unik och rik smak.<\/p>\n<p data-start=\"310\" data-end=\"523\"><strong data-start=\"313\" data-end=\"326\">Funktioner:<\/strong><br data-start=\"326\" data-end=\"329\" \/>\u2714 Rik, naturlig smak utan artificiella tillsatser.<br data-start=\"367\" data-end=\"370\" \/>\u2714 Mjuk konsistens som passar perfekt f\u00f6r desserter och bakverk.<br data-start=\"414\" data-end=\"417\" \/>\u2714 Kan anv\u00e4ndas i smoothies och hemlagad choklad.<br data-start=\"471\" data-end=\"474\" \/>\u2714 En naturlig k\u00e4lla till fibrer och nyttiga n\u00e4rings\u00e4mnen.<\/p>\n<p data-start=\"525\" data-end=\"548\"><strong data-start=\"528\" data-end=\"546\">Produktinformation:<\/strong><\/p>\n<ul data-start=\"549\" data-end=\"708\">\n<li data-start=\"549\" data-end=\"597\"><strong data-start=\"551\" data-end=\"564\">Ingredienser:<\/strong> Finstrimlad kokosn\u00f6t.<\/li>\n<li data-start=\"598\" data-end=\"622\"><strong data-start=\"600\" data-end=\"610\">Vikt:<\/strong> 500 gram.<\/li>\n<li data-start=\"623\" data-end=\"708\"><strong data-start=\"625\" data-end=\"643\">F\u00f6rvaringsmetoden:<\/strong> F\u00f6rvara p\u00e5 en sval, torr plats, skyddad fr\u00e5n fukt och direkt solljus.<\/li>\n<\/ul>\n<p data-start=\"710\" data-end=\"791\" data-is-last-node=\"\" data-is-only-node=\"\"><strong data-start=\"713\" data-end=\"787\">Ge dina r\u00e4tter en tropisk twist och njut av den goda smaken av mjuk kokosn\u00f6t<\/strong><\/p>","protected":false},"excerpt":{"rendered":"<p>Njut av den uts\u00f6kta smaken och mjuka konsistensen av strimlad kokosn\u00f6t, perfekt f\u00f6r att ge en uppfriskande tropisk twist till dina favoritrecept. Oavsett om du vill anv\u00e4nda den i desserter, drycker eller till och med salta r\u00e4tter \u00e4r strimlad kokos den hemliga ingrediensen som ger en unik och rik smak.<\/p>","protected":false},"featured_media":47660,"template":"","meta":[],"product_brand":[],"product_cat":[349,327],"product_tag":[],"class_list":{"0":"post-47658","1":"product","2":"type-product","3":"status-publish","4":"has-post-thumbnail","6":"product_cat-349","7":"product_cat-327","9":"first","10":"instock","11":"taxable","12":"shipping-taxable","13":"purchasable","14":"product-type-simple"},"_links":{"self":[{"href":"https:\/\/senabel.com\/sv\/wp-json\/wp\/v2\/product\/47658","targetHints":{"allow":["GET"]}}],"collection":[{"href":"https:\/\/senabel.com\/sv\/wp-json\/wp\/v2\/product"}],"about":[{"href":"https:\/\/senabel.com\/sv\/wp-json\/wp\/v2\/types\/product"}],"version-history":[{"count":4,"href":"https:\/\/senabel.com\/sv\/wp-json\/wp\/v2\/product\/47658\/revisions"}],"predecessor-version":[{"id":59354,"href":"https:\/\/senabel.com\/sv\/wp-json\/wp\/v2\/product\/47658\/revisions\/59354"}],"wp:featuredmedia":[{"embeddable":true,"href":"https:\/\/senabel.com\/sv\/wp-json\/wp\/v2\/media\/47660"}],"wp:attachment":[{"href":"https:\/\/senabel.com\/sv\/wp-json\/wp\/v2\/media?parent=47658"}],"wp:term":[{"taxonomy":"product_brand","embeddable":true,"href":"https:\/\/senabel.com\/sv\/wp-json\/wp\/v2\/product_brand?post=47658"},{"taxonomy":"product_cat","embeddable":true,"href":"https:\/\/senabel.com\/sv\/wp-json\/wp\/v2\/product_cat?post=47658"},{"taxonomy":"product_tag","embeddable":true,"href":"https:\/\/senabel.com\/sv\/wp-json\/wp\/v2\/product_tag?post=47658"}],"curies":[{"name":"wp","href":"https:\/\/api.w.org\/{rel}","templated":true}]}}