{"id":47601,"date":"2025-02-20T13:39:45","date_gmt":"2025-02-20T13:39:45","guid":{"rendered":"https:\/\/senabel.com\/?post_type=product&#038;p=47601"},"modified":"2026-04-21T09:57:48","modified_gmt":"2026-04-21T09:57:48","slug":"naturligt-torkade-aprikoser-500-g","status":"publish","type":"product","link":"https:\/\/senabel.com\/sv\/product\/%d9%85%d8%b4%d9%85%d8%b4-%d9%85%d8%ac%d9%81%d9%81-%d8%b7%d8%a8%d9%8a%d8%b9%d9%8a-500%d8%ba\/","title":{"rendered":"Naturliga torkade aprikoser - 500g"},"content":{"rendered":"<p data-start=\"41\" data-end=\"242\">Njut av naturliga torkade aprikoser fulla av smak och h\u00e4lsof\u00f6rdelar. De torkas noggrant f\u00f6r att bevara sin uts\u00f6kta smak och sitt n\u00e4ringsv\u00e4rde, vilket g\u00f6r dem till ett perfekt mellanm\u00e5l eller ett utm\u00e4rkt tillskott till dina favoritrecept.<\/p>\n<p data-start=\"244\" data-end=\"463\"><strong data-start=\"247\" data-end=\"260\">Funktioner:<\/strong><br data-start=\"260\" data-end=\"263\" \/>\u2714 Noggrant dehydrerad f\u00f6r att bevara den mjuka konsistensen och den s\u00f6ta smaken.<br data-start=\"312\" data-end=\"315\" \/>\u2714 Rik p\u00e5 fibrer och vitaminer.<br data-start=\"357\" data-end=\"360\" \/>\u2714 Fri fr\u00e5n konserveringsmedel och tillsatt socker.<br data-start=\"403\" data-end=\"406\" \/>\u2714 Den kan \u00e4tas som ett nyttigt mellanm\u00e5l eller anv\u00e4ndas i matlagning och desserter.<\/p>\n<p data-start=\"465\" data-end=\"488\"><strong data-start=\"468\" data-end=\"486\">Produktinformation:<\/strong><\/p>\n<ul data-start=\"489\" data-end=\"625\">\n<li data-start=\"489\" data-end=\"523\"><strong data-start=\"491\" data-end=\"504\">Ingredienser:<\/strong> Naturliga torkade aprikoser.<\/li>\n<li data-start=\"524\" data-end=\"548\"><strong data-start=\"526\" data-end=\"536\">Vikt:<\/strong> 500 gram.<\/li>\n<li data-start=\"549\" data-end=\"625\"><strong data-start=\"551\" data-end=\"569\">F\u00f6rvaringsmetoden:<\/strong> F\u00f6rvaras svalt, torrt och skyddat fr\u00e5n direkt solljus.<\/li>\n<\/ul>\n<p data-start=\"627\" data-end=\"697\" data-is-last-node=\"\"><strong data-start=\"630\" data-end=\"694\">G\u00f6r torkade aprikoser till ditt h\u00e4lsosamma val f\u00f6r en uts\u00f6kt och n\u00e4ringsrik smak<\/strong><\/p>","protected":false},"excerpt":{"rendered":"<p>Njut av naturliga torkade aprikoser fulla av smak och h\u00e4lsof\u00f6rdelar. De torkas noggrant f\u00f6r att bevara sin uts\u00f6kta smak och sitt n\u00e4ringsv\u00e4rde, vilket g\u00f6r dem till ett perfekt mellanm\u00e5l eller ett utm\u00e4rkt tillskott till dina favoritrecept.<\/p>","protected":false},"featured_media":47603,"template":"","meta":[],"product_brand":[],"product_cat":[349,299,367,308],"product_tag":[],"class_list":{"0":"post-47601","1":"product","2":"type-product","3":"status-publish","4":"has-post-thumbnail","6":"product_cat-349","7":"product_cat-299","8":"product_cat-367","9":"product_cat-308","11":"first","12":"instock","13":"taxable","14":"shipping-taxable","15":"purchasable","16":"product-type-simple"},"_links":{"self":[{"href":"https:\/\/senabel.com\/sv\/wp-json\/wp\/v2\/product\/47601","targetHints":{"allow":["GET"]}}],"collection":[{"href":"https:\/\/senabel.com\/sv\/wp-json\/wp\/v2\/product"}],"about":[{"href":"https:\/\/senabel.com\/sv\/wp-json\/wp\/v2\/types\/product"}],"version-history":[{"count":3,"href":"https:\/\/senabel.com\/sv\/wp-json\/wp\/v2\/product\/47601\/revisions"}],"predecessor-version":[{"id":61050,"href":"https:\/\/senabel.com\/sv\/wp-json\/wp\/v2\/product\/47601\/revisions\/61050"}],"wp:featuredmedia":[{"embeddable":true,"href":"https:\/\/senabel.com\/sv\/wp-json\/wp\/v2\/media\/47603"}],"wp:attachment":[{"href":"https:\/\/senabel.com\/sv\/wp-json\/wp\/v2\/media?parent=47601"}],"wp:term":[{"taxonomy":"product_brand","embeddable":true,"href":"https:\/\/senabel.com\/sv\/wp-json\/wp\/v2\/product_brand?post=47601"},{"taxonomy":"product_cat","embeddable":true,"href":"https:\/\/senabel.com\/sv\/wp-json\/wp\/v2\/product_cat?post=47601"},{"taxonomy":"product_tag","embeddable":true,"href":"https:\/\/senabel.com\/sv\/wp-json\/wp\/v2\/product_tag?post=47601"}],"curies":[{"name":"wp","href":"https:\/\/api.w.org\/{rel}","templated":true}]}}