{"id":47597,"date":"2025-02-20T13:42:27","date_gmt":"2025-02-20T13:42:27","guid":{"rendered":"https:\/\/senabel.com\/?post_type=product&#038;p=47597"},"modified":"2026-04-23T10:11:02","modified_gmt":"2026-04-23T10:11:02","slug":"rostade-bruna-bonor-500-g","status":"publish","type":"product","link":"https:\/\/senabel.com\/sv\/product\/%d8%a8%d8%b2%d8%b1-%d8%a8%d9%86%d9%8a-%d9%85%d8%ad%d9%85%d8%b5-500%d8%ba\/","title":{"rendered":"Rostade bruna b\u00f6nor - 500g"},"content":{"rendered":"<p data-start=\"38\" data-end=\"222\">Njut av den uts\u00f6kta smaken av ljusr\u00f6da vattenmelonk\u00e4rnor, varsamt rostade f\u00f6r en rik smak och krispighet. Perfekt f\u00f6r underh\u00e5llning n\u00e4r som helst, oavsett om det \u00e4r familjesammankomster eller n\u00e4r du tittar p\u00e5 TV.<\/p>\n<p data-start=\"224\" data-end=\"398\"><strong data-start=\"227\" data-end=\"240\">Funktioner:<\/strong><br data-start=\"240\" data-end=\"243\" \/>\u2714 Noggrant rostade f\u00f6r att bevara den karakteristiska smaken.<br data-start=\"282\" data-end=\"285\" \/>\u2714 Rik p\u00e5 fibrer och naturliga n\u00e4rings\u00e4mnen.<br data-start=\"319\" data-end=\"322\" \/>\u2714 Balanserad smak och perfekt krispighet.<br data-start=\"349\" data-end=\"352\" \/>\u2714 Fri fr\u00e5n konserveringsmedel och konstgjorda tillsatser.<\/p>\n<p data-start=\"400\" data-end=\"423\"><strong data-start=\"403\" data-end=\"421\">Produktinformation:<\/strong><\/p>\n<ul data-start=\"424\" data-end=\"573\">\n<li data-start=\"424\" data-end=\"471\"><strong data-start=\"426\" data-end=\"439\">Ingredienser:<\/strong> Rostade ljusr\u00f6da vattenmelonk\u00e4rnor, salt.<\/li>\n<li data-start=\"472\" data-end=\"496\"><strong data-start=\"474\" data-end=\"484\">Vikt:<\/strong> 500 gram.<\/li>\n<li data-start=\"497\" data-end=\"573\"><strong data-start=\"499\" data-end=\"517\">F\u00f6rvaringsmetoden:<\/strong> F\u00f6rvaras svalt, torrt och skyddat fr\u00e5n direkt solljus.<\/li>\n<\/ul>\n<p data-start=\"575\" data-end=\"627\" data-is-last-node=\"\"><strong data-start=\"578\" data-end=\"624\">Njut av den b\u00e4sta smaken av rostade r\u00f6dbetor f\u00f6r varje tillf\u00e4lle<\/strong><\/p>","protected":false},"excerpt":{"rendered":"<p>Njut av den uts\u00f6kta smaken av ljusr\u00f6da vattenmelonk\u00e4rnor, varsamt rostade f\u00f6r en rik smak och krispighet. Perfekt f\u00f6r underh\u00e5llning n\u00e4r som helst, oavsett om det \u00e4r familjesammankomster eller n\u00e4r du tittar p\u00e5 TV.<\/p>","protected":false},"featured_media":47598,"template":"","meta":[],"product_brand":[],"product_cat":[308],"product_tag":[],"class_list":{"0":"post-47597","1":"product","2":"type-product","3":"status-publish","4":"has-post-thumbnail","6":"product_cat-308","8":"first","9":"instock","10":"taxable","11":"shipping-taxable","12":"purchasable","13":"product-type-simple"},"_links":{"self":[{"href":"https:\/\/senabel.com\/sv\/wp-json\/wp\/v2\/product\/47597","targetHints":{"allow":["GET"]}}],"collection":[{"href":"https:\/\/senabel.com\/sv\/wp-json\/wp\/v2\/product"}],"about":[{"href":"https:\/\/senabel.com\/sv\/wp-json\/wp\/v2\/types\/product"}],"version-history":[{"count":4,"href":"https:\/\/senabel.com\/sv\/wp-json\/wp\/v2\/product\/47597\/revisions"}],"predecessor-version":[{"id":57119,"href":"https:\/\/senabel.com\/sv\/wp-json\/wp\/v2\/product\/47597\/revisions\/57119"}],"wp:featuredmedia":[{"embeddable":true,"href":"https:\/\/senabel.com\/sv\/wp-json\/wp\/v2\/media\/47598"}],"wp:attachment":[{"href":"https:\/\/senabel.com\/sv\/wp-json\/wp\/v2\/media?parent=47597"}],"wp:term":[{"taxonomy":"product_brand","embeddable":true,"href":"https:\/\/senabel.com\/sv\/wp-json\/wp\/v2\/product_brand?post=47597"},{"taxonomy":"product_cat","embeddable":true,"href":"https:\/\/senabel.com\/sv\/wp-json\/wp\/v2\/product_cat?post=47597"},{"taxonomy":"product_tag","embeddable":true,"href":"https:\/\/senabel.com\/sv\/wp-json\/wp\/v2\/product_tag?post=47597"}],"curies":[{"name":"wp","href":"https:\/\/api.w.org\/{rel}","templated":true}]}}