{"id":47593,"date":"2025-02-20T13:47:15","date_gmt":"2025-02-20T13:47:15","guid":{"rendered":"https:\/\/senabel.com\/?post_type=product&#038;p=47593"},"modified":"2025-10-10T12:33:46","modified_gmt":"2025-10-10T12:33:46","slug":"morkrostade-svarta-bonor-500-g","status":"publish","type":"product","link":"https:\/\/senabel.com\/sv\/product\/%d8%a8%d8%b2%d8%b1-%d8%a3%d8%b3%d9%88%d8%af-%d8%ba%d8%a7%d9%85%d9%82-%d9%85%d8%ad%d9%85%d8%b5-500%d8%ba\/","title":{"rendered":"Rostade m\u00f6rka svarta fr\u00f6n - 500g"},"content":{"rendered":"<p data-start=\"40\" data-end=\"274\">Njut av smaken av rostad svart r\u00f6dbeta som \u00e4r fyllig, krispig och full av smak. Noggrant rostade f\u00f6r att ge en perfekt smakupplevelse i varje tugga. Oavsett om du njuter av den ensam eller vid familjesammankomster \u00e4r den det perfekta valet f\u00f6r dig som \u00e4lskar naturliga godsaker.<\/p>\n<p data-start=\"276\" data-end=\"444\"><strong data-start=\"279\" data-end=\"292\">Funktioner:<\/strong><br data-start=\"292\" data-end=\"295\" \/>\u2714 Noggrant rostade f\u00f6r perfekt krispighet.<br data-start=\"333\" data-end=\"336\" \/>\u2714 Rik smak och uts\u00f6kt smak.<br data-start=\"358\" data-end=\"361\" \/>\u2714 Passar f\u00f6r alla tider och tillf\u00e4llen.<br data-start=\"394\" data-end=\"397\" \/>\u2714 100% naturlig produkt och fri fr\u00e5n artificiella tillsatser.<\/p>\n<p data-start=\"446\" data-end=\"469\"><strong data-start=\"449\" data-end=\"467\">Produktinformation:<\/strong><\/p>\n<ul data-start=\"470\" data-end=\"613\">\n<li data-start=\"470\" data-end=\"502\"><strong data-start=\"472\" data-end=\"485\">Ingredienser:<\/strong> Rostade svarta b\u00f6nor.<\/li>\n<li data-start=\"503\" data-end=\"527\"><strong data-start=\"505\" data-end=\"515\">Vikt:<\/strong> 500 gram.<\/li>\n<li data-start=\"528\" data-end=\"613\"><strong data-start=\"530\" data-end=\"548\">F\u00f6rvaringsmetoden:<\/strong> F\u00f6rvara p\u00e5 en sval, torr plats, skyddad fr\u00e5n fukt och direkt solljus.<\/li>\n<\/ul>\n<p data-start=\"615\" data-end=\"681\" data-is-last-node=\"\">Njut av den rika, krispiga smaken av svarta b\u00f6nor n\u00e4r som helst, var som helst<\/p>","protected":false},"excerpt":{"rendered":"<p>Njut av smaken av rostad svart r\u00f6dbeta som \u00e4r fyllig, krispig och full av smak. Noggrant rostade f\u00f6r att ge en perfekt smakupplevelse i varje tugga. Oavsett om du njuter av den ensam eller vid familjesammankomster \u00e4r den det perfekta valet f\u00f6r dig som \u00e4lskar naturliga godsaker.<\/p>","protected":false},"featured_media":47594,"template":"","meta":[],"product_brand":[],"product_cat":[308],"product_tag":[],"class_list":{"0":"post-47593","1":"product","2":"type-product","3":"status-publish","4":"has-post-thumbnail","6":"product_cat-308","8":"first","9":"instock","10":"taxable","11":"shipping-taxable","12":"purchasable","13":"product-type-simple"},"_links":{"self":[{"href":"https:\/\/senabel.com\/sv\/wp-json\/wp\/v2\/product\/47593","targetHints":{"allow":["GET"]}}],"collection":[{"href":"https:\/\/senabel.com\/sv\/wp-json\/wp\/v2\/product"}],"about":[{"href":"https:\/\/senabel.com\/sv\/wp-json\/wp\/v2\/types\/product"}],"version-history":[{"count":2,"href":"https:\/\/senabel.com\/sv\/wp-json\/wp\/v2\/product\/47593\/revisions"}],"predecessor-version":[{"id":47596,"href":"https:\/\/senabel.com\/sv\/wp-json\/wp\/v2\/product\/47593\/revisions\/47596"}],"wp:featuredmedia":[{"embeddable":true,"href":"https:\/\/senabel.com\/sv\/wp-json\/wp\/v2\/media\/47594"}],"wp:attachment":[{"href":"https:\/\/senabel.com\/sv\/wp-json\/wp\/v2\/media?parent=47593"}],"wp:term":[{"taxonomy":"product_brand","embeddable":true,"href":"https:\/\/senabel.com\/sv\/wp-json\/wp\/v2\/product_brand?post=47593"},{"taxonomy":"product_cat","embeddable":true,"href":"https:\/\/senabel.com\/sv\/wp-json\/wp\/v2\/product_cat?post=47593"},{"taxonomy":"product_tag","embeddable":true,"href":"https:\/\/senabel.com\/sv\/wp-json\/wp\/v2\/product_tag?post=47593"}],"curies":[{"name":"wp","href":"https:\/\/api.w.org\/{rel}","templated":true}]}}