{"id":47589,"date":"2025-02-20T13:45:23","date_gmt":"2025-02-20T13:45:23","guid":{"rendered":"https:\/\/senabel.com\/?post_type=product&#038;p=47589"},"modified":"2026-04-23T10:11:02","modified_gmt":"2026-04-23T10:11:02","slug":"krispiga-pistaschnotter-500-g","status":"publish","type":"product","link":"https:\/\/senabel.com\/sv\/product\/%d9%81%d8%b3%d8%aa%d9%82-%d9%83%d9%86%d8%a7%d9%83%d8%b1-%d9%85%d9%82%d8%b1%d9%85%d8%b4-%d8%a8%d9%86%d9%8a-500%d8%ba\/","title":{"rendered":"Brown Crunchy Knacker Pistachios - 500g"},"content":{"rendered":"<p data-start=\"0\" data-end=\"34\">Krispiga bruna snickerdoodle-pistaschn\u00f6tter \u00e4r \u00f6verdragna med en uts\u00f6kt bel\u00e4ggning som ger dem en unik och uts\u00f6kt smak. De rostas omsorgsfullt f\u00f6r att f\u00e5 en rik smak och krispig konsistens och \u00e4r perfekta att bjuda p\u00e5 eller servera vid evenemang.<\/p>\n<p data-start=\"274\" data-end=\"455\"><strong data-start=\"277\" data-end=\"290\">Funktioner:<\/strong><br data-start=\"290\" data-end=\"293\" \/>\u2714 Rik smak och h\u00e4rligt krispig konsistens.<br data-start=\"322\" data-end=\"325\" \/>\u2714 Professionellt rostade f\u00f6r att bevara den ursprungliga smaken.<br data-start=\"372\" data-end=\"375\" \/>\u2714 Ett perfekt mellanm\u00e5l f\u00f6r alla tillf\u00e4llen.<br data-start=\"409\" data-end=\"412\" \/>\u2714 L\u00e4mplig f\u00f6r presentationer vid m\u00f6ten och evenemang.<\/p>\n<p data-start=\"457\" data-end=\"480\"><strong data-start=\"460\" data-end=\"478\">Produktinformation:<\/strong><\/p>\n<ul data-start=\"481\" data-end=\"630\">\n<li data-start=\"481\" data-end=\"528\"><strong data-start=\"483\" data-end=\"496\">Ingredienser:<\/strong> Pistaschmandlar, naturliga kryddor.<\/li>\n<li data-start=\"529\" data-end=\"553\"><strong data-start=\"531\" data-end=\"541\">Vikt:<\/strong> 500 gram.<\/li>\n<li data-start=\"554\" data-end=\"630\"><strong data-start=\"556\" data-end=\"574\">F\u00f6rvaringsmetoden:<\/strong> F\u00f6rvaras svalt, torrt och skyddat fr\u00e5n direkt solljus.<\/li>\n<\/ul>\n<p data-start=\"632\" data-end=\"694\" data-is-last-node=\"\"><strong data-start=\"635\" data-end=\"691\">Njut av den krispiga pistaschsmaken fr\u00e5n Brown Snacker i varje \u00f6gonblick<\/strong><\/p>","protected":false},"excerpt":{"rendered":"<p>Krispiga bruna snickerdoodle-pistaschn\u00f6tter \u00e4r \u00f6verdragna med en uts\u00f6kt bel\u00e4ggning som ger dem en unik och uts\u00f6kt smak. De rostas omsorgsfullt f\u00f6r att f\u00e5 en rik smak och krispig konsistens och \u00e4r perfekta att bjuda p\u00e5 eller servera vid evenemang.<\/p>","protected":false},"featured_media":47590,"template":"","meta":[],"product_brand":[],"product_cat":[308],"product_tag":[],"class_list":{"0":"post-47589","1":"product","2":"type-product","3":"status-publish","4":"has-post-thumbnail","6":"product_cat-308","8":"first","9":"instock","10":"taxable","11":"shipping-taxable","12":"purchasable","13":"product-type-simple"},"_links":{"self":[{"href":"https:\/\/senabel.com\/sv\/wp-json\/wp\/v2\/product\/47589","targetHints":{"allow":["GET"]}}],"collection":[{"href":"https:\/\/senabel.com\/sv\/wp-json\/wp\/v2\/product"}],"about":[{"href":"https:\/\/senabel.com\/sv\/wp-json\/wp\/v2\/types\/product"}],"version-history":[{"count":4,"href":"https:\/\/senabel.com\/sv\/wp-json\/wp\/v2\/product\/47589\/revisions"}],"predecessor-version":[{"id":47631,"href":"https:\/\/senabel.com\/sv\/wp-json\/wp\/v2\/product\/47589\/revisions\/47631"}],"wp:featuredmedia":[{"embeddable":true,"href":"https:\/\/senabel.com\/sv\/wp-json\/wp\/v2\/media\/47590"}],"wp:attachment":[{"href":"https:\/\/senabel.com\/sv\/wp-json\/wp\/v2\/media?parent=47589"}],"wp:term":[{"taxonomy":"product_brand","embeddable":true,"href":"https:\/\/senabel.com\/sv\/wp-json\/wp\/v2\/product_brand?post=47589"},{"taxonomy":"product_cat","embeddable":true,"href":"https:\/\/senabel.com\/sv\/wp-json\/wp\/v2\/product_cat?post=47589"},{"taxonomy":"product_tag","embeddable":true,"href":"https:\/\/senabel.com\/sv\/wp-json\/wp\/v2\/product_tag?post=47589"}],"curies":[{"name":"wp","href":"https:\/\/api.w.org\/{rel}","templated":true}]}}