{"id":47585,"date":"2025-02-20T13:40:34","date_gmt":"2025-02-20T13:40:34","guid":{"rendered":"https:\/\/senabel.com\/?post_type=product&#038;p=47585"},"modified":"2025-09-02T17:57:01","modified_gmt":"2025-09-02T17:57:01","slug":"mjuka-saltade-mandlar-500-g","status":"publish","type":"product","link":"https:\/\/senabel.com\/sv\/product\/%d9%84%d9%88%d8%b2-%d9%85%d9%85%d9%84%d8%ad-%d9%86%d8%a7%d8%b9%d9%85-500%d8%ba\/","title":{"rendered":"Finsaltade mandlar - 500g"},"content":{"rendered":"<p data-start=\"0\" data-end=\"28\">Dessa krispiga och omsorgsfullt saltade mandlar ger en uts\u00f6kt och n\u00e4ringsrik upplevelse i varje tugga. Mandlarna rostas med hj\u00e4lp av avancerade tekniker f\u00f6r att bevara sin rika, naturliga smak, vilket g\u00f6r dem till ett perfekt val f\u00f6r underh\u00e5llning eller som ett n\u00e4ringsrikt mellanm\u00e5l n\u00e4r som helst.<\/p>\n<p data-start=\"267\" data-end=\"465\"><strong data-start=\"270\" data-end=\"283\">Funktioner:<\/strong><br data-start=\"283\" data-end=\"286\" \/>\u2714 Mandlar av h\u00f6g kvalitet som rostats till perfektion.<br data-start=\"323\" data-end=\"326\" \/>\u2714 Balanserat saltad f\u00f6r att f\u00f6rst\u00e4rka smaken.<br data-start=\"361\" data-end=\"364\" \/>\u2714 En rik k\u00e4lla till protein och h\u00e4lsosamma fetter.<br data-start=\"402\" data-end=\"405\" \/>\u2714 L\u00e4mplig att \u00e4ta som mellanm\u00e5l eller att l\u00e4gga till i olika r\u00e4tter.<\/p>\n<p data-start=\"467\" data-end=\"490\"><strong data-start=\"470\" data-end=\"488\">Produktinformation:<\/strong><\/p>\n<ul data-start=\"491\" data-end=\"625\">\n<li data-start=\"491\" data-end=\"523\"><strong data-start=\"493\" data-end=\"506\">Ingredienser:<\/strong> Rostade mandlar, salt.<\/li>\n<li data-start=\"524\" data-end=\"548\"><strong data-start=\"526\" data-end=\"536\">Vikt:<\/strong> 500 gram.<\/li>\n<li data-start=\"549\" data-end=\"625\"><strong data-start=\"551\" data-end=\"569\">F\u00f6rvaringsmetoden:<\/strong> F\u00f6rvaras svalt, torrt och skyddat fr\u00e5n direkt solljus.<\/li>\n<\/ul>\n<p data-start=\"627\" data-end=\"683\" data-is-last-node=\"\"><strong data-start=\"630\" data-end=\"680\">Njut av smaken av krispiga mandlar n\u00e4r som helst, var som helst<\/strong><\/p>","protected":false},"excerpt":{"rendered":"<p>Dessa krispiga och omsorgsfullt saltade mandlar ger en uts\u00f6kt och n\u00e4ringsrik upplevelse i varje tugga. Mandlarna rostas med hj\u00e4lp av avancerade tekniker f\u00f6r att bevara sin rika, naturliga smak, vilket g\u00f6r dem till ett perfekt val f\u00f6r underh\u00e5llning eller som ett n\u00e4ringsrikt mellanm\u00e5l n\u00e4r som helst.<\/p>","protected":false},"featured_media":47586,"template":"","meta":[],"product_brand":[],"product_cat":[308],"product_tag":[],"class_list":{"0":"post-47585","1":"product","2":"type-product","3":"status-publish","4":"has-post-thumbnail","6":"product_cat-308","8":"first","9":"instock","10":"taxable","11":"shipping-taxable","12":"purchasable","13":"product-type-simple"},"_links":{"self":[{"href":"https:\/\/senabel.com\/sv\/wp-json\/wp\/v2\/product\/47585","targetHints":{"allow":["GET"]}}],"collection":[{"href":"https:\/\/senabel.com\/sv\/wp-json\/wp\/v2\/product"}],"about":[{"href":"https:\/\/senabel.com\/sv\/wp-json\/wp\/v2\/types\/product"}],"version-history":[{"count":4,"href":"https:\/\/senabel.com\/sv\/wp-json\/wp\/v2\/product\/47585\/revisions"}],"predecessor-version":[{"id":47628,"href":"https:\/\/senabel.com\/sv\/wp-json\/wp\/v2\/product\/47585\/revisions\/47628"}],"wp:featuredmedia":[{"embeddable":true,"href":"https:\/\/senabel.com\/sv\/wp-json\/wp\/v2\/media\/47586"}],"wp:attachment":[{"href":"https:\/\/senabel.com\/sv\/wp-json\/wp\/v2\/media?parent=47585"}],"wp:term":[{"taxonomy":"product_brand","embeddable":true,"href":"https:\/\/senabel.com\/sv\/wp-json\/wp\/v2\/product_brand?post=47585"},{"taxonomy":"product_cat","embeddable":true,"href":"https:\/\/senabel.com\/sv\/wp-json\/wp\/v2\/product_cat?post=47585"},{"taxonomy":"product_tag","embeddable":true,"href":"https:\/\/senabel.com\/sv\/wp-json\/wp\/v2\/product_tag?post=47585"}],"curies":[{"name":"wp","href":"https:\/\/api.w.org\/{rel}","templated":true}]}}