{"id":47544,"date":"2025-02-19T13:55:08","date_gmt":"2025-02-19T13:55:08","guid":{"rendered":"https:\/\/senabel.com\/?post_type=product&#038;p=47544"},"modified":"2025-06-20T08:37:26","modified_gmt":"2025-06-20T08:37:26","slug":"qamar-al-din-mushkil-fran-ahlam-400-g","status":"publish","type":"product","link":"https:\/\/senabel.com\/sv\/product\/%d9%82%d9%85%d8%b1-%d8%a7%d9%84%d8%af%d9%8a%d9%86-%d9%85%d8%b4%d9%83%d9%84-%d9%85%d9%86-%d8%a3%d8%ad%d9%84%d8%a7%d9%85-400%d8%ba\/","title":{"rendered":"Qamar Al Din Blandad fr\u00e5n Ahlam - 400g"},"content":{"rendered":"<p data-start=\"0\" data-end=\"43\">Njut av en autentisk smak av Orienten med <strong data-start=\"90\" data-end=\"110\">Qamar Al Din Al Meshkal<\/strong> Fr\u00e5n Ahlam, tillverkad av naturliga aprikoser av finaste kvalitet. Med sin mjuka konsistens och s\u00f6ta smak \u00e4r den perfekt f\u00f6r att g\u00f6ra uppfriskande smoothies eller som ett n\u00e4ringsrikt mellanm\u00e5l.<\/p>\n<p data-start=\"286\" data-end=\"492\"><strong data-start=\"289\" data-end=\"302\">Funktioner:<\/strong><br data-start=\"302\" data-end=\"305\" \/>\u2714 Tillverkad av h\u00f6gkvalitativ 100% naturlig aprikos.<br data-start=\"344\" data-end=\"347\" \/>\u2714 Inneh\u00e5ller pistagen\u00f6tter f\u00f6r en rik smak.<br data-start=\"392\" data-end=\"395\" \/>\u2714 Fri fr\u00e5n artificiella f\u00e4rg\u00e4mnen och konserveringsmedel.<br data-start=\"438\" data-end=\"441\" \/>\u2714 L\u00e4mplig f\u00f6r drycker eller som naturligt s\u00f6tningsmedel.<\/p>\n<p data-start=\"494\" data-end=\"517\"><strong data-start=\"497\" data-end=\"515\">Produktinformation:<\/strong><\/p>\n<ul data-start=\"518\" data-end=\"755\">\n<li data-start=\"518\" data-end=\"653\"><strong data-start=\"520\" data-end=\"533\">Ingredienser:<\/strong> Aprikosjuice, socker, glukos, olivolja, pistagen\u00f6tter, vanilj, naturlig apelsinsmak.<\/li>\n<li data-start=\"654\" data-end=\"678\"><strong data-start=\"656\" data-end=\"666\">Vikt:<\/strong> 400 gram.<\/li>\n<li data-start=\"679\" data-end=\"755\"><strong data-start=\"681\" data-end=\"699\">F\u00f6rvaringsmetoden:<\/strong> F\u00f6rvaras svalt, torrt och skyddat fr\u00e5n direkt solljus.<\/li>\n<\/ul>\n<p data-start=\"757\" data-end=\"823\" data-is-last-node=\"\"><strong data-start=\"760\" data-end=\"820\">Njut av den traditionella smaken av Qamar Al Din i en m\u00e4ngd olika rika och varierade smaker<\/strong><\/p>","protected":false},"excerpt":{"rendered":"<p>Njut av en autentisk smak av Orienten med <strong data-start=\"90\" data-end=\"110\">Qamar Al Din Al Meshkal<\/strong> Fr\u00e5n Ahlam, tillverkad av naturliga aprikoser av finaste kvalitet. Med sin mjuka konsistens och s\u00f6ta smak \u00e4r den perfekt f\u00f6r att g\u00f6ra uppfriskande smoothies eller som ett n\u00e4ringsrikt mellanm\u00e5l.<\/p>","protected":false},"featured_media":47545,"template":"","meta":[],"product_brand":[],"product_cat":[349,299,227,367],"product_tag":[],"class_list":{"0":"post-47544","1":"product","2":"type-product","3":"status-publish","4":"has-post-thumbnail","6":"product_cat-349","7":"product_cat-299","8":"product_cat-227","9":"product_cat-367","11":"first","12":"outofstock","13":"sale","14":"taxable","15":"shipping-taxable","16":"purchasable","17":"product-type-simple"},"_links":{"self":[{"href":"https:\/\/senabel.com\/sv\/wp-json\/wp\/v2\/product\/47544","targetHints":{"allow":["GET"]}}],"collection":[{"href":"https:\/\/senabel.com\/sv\/wp-json\/wp\/v2\/product"}],"about":[{"href":"https:\/\/senabel.com\/sv\/wp-json\/wp\/v2\/types\/product"}],"version-history":[{"count":3,"href":"https:\/\/senabel.com\/sv\/wp-json\/wp\/v2\/product\/47544\/revisions"}],"predecessor-version":[{"id":47558,"href":"https:\/\/senabel.com\/sv\/wp-json\/wp\/v2\/product\/47544\/revisions\/47558"}],"wp:featuredmedia":[{"embeddable":true,"href":"https:\/\/senabel.com\/sv\/wp-json\/wp\/v2\/media\/47545"}],"wp:attachment":[{"href":"https:\/\/senabel.com\/sv\/wp-json\/wp\/v2\/media?parent=47544"}],"wp:term":[{"taxonomy":"product_brand","embeddable":true,"href":"https:\/\/senabel.com\/sv\/wp-json\/wp\/v2\/product_brand?post=47544"},{"taxonomy":"product_cat","embeddable":true,"href":"https:\/\/senabel.com\/sv\/wp-json\/wp\/v2\/product_cat?post=47544"},{"taxonomy":"product_tag","embeddable":true,"href":"https:\/\/senabel.com\/sv\/wp-json\/wp\/v2\/product_tag?post=47544"}],"curies":[{"name":"wp","href":"https:\/\/api.w.org\/{rel}","templated":true}]}}