{"id":47540,"date":"2025-02-19T13:56:17","date_gmt":"2025-02-19T13:56:17","guid":{"rendered":"https:\/\/senabel.com\/?post_type=product&#038;p=47540"},"modified":"2025-08-03T12:48:32","modified_gmt":"2025-08-03T12:48:32","slug":"chokladmelass-100g","status":"publish","type":"product","link":"https:\/\/senabel.com\/sv\/product\/%d9%85%d9%84%d8%a8%d8%b3-%d8%a8%d8%a7%d9%84%d8%b4%d9%88%d9%83%d9%88%d9%84%d8%a7-100%d8%ba\/","title":{"rendered":"Chokladmelass - 100g"},"content":{"rendered":"<p data-start=\"0\" data-end=\"36\">Kombinera s\u00f6tman fr\u00e5n inkapslat socker med en uts\u00f6kt chokladsmak i varje portion. <strong data-start=\"136\" data-end=\"156\">Chokladdressing<\/strong>. Dess klara f\u00e4rger och rika smak g\u00f6r den till ett perfekt val f\u00f6r evenemang, semestrar eller som ett gott mellanm\u00e5l.<\/p>\n<p data-start=\"262\" data-end=\"463\"><strong data-start=\"265\" data-end=\"278\">Funktioner:<\/strong><br data-start=\"278\" data-end=\"281\" \/>\u2714 \u00d6verdragna med ett knaprigt, sockrigt \u00f6verdrag som ger en intressant smak.<br data-start=\"326\" data-end=\"329\" \/>\u2714 Rik, len choklad som sm\u00e4lter i munnen.<br data-start=\"363\" data-end=\"366\" \/>\u2714 Ljusa f\u00e4rger ger en vacker touch till alla tillf\u00e4llen.<br data-start=\"410\" data-end=\"413\" \/>\u2714 Perfekt att servera p\u00e5 fester eller som en l\u00e4tt dessert.<\/p>\n<p data-start=\"465\" data-end=\"488\"><strong data-start=\"468\" data-end=\"486\">Produktinformation:<\/strong><\/p>\n<ul data-start=\"489\" data-end=\"638\">\n<li data-start=\"489\" data-end=\"536\"><strong data-start=\"491\" data-end=\"504\">Ingredienser:<\/strong> Choklad, socker, naturlig livsmedelsf\u00e4rg.<\/li>\n<li data-start=\"537\" data-end=\"561\"><strong data-start=\"539\" data-end=\"549\">Vikt:<\/strong> 100 gram.<\/li>\n<li data-start=\"562\" data-end=\"638\"><strong data-start=\"564\" data-end=\"582\">F\u00f6rvaringsmetoden:<\/strong> F\u00f6rvaras svalt, torrt och skyddat fr\u00e5n direkt solljus.<\/li>\n<\/ul>\n<p data-start=\"640\" data-end=\"717\" data-is-last-node=\"\"><strong data-start=\"643\" data-end=\"714\">Njut av en unik chokladupplevelse som kombinerar god smak med vackra f\u00e4rger<\/strong><\/p>","protected":false},"excerpt":{"rendered":"<p>Kombinera s\u00f6tman fr\u00e5n inkapslat socker med en uts\u00f6kt chokladsmak i varje portion. <strong data-start=\"136\" data-end=\"156\">Chokladdressing<\/strong>. Dess klara f\u00e4rger och rika smak g\u00f6r den till ett perfekt val f\u00f6r evenemang, semestrar eller som ett gott mellanm\u00e5l.<\/p>","protected":false},"featured_media":47541,"template":"","meta":[],"product_brand":[],"product_cat":[349,347,308],"product_tag":[],"class_list":{"0":"post-47540","1":"product","2":"type-product","3":"status-publish","4":"has-post-thumbnail","6":"product_cat-349","7":"product_cat-347","8":"product_cat-308","10":"first","11":"outofstock","12":"taxable","13":"shipping-taxable","14":"purchasable","15":"product-type-simple"},"_links":{"self":[{"href":"https:\/\/senabel.com\/sv\/wp-json\/wp\/v2\/product\/47540","targetHints":{"allow":["GET"]}}],"collection":[{"href":"https:\/\/senabel.com\/sv\/wp-json\/wp\/v2\/product"}],"about":[{"href":"https:\/\/senabel.com\/sv\/wp-json\/wp\/v2\/types\/product"}],"version-history":[{"count":2,"href":"https:\/\/senabel.com\/sv\/wp-json\/wp\/v2\/product\/47540\/revisions"}],"predecessor-version":[{"id":47562,"href":"https:\/\/senabel.com\/sv\/wp-json\/wp\/v2\/product\/47540\/revisions\/47562"}],"wp:featuredmedia":[{"embeddable":true,"href":"https:\/\/senabel.com\/sv\/wp-json\/wp\/v2\/media\/47541"}],"wp:attachment":[{"href":"https:\/\/senabel.com\/sv\/wp-json\/wp\/v2\/media?parent=47540"}],"wp:term":[{"taxonomy":"product_brand","embeddable":true,"href":"https:\/\/senabel.com\/sv\/wp-json\/wp\/v2\/product_brand?post=47540"},{"taxonomy":"product_cat","embeddable":true,"href":"https:\/\/senabel.com\/sv\/wp-json\/wp\/v2\/product_cat?post=47540"},{"taxonomy":"product_tag","embeddable":true,"href":"https:\/\/senabel.com\/sv\/wp-json\/wp\/v2\/product_tag?post=47540"}],"curies":[{"name":"wp","href":"https:\/\/api.w.org\/{rel}","templated":true}]}}