{"id":47530,"date":"2025-02-19T14:03:05","date_gmt":"2025-02-19T14:03:05","guid":{"rendered":"https:\/\/senabel.com\/?post_type=product&#038;p=47530"},"modified":"2026-02-16T17:32:57","modified_gmt":"2026-02-16T17:32:57","slug":"notter-for-finsmakare-200-gram-lackra-chips","status":"publish","type":"product","link":"https:\/\/senabel.com\/sv\/product\/%d9%85%d9%83%d8%b3%d8%b1%d8%a7%d8%aa-%d8%a7%d9%84%d8%b0%d9%88%d8%a7%d9%82-%d9%85%d8%b4%d9%83%d9%84%d8%a9-200-%d8%ac%d8%b1%d8%a7%d9%85-%d9%85%d9%82%d8%b1%d9%85%d8%b4%d8%a7%d8%aa-%d9%84%d8%b0%d9%8a\/","title":{"rendered":"Al Thawaaq N\u00f6tter 200g - L\u00e4ckra kex"},"content":{"rendered":"<p data-start=\"0\" data-end=\"45\">Njut av en unik upplevelse av krispiga smaker med <strong data-start=\"106\" data-end=\"134\">Blandade n\u00f6tter<\/strong>En uts\u00f6kt blandning av flingor och kex, omsorgsfullt bakade med rika smaker och oemotst\u00e5ndlig smak! Perfekt f\u00f6r underh\u00e5llning n\u00e4r som helst, var som helst.<\/p>\n<p data-start=\"249\" data-end=\"478\"><strong data-start=\"252\" data-end=\"265\">Funktioner:<\/strong><br data-start=\"265\" data-end=\"268\" \/>\u2714 Ett sortiment av salta kex f\u00f6r att tillfredsst\u00e4lla alla smaker.<br data-start=\"322\" data-end=\"325\" \/>\u2714 Krispig konsistens och distinkt smak g\u00f6r den till ett utm\u00e4rkt val f\u00f6r g\u00e4stfrihet och underh\u00e5llning.<br data-start=\"385\" data-end=\"388\" \/>\u2714 Omsorgsfullt f\u00f6rpackade f\u00f6r att bevara smak och krispighet.<br data-start=\"429\" data-end=\"432\" \/>\u2714 L\u00e4mplig f\u00f6r picknick, fester och familjesammankomster.<\/p>\n<p data-start=\"480\" data-end=\"503\"><strong data-start=\"483\" data-end=\"501\">Produktinformation:<\/strong><\/p>\n<ul data-start=\"504\" data-end=\"637\">\n<li data-start=\"504\" data-end=\"560\"><strong data-start=\"506\" data-end=\"519\">Ingredienser:<\/strong> En blandning av krispiga flingor med olika smaker.<\/li>\n<li data-start=\"561\" data-end=\"637\"><strong data-start=\"563\" data-end=\"581\">F\u00f6rvaringsmetoden:<\/strong> F\u00f6rvaras svalt, torrt och skyddat fr\u00e5n direkt solljus.<\/li>\n<\/ul>\n<p data-start=\"639\" data-end=\"699\" data-is-last-node=\"\"><strong data-start=\"642\" data-end=\"696\">G\u00f6r dina stunder mer njutbara med blandade n\u00f6tter<\/strong><\/p>","protected":false},"excerpt":{"rendered":"<p>Njut av en unik upplevelse av krispiga smaker med <strong data-start=\"106\" data-end=\"134\">Blandade n\u00f6tter<\/strong>En uts\u00f6kt blandning av flingor och kex, omsorgsfullt bakade med rika smaker och oemotst\u00e5ndlig smak! Perfekt f\u00f6r underh\u00e5llning n\u00e4r som helst, var som helst.<\/p>","protected":false},"featured_media":47531,"template":"","meta":[],"product_brand":[],"product_cat":[349,347,308],"product_tag":[],"class_list":{"0":"post-47530","1":"product","2":"type-product","3":"status-publish","4":"has-post-thumbnail","6":"product_cat-349","7":"product_cat-347","8":"product_cat-308","10":"first","11":"outofstock","12":"taxable","13":"shipping-taxable","14":"purchasable","15":"product-type-simple"},"_links":{"self":[{"href":"https:\/\/senabel.com\/sv\/wp-json\/wp\/v2\/product\/47530","targetHints":{"allow":["GET"]}}],"collection":[{"href":"https:\/\/senabel.com\/sv\/wp-json\/wp\/v2\/product"}],"about":[{"href":"https:\/\/senabel.com\/sv\/wp-json\/wp\/v2\/types\/product"}],"version-history":[{"count":5,"href":"https:\/\/senabel.com\/sv\/wp-json\/wp\/v2\/product\/47530\/revisions"}],"predecessor-version":[{"id":53170,"href":"https:\/\/senabel.com\/sv\/wp-json\/wp\/v2\/product\/47530\/revisions\/53170"}],"wp:featuredmedia":[{"embeddable":true,"href":"https:\/\/senabel.com\/sv\/wp-json\/wp\/v2\/media\/47531"}],"wp:attachment":[{"href":"https:\/\/senabel.com\/sv\/wp-json\/wp\/v2\/media?parent=47530"}],"wp:term":[{"taxonomy":"product_brand","embeddable":true,"href":"https:\/\/senabel.com\/sv\/wp-json\/wp\/v2\/product_brand?post=47530"},{"taxonomy":"product_cat","embeddable":true,"href":"https:\/\/senabel.com\/sv\/wp-json\/wp\/v2\/product_cat?post=47530"},{"taxonomy":"product_tag","embeddable":true,"href":"https:\/\/senabel.com\/sv\/wp-json\/wp\/v2\/product_tag?post=47530"}],"curies":[{"name":"wp","href":"https:\/\/api.w.org\/{rel}","templated":true}]}}