{"id":47520,"date":"2025-02-19T14:08:47","date_gmt":"2025-02-19T14:08:47","guid":{"rendered":"https:\/\/senabel.com\/?post_type=product&#038;p=47520"},"modified":"2026-01-03T16:30:08","modified_gmt":"2026-01-03T16:30:08","slug":"fargade-toffees-50-g","status":"publish","type":"product","link":"https:\/\/senabel.com\/sv\/product\/%d8%ad%d9%84%d9%88%d9%89-%d9%82%d8%a8%d8%a7%d9%82%d9%8a%d8%a8-%d9%85%d9%84%d9%88%d9%86%d8%a9-50%d8%ba\/","title":{"rendered":"F\u00e4rgade tr\u00e4skor - 50g"},"content":{"rendered":"<p data-start=\"40\" data-end=\"234\">Njut av en smak av barndomen med <strong data-start=\"80\" data-end=\"105\">F\u00e4rgglada tr\u00e4skor<\/strong>! Med ett knaprigt yttre lager och en mjuk inre textur som sm\u00e4lter i munnen finns dessa s\u00f6ta godbitar i flera olika smaker och klara f\u00e4rger som g\u00f6r varje stund lite roligare.<\/p>\n<p data-start=\"236\" data-end=\"413\"><strong data-start=\"239\" data-end=\"252\">Funktioner:<\/strong><br data-start=\"252\" data-end=\"255\" \/>\u2714 M\u00e5nga olika smaker g\u00f6r det till en njutbar upplevelse f\u00f6r dessert\u00e4lskare.<br data-start=\"300\" data-end=\"303\" \/>\u2714 En naturlig, i\u00f6gonfallande f\u00e4rg som f\u00e5ngar blicken.<br data-start=\"334\" data-end=\"337\" \/>\u2714 Smidig konsistens som sm\u00e4lter l\u00e4tt i munnen.<br data-start=\"369\" data-end=\"372\" \/>\u2714 Passar alla \u00e5ldrar och alla tillf\u00e4llen.<\/p>\n<p data-start=\"415\" data-end=\"438\"><strong data-start=\"418\" data-end=\"436\">Produktinformation:<\/strong><\/p>\n<ul data-start=\"439\" data-end=\"609\">\n<li data-start=\"439\" data-end=\"507\"><strong data-start=\"441\" data-end=\"454\">Ingredienser:<\/strong> Socker, glukos, gelatin, naturliga aromer, livsmedelsf\u00e4rg\u00e4mnen.<\/li>\n<li data-start=\"508\" data-end=\"532\"><strong data-start=\"510\" data-end=\"520\">Vikt:<\/strong> 50 gram.<\/li>\n<li data-start=\"533\" data-end=\"609\"><strong data-start=\"535\" data-end=\"553\">F\u00f6rvaringsmetoden:<\/strong> F\u00f6rvaras svalt, torrt och skyddat fr\u00e5n direkt solljus.<\/li>\n<\/ul>\n<p data-start=\"611\" data-end=\"670\" data-is-last-node=\"\"><strong data-start=\"614\" data-end=\"667\">Upplev gl\u00e4djen av smak och f\u00e4rg med dessa l\u00e4ckra dessertklossar<\/strong><\/p>","protected":false},"excerpt":{"rendered":"<p>Njut av en smak av barndomen med <strong data-start=\"80\" data-end=\"105\">F\u00e4rgglada tr\u00e4skor<\/strong>! Med ett knaprigt yttre lager och en mjuk inre textur som sm\u00e4lter i munnen finns dessa s\u00f6ta godbitar i flera olika smaker och klara f\u00e4rger som g\u00f6r varje stund lite roligare.<\/p>","protected":false},"featured_media":47521,"template":"","meta":[],"product_brand":[],"product_cat":[349,220,347],"product_tag":[],"class_list":{"0":"post-47520","1":"product","2":"type-product","3":"status-publish","4":"has-post-thumbnail","6":"product_cat-349","7":"product_cat-220","8":"product_cat-347","10":"first","11":"outofstock","12":"taxable","13":"shipping-taxable","14":"purchasable","15":"product-type-simple"},"_links":{"self":[{"href":"https:\/\/senabel.com\/sv\/wp-json\/wp\/v2\/product\/47520","targetHints":{"allow":["GET"]}}],"collection":[{"href":"https:\/\/senabel.com\/sv\/wp-json\/wp\/v2\/product"}],"about":[{"href":"https:\/\/senabel.com\/sv\/wp-json\/wp\/v2\/types\/product"}],"version-history":[{"count":2,"href":"https:\/\/senabel.com\/sv\/wp-json\/wp\/v2\/product\/47520\/revisions"}],"predecessor-version":[{"id":57234,"href":"https:\/\/senabel.com\/sv\/wp-json\/wp\/v2\/product\/47520\/revisions\/57234"}],"wp:featuredmedia":[{"embeddable":true,"href":"https:\/\/senabel.com\/sv\/wp-json\/wp\/v2\/media\/47521"}],"wp:attachment":[{"href":"https:\/\/senabel.com\/sv\/wp-json\/wp\/v2\/media?parent=47520"}],"wp:term":[{"taxonomy":"product_brand","embeddable":true,"href":"https:\/\/senabel.com\/sv\/wp-json\/wp\/v2\/product_brand?post=47520"},{"taxonomy":"product_cat","embeddable":true,"href":"https:\/\/senabel.com\/sv\/wp-json\/wp\/v2\/product_cat?post=47520"},{"taxonomy":"product_tag","embeddable":true,"href":"https:\/\/senabel.com\/sv\/wp-json\/wp\/v2\/product_tag?post=47520"}],"curies":[{"name":"wp","href":"https:\/\/api.w.org\/{rel}","templated":true}]}}