{"id":47515,"date":"2025-02-19T14:09:42","date_gmt":"2025-02-19T14:09:42","guid":{"rendered":"https:\/\/senabel.com\/?post_type=product&#038;p=47515"},"modified":"2026-05-10T14:18:16","modified_gmt":"2026-05-10T14:18:16","slug":"femto-sirapkoncentrat-710-ml","status":"publish","type":"product","link":"https:\/\/senabel.com\/sv\/product\/%d8%b4%d8%b1%d8%a7%d8%a8-%d9%81%d9%8a%d9%85%d8%aa%d9%88-%d8%a7%d9%84%d9%85%d8%b1%d9%83%d8%b2-710-%d9%85%d9%84\/","title":{"rendered":"Femto sirapkoncentrat - 710 ml"},"content":{"rendered":"<p data-start=\"38\" data-end=\"269\">Njut av smaken av friskhet med en drink <strong data-start=\"84\" data-end=\"100\">Vimto Center<\/strong> Med sin unika smak som kombinerar naturliga fruktjuicer och m\u00f6rka b\u00e4r \u00e4r det en perfekt dryck f\u00f6r hela familjen, s\u00e4rskilt under den heliga m\u00e5naden Ramadan och vid speciella tillf\u00e4llen.<\/p>\n<p data-start=\"271\" data-end=\"444\"><strong data-start=\"274\" data-end=\"287\">Funktioner:<\/strong><br data-start=\"287\" data-end=\"290\" \/>\u2714 En rik och distinkt smak som passar alla smaker.<br data-start=\"328\" data-end=\"331\" \/>\u2714 Perfekt f\u00f6r en uppfriskande kall dryck.<br data-start=\"362\" data-end=\"365\" \/>\u2714 Kan blandas med vatten eller l\u00e4sk efter smak.<br data-start=\"405\" data-end=\"408\" \/>\u2714 Fri fr\u00e5n artificiella konserveringsmedel.<\/p>\n<p data-start=\"446\" data-end=\"469\"><strong data-start=\"449\" data-end=\"467\">Produktinformation:<\/strong><\/p>\n<ul data-start=\"470\" data-end=\"706\">\n<li data-start=\"470\" data-end=\"531\"><strong data-start=\"472\" data-end=\"485\">Ingredienser:<\/strong> Naturlig fruktjuice, b\u00e4rextrakt, socker.<\/li>\n<li data-start=\"532\" data-end=\"554\"><strong data-start=\"534\" data-end=\"544\">Storlek:<\/strong> 710 ml.<\/li>\n<li data-start=\"555\" data-end=\"628\"><strong data-start=\"557\" data-end=\"577\">Hur man anv\u00e4nder den:<\/strong> Sp\u00e4d med vatten eller l\u00e4sk efter smak och servera kallt.<\/li>\n<li data-start=\"629\" data-end=\"706\"><strong data-start=\"631\" data-end=\"649\">F\u00f6rvaringsmetoden:<\/strong> F\u00f6rvaras svalt, torrt och skyddat fr\u00e5n direkt solljus.<\/li>\n<\/ul>\n<p data-start=\"708\" data-end=\"754\" data-is-last-node=\"\"><strong data-start=\"711\" data-end=\"751\">K\u00e4nn dig uppfriskad med Femto<\/strong><\/p>","protected":false},"excerpt":{"rendered":"<p>Njut av smaken av friskhet med en drink <strong data-start=\"84\" data-end=\"100\">Vimto Center<\/strong> Med sin unika smak som kombinerar naturliga fruktjuicer och m\u00f6rka b\u00e4r \u00e4r det en perfekt dryck f\u00f6r hela familjen, s\u00e4rskilt under den heliga m\u00e5naden Ramadan och vid speciella tillf\u00e4llen.<\/p>","protected":false},"featured_media":47516,"template":"","meta":[],"product_brand":[],"product_cat":[349,347],"product_tag":[],"class_list":{"0":"post-47515","1":"product","2":"type-product","3":"status-publish","4":"has-post-thumbnail","6":"product_cat-349","7":"product_cat-347","9":"first","10":"instock","11":"taxable","12":"shipping-taxable","13":"purchasable","14":"product-type-simple"},"_links":{"self":[{"href":"https:\/\/senabel.com\/sv\/wp-json\/wp\/v2\/product\/47515","targetHints":{"allow":["GET"]}}],"collection":[{"href":"https:\/\/senabel.com\/sv\/wp-json\/wp\/v2\/product"}],"about":[{"href":"https:\/\/senabel.com\/sv\/wp-json\/wp\/v2\/types\/product"}],"version-history":[{"count":1,"href":"https:\/\/senabel.com\/sv\/wp-json\/wp\/v2\/product\/47515\/revisions"}],"predecessor-version":[{"id":47519,"href":"https:\/\/senabel.com\/sv\/wp-json\/wp\/v2\/product\/47515\/revisions\/47519"}],"wp:featuredmedia":[{"embeddable":true,"href":"https:\/\/senabel.com\/sv\/wp-json\/wp\/v2\/media\/47516"}],"wp:attachment":[{"href":"https:\/\/senabel.com\/sv\/wp-json\/wp\/v2\/media?parent=47515"}],"wp:term":[{"taxonomy":"product_brand","embeddable":true,"href":"https:\/\/senabel.com\/sv\/wp-json\/wp\/v2\/product_brand?post=47515"},{"taxonomy":"product_cat","embeddable":true,"href":"https:\/\/senabel.com\/sv\/wp-json\/wp\/v2\/product_cat?post=47515"},{"taxonomy":"product_tag","embeddable":true,"href":"https:\/\/senabel.com\/sv\/wp-json\/wp\/v2\/product_tag?post=47515"}],"curies":[{"name":"wp","href":"https:\/\/api.w.org\/{rel}","templated":true}]}}