{"id":47501,"date":"2025-02-19T14:14:23","date_gmt":"2025-02-19T14:14:23","guid":{"rendered":"https:\/\/senabel.com\/?post_type=product&#038;p=47501"},"modified":"2026-04-17T03:23:39","modified_gmt":"2026-04-17T03:23:39","slug":"sesamtahini-800-g","status":"publish","type":"product","link":"https:\/\/senabel.com\/sv\/product\/%d8%b7%d8%ad%d9%8a%d9%86%d8%a9-%d8%a7%d9%84%d8%b3%d9%85%d8%b3%d9%85-800%d8%ba\/","title":{"rendered":"Sesam Tahini - 800g"},"content":{"rendered":"<p data-start=\"34\" data-end=\"222\">Denna autentiska tahini \u00e4r tillverkad av naturliga sesamfr\u00f6n av h\u00f6gsta kvalitet 100% och har en kr\u00e4mig konsistens och rik smak som \u00e4r perfekt f\u00f6r r\u00e4tter som hummus, marinader och olika s\u00e5ser.<\/p>\n<p data-start=\"224\" data-end=\"457\"><strong data-start=\"227\" data-end=\"240\">Funktioner:<\/strong><br data-start=\"240\" data-end=\"243\" \/>\u2714 Tillverkad av omsorgsfullt rostade sesamfr\u00f6n f\u00f6r en unik smak.<br data-start=\"304\" data-end=\"307\" \/>\u2714 Rik p\u00e5 nyttiga fetter och proteiner som \u00e4r bra f\u00f6r kroppen.<br data-start=\"355\" data-end=\"358\" \/>\u2714 Smidig, kr\u00e4mig konsistens som g\u00f6r den l\u00e4tt att blanda och applicera.<br data-start=\"405\" data-end=\"408\" \/>\u2714 Inga konserveringsmedel eller konstgjorda tillsatser.<\/p>\n<p data-start=\"459\" data-end=\"482\"><strong data-start=\"462\" data-end=\"480\">Produktinformation:<\/strong><\/p>\n<ul data-start=\"483\" data-end=\"619\">\n<li data-start=\"483\" data-end=\"517\"><strong data-start=\"485\" data-end=\"498\">Ingredienser:<\/strong> Naturlig Sesam 100%.<\/li>\n<li data-start=\"518\" data-end=\"542\"><strong data-start=\"520\" data-end=\"530\">Vikt:<\/strong> 800 gram.<\/li>\n<li data-start=\"543\" data-end=\"619\"><strong data-start=\"545\" data-end=\"563\">F\u00f6rvaringsmetoden:<\/strong> F\u00f6rvaras svalt, torrt och skyddat fr\u00e5n direkt solljus.<\/li>\n<\/ul>\n<p data-start=\"621\" data-end=\"675\" data-is-last-node=\"\"><strong data-start=\"624\" data-end=\"672\">L\u00e4gg till tahini p\u00e5 ditt bord f\u00f6r en h\u00e4lsosam och uts\u00f6kt smak<\/strong><\/p>","protected":false},"excerpt":{"rendered":"<p>Denna autentiska tahini \u00e4r tillverkad av naturliga sesamfr\u00f6n av h\u00f6gsta kvalitet 100% och har en kr\u00e4mig konsistens och rik smak som \u00e4r perfekt f\u00f6r r\u00e4tter som hummus, marinader och olika s\u00e5ser.<\/p>","protected":false},"featured_media":47502,"template":"","meta":[],"product_brand":[],"product_cat":[349,347],"product_tag":[],"class_list":{"0":"post-47501","1":"product","2":"type-product","3":"status-publish","4":"has-post-thumbnail","6":"product_cat-349","7":"product_cat-347","9":"first","10":"instock","11":"taxable","12":"shipping-taxable","13":"purchasable","14":"product-type-simple"},"_links":{"self":[{"href":"https:\/\/senabel.com\/sv\/wp-json\/wp\/v2\/product\/47501","targetHints":{"allow":["GET"]}}],"collection":[{"href":"https:\/\/senabel.com\/sv\/wp-json\/wp\/v2\/product"}],"about":[{"href":"https:\/\/senabel.com\/sv\/wp-json\/wp\/v2\/types\/product"}],"version-history":[{"count":6,"href":"https:\/\/senabel.com\/sv\/wp-json\/wp\/v2\/product\/47501\/revisions"}],"predecessor-version":[{"id":60866,"href":"https:\/\/senabel.com\/sv\/wp-json\/wp\/v2\/product\/47501\/revisions\/60866"}],"wp:featuredmedia":[{"embeddable":true,"href":"https:\/\/senabel.com\/sv\/wp-json\/wp\/v2\/media\/47502"}],"wp:attachment":[{"href":"https:\/\/senabel.com\/sv\/wp-json\/wp\/v2\/media?parent=47501"}],"wp:term":[{"taxonomy":"product_brand","embeddable":true,"href":"https:\/\/senabel.com\/sv\/wp-json\/wp\/v2\/product_brand?post=47501"},{"taxonomy":"product_cat","embeddable":true,"href":"https:\/\/senabel.com\/sv\/wp-json\/wp\/v2\/product_cat?post=47501"},{"taxonomy":"product_tag","embeddable":true,"href":"https:\/\/senabel.com\/sv\/wp-json\/wp\/v2\/product_tag?post=47501"}],"curies":[{"name":"wp","href":"https:\/\/api.w.org\/{rel}","templated":true}]}}