{"id":47469,"date":"2025-02-19T14:31:26","date_gmt":"2025-02-19T14:31:26","guid":{"rendered":"https:\/\/senabel.com\/?post_type=product&#038;p=47469"},"modified":"2025-04-03T20:26:30","modified_gmt":"2025-04-03T20:26:30","slug":"halawa-bashmina-typ-i-al-safwa-500g","status":"publish","type":"product","link":"https:\/\/senabel.com\/sv\/product\/%d8%ad%d9%84%d8%a7%d9%88%d8%a9-%d8%a8%d8%b4%d9%85%d9%8a%d9%86%d8%a9-%d9%86%d9%88%d8%b9-%d8%a3%d9%88%d9%84-%d8%a7%d9%84%d8%b5%d9%81%d9%88%d8%a9-500%d8%ba\/","title":{"rendered":"Halawa Bashmina Typ I - Al Safwa 500g"},"content":{"rendered":"<p data-start=\"49\" data-end=\"270\">Njut av den autentiska smaken av Al Safwas Bashmina Type 1 Halawa, som tillverkas med de b\u00e4sta naturliga ingredienserna och av experter inom den orientaliska halawa-industrin. Dess mjuka konsistens och rika smak g\u00f6r den till ett perfekt val f\u00f6r \u00e4lskare av traditionella s\u00f6tsaker.<\/p>\n<p data-start=\"272\" data-end=\"492\"><strong data-start=\"275\" data-end=\"288\">Funktioner:<\/strong><br data-start=\"288\" data-end=\"291\" \/>\u2714 Tillverkad med tahini av h\u00f6gsta kvalitet och naturligt socker.<br data-start=\"337\" data-end=\"340\" \/>\u2714 Mjuk konsistens som sm\u00e4lter i munnen med en rik och uts\u00f6kt smak.<br data-start=\"382\" data-end=\"385\" \/>\u2714 Perfekt f\u00f6r te eller kaffe n\u00e4r som helst p\u00e5 dygnet.<br data-start=\"441\" data-end=\"444\" \/>\u2714 H\u00f6gkvalitativ produkt fri fr\u00e5n artificiella tillsatser.<\/p>\n<p data-start=\"494\" data-end=\"517\"><strong data-start=\"497\" data-end=\"515\">Produktinformation:<\/strong><\/p>\n<ul data-start=\"518\" data-end=\"674\">\n<li data-start=\"518\" data-end=\"571\"><strong data-start=\"520\" data-end=\"533\">Ingredienser:<\/strong> Sesam Tahini, socker, ghee, naturliga aromer.<\/li>\n<li data-start=\"572\" data-end=\"596\"><strong data-start=\"574\" data-end=\"584\">Vikt:<\/strong> 500 gram.<\/li>\n<li data-start=\"597\" data-end=\"674\"><strong data-start=\"599\" data-end=\"617\">F\u00f6rvaringsmetoden:<\/strong> F\u00f6rvaras svalt, torrt och skyddat fr\u00e5n direkt solljus.<\/li>\n<\/ul>\n<p data-start=\"676\" data-end=\"744\" data-is-last-node=\"\"><strong data-start=\"679\" data-end=\"741\">Njut av s\u00f6tman hos Pashmina med Safwa f\u00f6r en autentisk orientalisk smak<\/strong><\/p>","protected":false},"excerpt":{"rendered":"<p>Njut av den autentiska smaken av Al Safwas Bashmina Type 1 Halawa, som tillverkas med de b\u00e4sta naturliga ingredienserna och av experter inom den orientaliska halawa-industrin. Dess mjuka konsistens och rika smak g\u00f6r den till ett perfekt val f\u00f6r \u00e4lskare av traditionella s\u00f6tsaker.<\/p>","protected":false},"featured_media":47470,"template":"","meta":[],"product_brand":[],"product_cat":[349,220,299,347],"product_tag":[],"class_list":{"0":"post-47469","1":"product","2":"type-product","3":"status-publish","4":"has-post-thumbnail","6":"product_cat-349","7":"product_cat-220","8":"product_cat-299","9":"product_cat-347","11":"first","12":"outofstock","13":"sale","14":"taxable","15":"shipping-taxable","16":"purchasable","17":"product-type-simple"},"_links":{"self":[{"href":"https:\/\/senabel.com\/sv\/wp-json\/wp\/v2\/product\/47469","targetHints":{"allow":["GET"]}}],"collection":[{"href":"https:\/\/senabel.com\/sv\/wp-json\/wp\/v2\/product"}],"about":[{"href":"https:\/\/senabel.com\/sv\/wp-json\/wp\/v2\/types\/product"}],"version-history":[{"count":1,"href":"https:\/\/senabel.com\/sv\/wp-json\/wp\/v2\/product\/47469\/revisions"}],"predecessor-version":[{"id":47473,"href":"https:\/\/senabel.com\/sv\/wp-json\/wp\/v2\/product\/47469\/revisions\/47473"}],"wp:featuredmedia":[{"embeddable":true,"href":"https:\/\/senabel.com\/sv\/wp-json\/wp\/v2\/media\/47470"}],"wp:attachment":[{"href":"https:\/\/senabel.com\/sv\/wp-json\/wp\/v2\/media?parent=47469"}],"wp:term":[{"taxonomy":"product_brand","embeddable":true,"href":"https:\/\/senabel.com\/sv\/wp-json\/wp\/v2\/product_brand?post=47469"},{"taxonomy":"product_cat","embeddable":true,"href":"https:\/\/senabel.com\/sv\/wp-json\/wp\/v2\/product_cat?post=47469"},{"taxonomy":"product_tag","embeddable":true,"href":"https:\/\/senabel.com\/sv\/wp-json\/wp\/v2\/product_tag?post=47469"}],"curies":[{"name":"wp","href":"https:\/\/api.w.org\/{rel}","templated":true}]}}