{"id":47466,"date":"2025-02-19T14:32:26","date_gmt":"2025-02-19T14:32:26","guid":{"rendered":"https:\/\/senabel.com\/?post_type=product&#038;p=47466"},"modified":"2025-04-03T15:19:44","modified_gmt":"2025-04-03T15:19:44","slug":"tamarind-durra-250g","status":"publish","type":"product","link":"https:\/\/senabel.com\/sv\/product\/%d8%aa%d9%85%d8%b1-%d9%87%d9%86%d8%af%d9%8a-%d8%a7%d9%84%d8%af%d8%b1%d8%a9-250%d8%ba\/","title":{"rendered":"Tamarind - Al Durra 250g"},"content":{"rendered":"<p data-start=\"36\" data-end=\"247\">Njut av den uppfriskande och naturliga smaken av Al Durra tamarind, tillverkad av tamarind av finaste kvalitet. Perfekt f\u00f6r att g\u00f6ra uppfriskande kalla drycker som ger smak \u00e5t dina dagar, s\u00e4rskilt under sommaren och den heliga m\u00e5naden Ramadan.<\/p>\n<p data-start=\"249\" data-end=\"473\"><strong data-start=\"252\" data-end=\"265\">Funktioner:<\/strong><br data-start=\"265\" data-end=\"268\" \/>\u2714 Naturlig tamarind 100% utan artificiella tillsatser.<br data-start=\"309\" data-end=\"312\" \/>\u2714 En h\u00e4rligt uppfriskande citrussmak som passar alla smaker.<br data-start=\"354\" data-end=\"357\" \/>\u2714 Det kan anv\u00e4ndas f\u00f6r att g\u00f6ra drycker eller l\u00e4ggas till i olika kulinariska recept.<br data-start=\"423\" data-end=\"426\" \/>\u2714 L\u00e4tt att tillaga och ger dig en unikt uppfriskande upplevelse.<\/p>\n<p data-start=\"475\" data-end=\"498\"><strong data-start=\"478\" data-end=\"496\">Produktinformation:<\/strong><\/p>\n<ul data-start=\"499\" data-end=\"728\">\n<li data-start=\"499\" data-end=\"532\"><strong data-start=\"501\" data-end=\"514\">Ingredienser:<\/strong> Naturlig tamarind.<\/li>\n<li data-start=\"533\" data-end=\"557\"><strong data-start=\"535\" data-end=\"545\">Vikt:<\/strong> 250 gram.<\/li>\n<li data-start=\"558\" data-end=\"650\"><strong data-start=\"560\" data-end=\"580\">Hur man anv\u00e4nder den:<\/strong> Bl\u00f6tl\u00e4gg tamarinden i vatten i n\u00e5gra timmar, h\u00e4ll av och s\u00f6ta efter smak.<\/li>\n<li data-start=\"651\" data-end=\"728\"><strong data-start=\"653\" data-end=\"671\">F\u00f6rvaringsmetoden:<\/strong> F\u00f6rvaras svalt, torrt och skyddat fr\u00e5n direkt solljus.<\/li>\n<\/ul>\n<p data-start=\"730\" data-end=\"795\" data-is-last-node=\"\">\u00a0<strong data-start=\"733\" data-end=\"792\">Njut av den autentiska smaken av tamarind med Al Durra n\u00e4r som helst<\/strong><\/p>","protected":false},"excerpt":{"rendered":"<p>Njut av den uppfriskande och naturliga smaken av Al Durra tamarind, tillverkad av tamarind av finaste kvalitet. Perfekt f\u00f6r att g\u00f6ra uppfriskande kalla drycker som ger smak \u00e5t dina dagar, s\u00e4rskilt under sommaren och den heliga m\u00e5naden Ramadan.<\/p>","protected":false},"featured_media":47467,"template":"","meta":[],"product_brand":[],"product_cat":[349,347],"product_tag":[],"class_list":{"0":"post-47466","1":"product","2":"type-product","3":"status-publish","4":"has-post-thumbnail","6":"product_cat-349","7":"product_cat-347","9":"first","10":"outofstock","11":"sale","12":"taxable","13":"shipping-taxable","14":"purchasable","15":"product-type-simple"},"_links":{"self":[{"href":"https:\/\/senabel.com\/sv\/wp-json\/wp\/v2\/product\/47466","targetHints":{"allow":["GET"]}}],"collection":[{"href":"https:\/\/senabel.com\/sv\/wp-json\/wp\/v2\/product"}],"about":[{"href":"https:\/\/senabel.com\/sv\/wp-json\/wp\/v2\/types\/product"}],"version-history":[{"count":1,"href":"https:\/\/senabel.com\/sv\/wp-json\/wp\/v2\/product\/47466\/revisions"}],"predecessor-version":[{"id":47468,"href":"https:\/\/senabel.com\/sv\/wp-json\/wp\/v2\/product\/47466\/revisions\/47468"}],"wp:featuredmedia":[{"embeddable":true,"href":"https:\/\/senabel.com\/sv\/wp-json\/wp\/v2\/media\/47467"}],"wp:attachment":[{"href":"https:\/\/senabel.com\/sv\/wp-json\/wp\/v2\/media?parent=47466"}],"wp:term":[{"taxonomy":"product_brand","embeddable":true,"href":"https:\/\/senabel.com\/sv\/wp-json\/wp\/v2\/product_brand?post=47466"},{"taxonomy":"product_cat","embeddable":true,"href":"https:\/\/senabel.com\/sv\/wp-json\/wp\/v2\/product_cat?post=47466"},{"taxonomy":"product_tag","embeddable":true,"href":"https:\/\/senabel.com\/sv\/wp-json\/wp\/v2\/product_tag?post=47466"}],"curies":[{"name":"wp","href":"https:\/\/api.w.org\/{rel}","templated":true}]}}