{"id":47452,"date":"2025-02-19T14:37:16","date_gmt":"2025-02-19T14:37:16","guid":{"rendered":"https:\/\/senabel.com\/?post_type=product&#038;p=47452"},"modified":"2025-07-12T13:10:58","modified_gmt":"2025-07-12T13:10:58","slug":"goralki-kex-i-flera-olika-smaker","status":"publish","type":"product","link":"https:\/\/senabel.com\/sv\/product\/%d8%a8%d8%b3%d9%83%d9%88%d9%8a%d8%aa-%d8%ac%d9%88%d8%b1%d8%a7%d9%84%d9%83%d9%8a-%d8%a8%d9%86%d9%83%d9%87%d8%a7%d8%aa-%d9%85%d8%aa%d8%b9%d8%af%d8%af%d8%a9\/","title":{"rendered":"Goralki-kex i flera olika smaker"},"content":{"rendered":"<p data-start=\"0\" data-end=\"200\">Njut av smaken av <strong data-start=\"48\" data-end=\"74\">Goralki krispiga kex<\/strong> Med en len, kr\u00e4mig fyllning, finns i flera l\u00e4ckra smaker f\u00f6r att passa alla smaker.<\/p>\n<p data-start=\"202\" data-end=\"271\" data-is-last-node=\"\">Perfekt som mellanm\u00e5l eller med varma drycker f\u00f6r en unik smakupplevelse<\/p>","protected":false},"excerpt":{"rendered":"<p data-start=\"0\" data-end=\"200\">Njut av smaken av <strong data-start=\"48\" data-end=\"74\">Goralki krispiga kex<\/strong> Med en len, kr\u00e4mig fyllning, finns i flera l\u00e4ckra smaker f\u00f6r att passa alla smaker.<\/p>\n<p data-start=\"202\" data-end=\"271\" data-is-last-node=\"\">Perfekt som mellanm\u00e5l eller med varma drycker f\u00f6r en unik smakupplevelse<\/p>","protected":false},"featured_media":47453,"template":"","meta":[],"product_brand":[],"product_cat":[349,377],"product_tag":[],"class_list":{"0":"post-47452","1":"product","2":"type-product","3":"status-publish","4":"has-post-thumbnail","6":"product_cat-349","7":"product_cat-377","9":"first","10":"outofstock","11":"taxable","12":"shipping-taxable","13":"product-type-variable"},"_links":{"self":[{"href":"https:\/\/senabel.com\/sv\/wp-json\/wp\/v2\/product\/47452","targetHints":{"allow":["GET"]}}],"collection":[{"href":"https:\/\/senabel.com\/sv\/wp-json\/wp\/v2\/product"}],"about":[{"href":"https:\/\/senabel.com\/sv\/wp-json\/wp\/v2\/types\/product"}],"version-history":[{"count":2,"href":"https:\/\/senabel.com\/sv\/wp-json\/wp\/v2\/product\/47452\/revisions"}],"predecessor-version":[{"id":47567,"href":"https:\/\/senabel.com\/sv\/wp-json\/wp\/v2\/product\/47452\/revisions\/47567"}],"wp:featuredmedia":[{"embeddable":true,"href":"https:\/\/senabel.com\/sv\/wp-json\/wp\/v2\/media\/47453"}],"wp:attachment":[{"href":"https:\/\/senabel.com\/sv\/wp-json\/wp\/v2\/media?parent=47452"}],"wp:term":[{"taxonomy":"product_brand","embeddable":true,"href":"https:\/\/senabel.com\/sv\/wp-json\/wp\/v2\/product_brand?post=47452"},{"taxonomy":"product_cat","embeddable":true,"href":"https:\/\/senabel.com\/sv\/wp-json\/wp\/v2\/product_cat?post=47452"},{"taxonomy":"product_tag","embeddable":true,"href":"https:\/\/senabel.com\/sv\/wp-json\/wp\/v2\/product_tag?post=47452"}],"curies":[{"name":"wp","href":"https:\/\/api.w.org\/{rel}","templated":true}]}}