{"id":47440,"date":"2025-02-19T14:41:21","date_gmt":"2025-02-19T14:41:21","guid":{"rendered":"https:\/\/senabel.com\/?post_type=product&#038;p=47440"},"modified":"2026-04-23T12:01:52","modified_gmt":"2026-04-23T12:01:52","slug":"vattenmelonfron-egyptiska-fron-300-g","status":"publish","type":"product","link":"https:\/\/senabel.com\/sv\/product\/%d8%a8%d8%b2%d8%b1-%d8%a8%d8%b7%d9%8a%d8%ae-%d8%a8%d8%b2%d8%b1-%d9%85%d8%b5%d8%b1%d9%8a-%d8%a7%d9%84%d8%b3%d9%85%d9%8a%d8%b1-300%d8%ba\/","title":{"rendered":"Vattenmelonfr\u00f6 (egyptiskt fr\u00f6) - Samir 300g"},"content":{"rendered":"<p data-start=\"55\" data-end=\"266\">Njut av den krispiga och salta smaken av r\u00f6dbetor med <strong data-start=\"109\" data-end=\"134\">\"Rostade och saltade vattenmelonk\u00e4rnor\"<\/strong> Fr\u00e5n <strong data-start=\"138\" data-end=\"154\">Samir br\u00f6drost<\/strong>. Dessa noggrant utvalda b\u00f6nor bereds och rostas till perfektion f\u00f6r att ge dig en rik, frisk smak f\u00f6r alla tillf\u00e4llen.<\/p>\n<p data-start=\"268\" data-end=\"499\">\ud83d\udd39 <strong data-start=\"271\" data-end=\"284\">Funktioner:<\/strong><br data-start=\"284\" data-end=\"287\" \/>\u2714 <strong data-start=\"289\" data-end=\"343\">Professionellt rostade f\u00f6r att ge dig en krispig och smakrik smak.<\/strong><br data-start=\"343\" data-end=\"346\" \/>\u2714 <strong data-start=\"348\" data-end=\"396\">Balanserat salt f\u00f6r att f\u00f6rst\u00e4rka smaken utan att vara \u00f6verdrivet.<\/strong><br data-start=\"396\" data-end=\"399\" \/>\u2714 <strong data-start=\"401\" data-end=\"453\">Perfekt f\u00f6r underh\u00e5llning under familjesammankomster och kv\u00e4llar.<\/strong><br data-start=\"453\" data-end=\"456\" \/>\u2714 <strong data-start=\"458\" data-end=\"497\">Naturlig och fri fr\u00e5n konserveringsmedel.<\/strong><\/p>\n<p data-start=\"501\" data-end=\"524\">\ud83d\udd39 <strong data-start=\"504\" data-end=\"522\">Produktinformation:<\/strong><\/p>\n<ul data-start=\"525\" data-end=\"668\">\n<li data-start=\"525\" data-end=\"562\"><strong data-start=\"527\" data-end=\"540\">Ingredienser:<\/strong> Rostade vattenmelonk\u00e4rnor, salt.<\/li>\n<li data-start=\"563\" data-end=\"591\"><strong data-start=\"565\" data-end=\"575\">Vikt:<\/strong> <strong data-start=\"576\" data-end=\"588\">300 gram<\/strong>.<\/li>\n<li data-start=\"592\" data-end=\"668\"><strong data-start=\"594\" data-end=\"612\">F\u00f6rvaringsmetoden:<\/strong> F\u00f6rvaras svalt, torrt och skyddat fr\u00e5n direkt solljus.<\/li>\n<\/ul>\n<p data-start=\"670\" data-end=\"735\" data-is-last-node=\"\"><strong data-start=\"673\" data-end=\"732\">Njut av den autentiska smaken av Al Samir n\u00e4r som helst, var som helst<\/strong><\/p>","protected":false},"excerpt":{"rendered":"<p>Njut av den krispiga och salta smaken av r\u00f6dbetor med <strong data-start=\"109\" data-end=\"134\">\"Rostade och saltade vattenmelonk\u00e4rnor\"<\/strong> Fr\u00e5n <strong data-start=\"138\" data-end=\"154\">Samir br\u00f6drost<\/strong>. Dessa noggrant utvalda b\u00f6nor bereds och rostas till perfektion f\u00f6r att ge dig en rik, frisk smak f\u00f6r alla tillf\u00e4llen.<\/p>","protected":false},"featured_media":47441,"template":"","meta":[],"product_brand":[],"product_cat":[308],"product_tag":[],"class_list":{"0":"post-47440","1":"product","2":"type-product","3":"status-publish","4":"has-post-thumbnail","6":"product_cat-308","8":"first","9":"instock","10":"taxable","11":"shipping-taxable","12":"purchasable","13":"product-type-simple"},"_links":{"self":[{"href":"https:\/\/senabel.com\/sv\/wp-json\/wp\/v2\/product\/47440","targetHints":{"allow":["GET"]}}],"collection":[{"href":"https:\/\/senabel.com\/sv\/wp-json\/wp\/v2\/product"}],"about":[{"href":"https:\/\/senabel.com\/sv\/wp-json\/wp\/v2\/types\/product"}],"version-history":[{"count":2,"href":"https:\/\/senabel.com\/sv\/wp-json\/wp\/v2\/product\/47440\/revisions"}],"predecessor-version":[{"id":47443,"href":"https:\/\/senabel.com\/sv\/wp-json\/wp\/v2\/product\/47440\/revisions\/47443"}],"wp:featuredmedia":[{"embeddable":true,"href":"https:\/\/senabel.com\/sv\/wp-json\/wp\/v2\/media\/47441"}],"wp:attachment":[{"href":"https:\/\/senabel.com\/sv\/wp-json\/wp\/v2\/media?parent=47440"}],"wp:term":[{"taxonomy":"product_brand","embeddable":true,"href":"https:\/\/senabel.com\/sv\/wp-json\/wp\/v2\/product_brand?post=47440"},{"taxonomy":"product_cat","embeddable":true,"href":"https:\/\/senabel.com\/sv\/wp-json\/wp\/v2\/product_cat?post=47440"},{"taxonomy":"product_tag","embeddable":true,"href":"https:\/\/senabel.com\/sv\/wp-json\/wp\/v2\/product_tag?post=47440"}],"curies":[{"name":"wp","href":"https:\/\/api.w.org\/{rel}","templated":true}]}}